{"id":10138,"date":"2023-05-15T14:19:31","date_gmt":"2023-05-15T14:19:31","guid":{"rendered":"https:\/\/piedracarrascoy.es\/?page_id=10138"},"modified":"2023-05-26T10:17:34","modified_gmt":"2023-05-26T10:17:34","slug":"marmoles","status":"publish","type":"page","link":"https:\/\/piedracarrascoy.es\/index.php\/marmoles\/","title":{"rendered":"Marmoles"},"content":{"rendered":"\t\t<div data-elementor-type=\"wp-page\" data-elementor-id=\"10138\" class=\"elementor elementor-10138\">\n\t\t\t\t\t\t\t\t\t<section class=\"elementor-section elementor-top-section elementor-element elementor-element-800ac93 elementor-section-boxed elementor-section-height-default elementor-section-height-default\" data-id=\"800ac93\" data-element_type=\"section\">\n\t\t\t\t\t\t<div class=\"elementor-container elementor-column-gap-default\">\n\t\t\t\t\t<div class=\"elementor-column elementor-col-100 elementor-top-column elementor-element elementor-element-8c42fe2 ot-flex-column-vertical\" data-id=\"8c42fe2\" data-element_type=\"column\">\n\t\t\t<div class=\"elementor-widget-wrap elementor-element-populated\">\n\t\t\t\t\t\t\t\t<div class=\"elementor-element elementor-element-656be33 theratio-align-center elementor-widget elementor-widget-iheading\" data-id=\"656be33\" data-element_type=\"widget\" data-widget_type=\"iheading.default\">\n\t\t\t\t<div class=\"elementor-widget-container\">\n\t\t\t\t\t<div class=\"ot-heading \">\n\t        \t            <span>[ Piedras naturales ]<\/span>\n\t        \t        <h2 class=\"main-heading\">Marmoles<\/h2>\n\t        \t    <\/div>\n\t    \t\t<\/div>\n\t\t\t\t<\/div>\n\t\t\t\t<div class=\"elementor-element elementor-element-16d26ac elementor-widget elementor-widget-text-editor\" data-id=\"16d26ac\" data-element_type=\"widget\" data-widget_type=\"text-editor.default\">\n\t\t\t\t<div class=\"elementor-widget-container\">\n\t\t\t<style>\/*! elementor - v3.13.3 - 28-05-2023 *\/\n.elementor-widget-text-editor.elementor-drop-cap-view-stacked .elementor-drop-cap{background-color:#69727d;color:#fff}.elementor-widget-text-editor.elementor-drop-cap-view-framed .elementor-drop-cap{color:#69727d;border:3px solid;background-color:transparent}.elementor-widget-text-editor:not(.elementor-drop-cap-view-default) .elementor-drop-cap{margin-top:8px}.elementor-widget-text-editor:not(.elementor-drop-cap-view-default) .elementor-drop-cap-letter{width:1em;height:1em}.elementor-widget-text-editor .elementor-drop-cap{float:left;text-align:center;line-height:1;font-size:50px}.elementor-widget-text-editor .elementor-drop-cap-letter{display:inline-block}<\/style>\t\t\t\t<p>Con sus cualidades excepcionales, est\u00e1 a la altura de las mas altas exigencias decorativas.<\/p><p>El m\u00e1rmol es sin\u00f3nimo de lujo y exclusividad. Inimitable en el mundo de la decoraci\u00f3n y la arquitectura. Fue elegido en la antig\u00fcedad para esculpir obras mas espectaculares. Se presenta en m\u00faltiples acabados y texturas.<\/p><p>Los colores del m\u00e1rmol van desde los blancos mas puros a los negros mas intensos.<\/p>\t\t\t\t\t\t<\/div>\n\t\t\t\t<\/div>\n\t\t\t\t\t<\/div>\n\t\t<\/div>\n\t\t\t\t\t\t\t<\/div>\n\t\t<\/section>\n\t\t\t\t<section class=\"elementor-section elementor-top-section elementor-element elementor-element-09d3473 elementor-section-boxed elementor-section-height-default elementor-section-height-default\" data-id=\"09d3473\" data-element_type=\"section\">\n\t\t\t\t\t\t<div class=\"elementor-container elementor-column-gap-default\">\n\t\t\t\t\t<div class=\"elementor-column elementor-col-100 elementor-top-column elementor-element elementor-element-95c9037 ot-flex-column-vertical\" data-id=\"95c9037\" data-element_type=\"column\">\n\t\t\t<div class=\"elementor-widget-wrap elementor-element-populated\">\n\t\t\t\t\t\t\t\t<div class=\"elementor-element elementor-element-ccb4b48 elementor-widget elementor-widget-shortcode\" data-id=\"ccb4b48\" data-element_type=\"widget\" data-widget_type=\"shortcode.default\">\n\t\t\t\t<div class=\"elementor-widget-container\">\n\t\t\t\t\t<div class=\"elementor-shortcode\"><div class=\"as-styles-warning\" style=\"width: 450px; background-color: #FFF; color: #F00; border: 1px solid #F00; padding: 10px; font-size: 14px;\">\n\t\t\t<span style=\"font-weight: bold;\">Warning: The stylesheets were not loaded!<\/span> \n\t\t\tYou will need to change the <i>Load stylesheets<\/i> setting from <i>Automatically<\/i> to <i>On homepage<\/i> or <i>On all pages<\/i>. \n\t\t\tYou can set that <a style=\"text-decoration: underline; color: #F00;\" href=\"https:\/\/piedracarrascoy.es\/wp-admin\/admin.php?page=accordion-slider-settings\">here<\/a>.\n\t\t\t<\/div>\r\n<div id=\"accordion-slider-1\" class=\"accordion-slider as-no-js\" style=\"width: 800px; height: 400px;\">\r\n\t<div class=\"as-panels\">\r\n\t\t\r\n\t\t<div class=\"as-panel\">\r\n\t\t\t<img loading=\"lazy\" decoding=\"async\" class=\"as-background\" src=\"https:\/\/piedracarrascoy.es\/wp-content\/uploads\/2023\/05\/1-marmol-blanco-300x209.jpg\" width=\"300\" height=\"209\" \/>\r\n\t\t\t\r\n\t\t\t<p class=\"as-layer as-always as-black as-padding as-vertical\" data-position=\"bottomLeft\">M\u00e1rmol Blanco<\/p>\r\n\t\t<\/div>\r\n\t\t<div class=\"as-panel\">\r\n\t\t\t<img loading=\"lazy\" decoding=\"async\" class=\"as-background\" src=\"https:\/\/piedracarrascoy.es\/wp-content\/uploads\/2023\/05\/2-marmol-gris-300x150.jpg\" width=\"300\" height=\"150\" \/>\r\n\t\t\t\r\n\t\t\t<p class=\"as-layer as-always as-black as-padding as-vertical\" data-position=\"bottomLeft\">M\u00e1rmol Gris<\/p>\r\n\t\t<\/div>\r\n\t\t<div class=\"as-panel\">\r\n\t\t\t<img loading=\"lazy\" decoding=\"async\" class=\"as-background\" src=\"https:\/\/piedracarrascoy.es\/wp-content\/uploads\/2023\/05\/3-marmol-crema-300x225.jpg\" width=\"300\" height=\"225\" \/>\r\n\t\t\t\r\n\t\t\t<p class=\"as-layer as-always as-black as-padding as-vertical\" data-position=\"bottomLeft\">M\u00e1rmol Crema<\/p>\r\n\t\t<\/div>\r\n\t\t<div class=\"as-panel\">\r\n\t\t\t<img loading=\"lazy\" decoding=\"async\" class=\"as-background\" src=\"https:\/\/piedracarrascoy.es\/wp-content\/uploads\/2023\/05\/4-marmol-rojo-300x300.jpg\" width=\"300\" height=\"300\" \/>\r\n\t\t\t\r\n\t\t\t<p class=\"as-layer as-always as-black as-padding as-vertical\" data-position=\"bottomLeft\">M\u00e1rmol rojo<\/p>\r\n\t\t<\/div>\r\n\t\t<div class=\"as-panel\">\r\n\t\t\t<img loading=\"lazy\" decoding=\"async\" class=\"as-background\" src=\"https:\/\/piedracarrascoy.es\/wp-content\/uploads\/2023\/05\/5-marmol-verde-1-300x300.jpg\" width=\"300\" height=\"300\" \/>\r\n\t\t\t\r\n\t\t\t<p class=\"as-layer as-always as-black as-padding as-vertical\" data-position=\"bottomLeft\">M\u00e1rmol Verde<\/p>\r\n\t\t<\/div>\r\n\t\t<div class=\"as-panel\">\r\n\t\t\t<img loading=\"lazy\" decoding=\"async\" class=\"as-background\" src=\"https:\/\/piedracarrascoy.es\/wp-content\/uploads\/2023\/05\/6-marmol-amarillo-300x300.jpg\" width=\"300\" height=\"300\" \/>\r\n\t\t\t\r\n\t\t\t<p class=\"as-layer as-always as-black as-padding as-vertical\" data-position=\"bottomLeft\">M\u00e1rmol Amarillo<\/p>\r\n\t\t<\/div>\r\n\t\t<div class=\"as-panel\">\r\n\t\t\t<img loading=\"lazy\" decoding=\"async\" class=\"as-background\" src=\"https:\/\/piedracarrascoy.es\/wp-content\/uploads\/2023\/05\/7-marmol-marron-300x225.jpg\" width=\"300\" height=\"225\" \/>\r\n\t\t\t\r\n\t\t\t<p class=\"as-layer as-always as-black as-padding as-vertical\" data-position=\"bottomLeft\">M\u00e1rmol Marr\u00f3n<\/p>\r\n\t\t<\/div>\r\n\t\t<div class=\"as-panel\">\r\n\t\t\t<img loading=\"lazy\" decoding=\"async\" class=\"as-background\" src=\"https:\/\/piedracarrascoy.es\/wp-content\/uploads\/2023\/05\/8-marmol-negro-1-300x225.jpg\" width=\"300\" height=\"225\" \/>\r\n\t\t\t\r\n\t\t\t<p class=\"as-layer as-always as-black as-padding as-vertical\" data-position=\"bottomLeft\">M\u00e1rmol Negro<\/p>\r\n\t\t<\/div>\r\n\t\t<div class=\"as-panel\">\r\n\t\t\t<img loading=\"lazy\" decoding=\"async\" class=\"as-background\" src=\"https:\/\/piedracarrascoy.es\/wp-content\/uploads\/2023\/05\/9-marmol-travertino-300x300.jpg\" width=\"300\" height=\"300\" \/>\r\n\t\t\t\r\n\t\t\t<p class=\"as-layer as-always as-black as-padding as-vertical\" data-position=\"bottomLeft\">M\u00e1rmol Travertino<\/p>\r\n\t\t<\/div>\r\n\t<\/div>\r\n<\/div><\/div>\n\t\t\t\t<\/div>\n\t\t\t\t<\/div>\n\t\t\t\t\t<\/div>\n\t\t<\/div>\n\t\t\t\t\t\t\t<\/div>\n\t\t<\/section>\n\t\t\t\t\t\t\t<\/div>\n\t\t","protected":false},"excerpt":{"rendered":"<p>[ Piedras naturales ] Marmoles Con sus cualidades excepcionales, est\u00e1 a la altura de las mas altas exigencias decorativas. El m\u00e1rmol es sin\u00f3nimo de lujo y exclusividad. Inimitable en el mundo de la decoraci\u00f3n y la arquitectura. Fue elegido en la antig\u00fcedad para esculpir obras mas espectaculares. Se presenta en m\u00faltiples acabados y texturas. Los [&hellip;]<\/p>\n","protected":false},"author":1,"featured_media":0,"parent":0,"menu_order":0,"comment_status":"closed","ping_status":"closed","template":"","meta":{"footnotes":""},"yoast_head":"<!-- This site is optimized with the Yoast SEO plugin v20.8 - https:\/\/yoast.com\/wordpress\/plugins\/seo\/ -->\n<title>Marmoles - Marmoles Carrascoy<\/title>\n<meta name=\"robots\" content=\"index, follow, max-snippet:-1, max-image-preview:large, max-video-preview:-1\" \/>\n<link rel=\"canonical\" href=\"https:\/\/piedracarrascoy.es\/index.php\/marmoles\/\" \/>\n<meta property=\"og:locale\" content=\"es_ES\" \/>\n<meta property=\"og:type\" content=\"article\" \/>\n<meta property=\"og:title\" content=\"Marmoles - Marmoles Carrascoy\" \/>\n<meta property=\"og:description\" content=\"[ Piedras naturales ] Marmoles Con sus cualidades excepcionales, est\u00e1 a la altura de las mas altas exigencias decorativas. El m\u00e1rmol es sin\u00f3nimo de lujo y exclusividad. Inimitable en el mundo de la decoraci\u00f3n y la arquitectura. Fue elegido en la antig\u00fcedad para esculpir obras mas espectaculares. Se presenta en m\u00faltiples acabados y texturas. Los [&hellip;]\" \/>\n<meta property=\"og:url\" content=\"https:\/\/piedracarrascoy.es\/index.php\/marmoles\/\" \/>\n<meta property=\"og:site_name\" content=\"Marmoles Carrascoy\" \/>\n<meta property=\"article:modified_time\" content=\"2023-05-26T10:17:34+00:00\" \/>\n<meta name=\"twitter:card\" content=\"summary_large_image\" \/>\n<meta name=\"twitter:label1\" content=\"Tiempo de lectura\" \/>\n\t<meta name=\"twitter:data1\" content=\"3 minutos\" \/>\n<script type=\"application\/ld+json\" class=\"yoast-schema-graph\">{\"@context\":\"https:\/\/schema.org\",\"@graph\":[{\"@type\":\"WebPage\",\"@id\":\"https:\/\/piedracarrascoy.es\/index.php\/marmoles\/\",\"url\":\"https:\/\/piedracarrascoy.es\/index.php\/marmoles\/\",\"name\":\"Marmoles - Marmoles Carrascoy\",\"isPartOf\":{\"@id\":\"https:\/\/piedracarrascoy.es\/#website\"},\"datePublished\":\"2023-05-15T14:19:31+00:00\",\"dateModified\":\"2023-05-26T10:17:34+00:00\",\"breadcrumb\":{\"@id\":\"https:\/\/piedracarrascoy.es\/index.php\/marmoles\/#breadcrumb\"},\"inLanguage\":\"es\",\"potentialAction\":[{\"@type\":\"ReadAction\",\"target\":[\"https:\/\/piedracarrascoy.es\/index.php\/marmoles\/\"]}]},{\"@type\":\"BreadcrumbList\",\"@id\":\"https:\/\/piedracarrascoy.es\/index.php\/marmoles\/#breadcrumb\",\"itemListElement\":[{\"@type\":\"ListItem\",\"position\":1,\"name\":\"Portada\",\"item\":\"https:\/\/piedracarrascoy.es\/\"},{\"@type\":\"ListItem\",\"position\":2,\"name\":\"Marmoles\"}]},{\"@type\":\"WebSite\",\"@id\":\"https:\/\/piedracarrascoy.es\/#website\",\"url\":\"https:\/\/piedracarrascoy.es\/\",\"name\":\"Marmoles Carrascoy\",\"description\":\"Marmoles\",\"potentialAction\":[{\"@type\":\"SearchAction\",\"target\":{\"@type\":\"EntryPoint\",\"urlTemplate\":\"https:\/\/piedracarrascoy.es\/?s={search_term_string}\"},\"query-input\":\"required name=search_term_string\"}],\"inLanguage\":\"es\"}]}<\/script>\n<!-- \/ Yoast SEO plugin. -->","yoast_head_json":{"title":"Marmoles - Marmoles Carrascoy","robots":{"index":"index","follow":"follow","max-snippet":"max-snippet:-1","max-image-preview":"max-image-preview:large","max-video-preview":"max-video-preview:-1"},"canonical":"https:\/\/piedracarrascoy.es\/index.php\/marmoles\/","og_locale":"es_ES","og_type":"article","og_title":"Marmoles - Marmoles Carrascoy","og_description":"[ Piedras naturales ] Marmoles Con sus cualidades excepcionales, est\u00e1 a la altura de las mas altas exigencias decorativas. El m\u00e1rmol es sin\u00f3nimo de lujo y exclusividad. Inimitable en el mundo de la decoraci\u00f3n y la arquitectura. Fue elegido en la antig\u00fcedad para esculpir obras mas espectaculares. Se presenta en m\u00faltiples acabados y texturas. Los [&hellip;]","og_url":"https:\/\/piedracarrascoy.es\/index.php\/marmoles\/","og_site_name":"Marmoles Carrascoy","article_modified_time":"2023-05-26T10:17:34+00:00","twitter_card":"summary_large_image","twitter_misc":{"Tiempo de lectura":"3 minutos"},"schema":{"@context":"https:\/\/schema.org","@graph":[{"@type":"WebPage","@id":"https:\/\/piedracarrascoy.es\/index.php\/marmoles\/","url":"https:\/\/piedracarrascoy.es\/index.php\/marmoles\/","name":"Marmoles - Marmoles Carrascoy","isPartOf":{"@id":"https:\/\/piedracarrascoy.es\/#website"},"datePublished":"2023-05-15T14:19:31+00:00","dateModified":"2023-05-26T10:17:34+00:00","breadcrumb":{"@id":"https:\/\/piedracarrascoy.es\/index.php\/marmoles\/#breadcrumb"},"inLanguage":"es","potentialAction":[{"@type":"ReadAction","target":["https:\/\/piedracarrascoy.es\/index.php\/marmoles\/"]}]},{"@type":"BreadcrumbList","@id":"https:\/\/piedracarrascoy.es\/index.php\/marmoles\/#breadcrumb","itemListElement":[{"@type":"ListItem","position":1,"name":"Portada","item":"https:\/\/piedracarrascoy.es\/"},{"@type":"ListItem","position":2,"name":"Marmoles"}]},{"@type":"WebSite","@id":"https:\/\/piedracarrascoy.es\/#website","url":"https:\/\/piedracarrascoy.es\/","name":"Marmoles Carrascoy","description":"Marmoles","potentialAction":[{"@type":"SearchAction","target":{"@type":"EntryPoint","urlTemplate":"https:\/\/piedracarrascoy.es\/?s={search_term_string}"},"query-input":"required name=search_term_string"}],"inLanguage":"es"}]}},"_links":{"self":[{"href":"https:\/\/piedracarrascoy.es\/index.php\/wp-json\/wp\/v2\/pages\/10138"}],"collection":[{"href":"https:\/\/piedracarrascoy.es\/index.php\/wp-json\/wp\/v2\/pages"}],"about":[{"href":"https:\/\/piedracarrascoy.es\/index.php\/wp-json\/wp\/v2\/types\/page"}],"author":[{"embeddable":true,"href":"https:\/\/piedracarrascoy.es\/index.php\/wp-json\/wp\/v2\/users\/1"}],"replies":[{"embeddable":true,"href":"https:\/\/piedracarrascoy.es\/index.php\/wp-json\/wp\/v2\/comments?post=10138"}],"version-history":[{"count":22,"href":"https:\/\/piedracarrascoy.es\/index.php\/wp-json\/wp\/v2\/pages\/10138\/revisions"}],"predecessor-version":[{"id":11517,"href":"https:\/\/piedracarrascoy.es\/index.php\/wp-json\/wp\/v2\/pages\/10138\/revisions\/11517"}],"wp:attachment":[{"href":"https:\/\/piedracarrascoy.es\/index.php\/wp-json\/wp\/v2\/media?parent=10138"}],"curies":[{"name":"wp","href":"https:\/\/api.w.org\/{rel}","templated":true}]}}