{"id":10142,"date":"2023-05-15T14:19:31","date_gmt":"2023-05-15T14:19:31","guid":{"rendered":"https:\/\/piedracarrascoy.es\/?page_id=10142"},"modified":"2023-05-31T06:37:51","modified_gmt":"2023-05-31T06:37:51","slug":"ascale","status":"publish","type":"page","link":"https:\/\/piedracarrascoy.es\/index.php\/ascale\/","title":{"rendered":"Ascale"},"content":{"rendered":"\t\t<div data-elementor-type=\"wp-page\" data-elementor-id=\"10142\" class=\"elementor elementor-10142\">\n\t\t\t\t\t\t\t\t\t<section class=\"elementor-section elementor-top-section elementor-element elementor-element-f732fb2 elementor-section-boxed elementor-section-height-default elementor-section-height-default\" data-id=\"f732fb2\" data-element_type=\"section\">\n\t\t\t\t\t\t<div class=\"elementor-container elementor-column-gap-default\">\n\t\t\t\t\t<div class=\"elementor-column elementor-col-100 elementor-top-column elementor-element elementor-element-8660aff ot-flex-column-vertical\" data-id=\"8660aff\" data-element_type=\"column\">\n\t\t\t<div class=\"elementor-widget-wrap elementor-element-populated\">\n\t\t\t\t\t\t\t\t<div class=\"elementor-element elementor-element-2deb29b theratio-align-center elementor-widget elementor-widget-iheading\" data-id=\"2deb29b\" data-element_type=\"widget\" data-widget_type=\"iheading.default\">\n\t\t\t\t<div class=\"elementor-widget-container\">\n\t\t\t\t\t<div class=\"ot-heading \">\n\t        \t            <span>[ Porcelanicos ]<\/span>\n\t        \t        <h2 class=\"main-heading\">Ascale<\/h2>\n\t        \t    <\/div>\n\t    \t\t<\/div>\n\t\t\t\t<\/div>\n\t\t\t\t<div class=\"elementor-element elementor-element-03b53d0 elementor-widget elementor-widget-text-editor\" data-id=\"03b53d0\" data-element_type=\"widget\" data-widget_type=\"text-editor.default\">\n\t\t\t\t<div class=\"elementor-widget-container\">\n\t\t\t<style>\/*! elementor - v3.13.3 - 28-05-2023 *\/\n.elementor-widget-text-editor.elementor-drop-cap-view-stacked .elementor-drop-cap{background-color:#69727d;color:#fff}.elementor-widget-text-editor.elementor-drop-cap-view-framed .elementor-drop-cap{color:#69727d;border:3px solid;background-color:transparent}.elementor-widget-text-editor:not(.elementor-drop-cap-view-default) .elementor-drop-cap{margin-top:8px}.elementor-widget-text-editor:not(.elementor-drop-cap-view-default) .elementor-drop-cap-letter{width:1em;height:1em}.elementor-widget-text-editor .elementor-drop-cap{float:left;text-align:center;line-height:1;font-size:50px}.elementor-widget-text-editor .elementor-drop-cap-letter{display:inline-block}<\/style>\t\t\t\t<p>La piedra porcel\u00e1nica Ascale combina la belleza est\u00e9tica con una durabilidad excepcional. Gracias a su composici\u00f3n \u00fanica y su proceso de fabricaci\u00f3n avanzado, Ascale ofrece una resistencia superior al desgaste, los rayones y las manchas. Su superficie lisa y uniforme es f\u00e1cil de limpiar y mantener, lo que la convierte en una opci\u00f3n ideal para espacios que requieren un alto rendimiento y una apariencia impecable a lo largo del tiempo.<\/p><p>La gama de colores y acabados de Ascale est\u00e1 dise\u00f1ada para satisfacer los gustos m\u00e1s exigentes. Desde tonos neutros y suaves hasta dise\u00f1os m\u00e1s audaces y vanguardistas, Ascale te permite crear ambientes \u00fanicos y sofisticados que reflejen tu estilo personal y se adapten a cualquier concepto de dise\u00f1o.<\/p><p>Adem\u00e1s de su est\u00e9tica impresionante, la piedra porcel\u00e1nica Ascale destaca por su versatilidad. Puede ser utilizada en una variedad de aplicaciones, desde revestimientos de paredes y suelos hasta encimeras y elementos decorativos. Su resistencia a la humedad y las temperaturas extremas la hace adecuada tanto para interiores como para exteriores, brindando un aspecto elegante y duradero en cualquier entorno.<\/p>\t\t\t\t\t\t<\/div>\n\t\t\t\t<\/div>\n\t\t\t\t\t<\/div>\n\t\t<\/div>\n\t\t\t\t\t\t\t<\/div>\n\t\t<\/section>\n\t\t\t\t<section class=\"elementor-section elementor-top-section elementor-element elementor-element-4a0dfac elementor-section-boxed elementor-section-height-default elementor-section-height-default\" data-id=\"4a0dfac\" data-element_type=\"section\">\n\t\t\t\t\t\t<div class=\"elementor-container elementor-column-gap-default\">\n\t\t\t\t\t<div class=\"elementor-column elementor-col-100 elementor-top-column elementor-element elementor-element-9f836e8 ot-flex-column-vertical\" data-id=\"9f836e8\" data-element_type=\"column\">\n\t\t\t<div class=\"elementor-widget-wrap elementor-element-populated\">\n\t\t\t\t\t\t\t\t<div class=\"elementor-element elementor-element-a1c8408 elementor-widget elementor-widget-shortcode\" data-id=\"a1c8408\" data-element_type=\"widget\" data-widget_type=\"shortcode.default\">\n\t\t\t\t<div class=\"elementor-widget-container\">\n\t\t\t\t\t<div class=\"elementor-shortcode\"><div class=\"as-styles-warning\" style=\"width: 450px; background-color: #FFF; color: #F00; border: 1px solid #F00; padding: 10px; font-size: 14px;\">\n\t\t\t<span style=\"font-weight: bold;\">Warning: The stylesheets were not loaded!<\/span> \n\t\t\tYou will need to change the <i>Load stylesheets<\/i> setting from <i>Automatically<\/i> to <i>On homepage<\/i> or <i>On all pages<\/i>. \n\t\t\tYou can set that <a style=\"text-decoration: underline; color: #F00;\" href=\"https:\/\/piedracarrascoy.es\/wp-admin\/admin.php?page=accordion-slider-settings\">here<\/a>.\n\t\t\t<\/div>\r\n<div id=\"accordion-slider-16\" class=\"accordion-slider as-no-js\" style=\"width: 800px; height: 400px;\">\r\n\t<div class=\"as-panels\">\r\n\t\t\r\n\t\t<div class=\"as-panel\">\r\n\t\t\t<img loading=\"lazy\" decoding=\"async\" class=\"as-background\" src=\"https:\/\/piedracarrascoy.es\/wp-content\/uploads\/2023\/05\/ascale-300x134.jpg\" width=\"300\" height=\"134\" \/>\r\n\t\t\t\r\n\t\t\t<p class=\"as-layer as-always as-black as-padding as-vertical\" data-position=\"bottomLeft\">Ascale<\/p>\r\n\t\t<\/div>\r\n\t<\/div>\r\n<\/div><\/div>\n\t\t\t\t<\/div>\n\t\t\t\t<\/div>\n\t\t\t\t\t<\/div>\n\t\t<\/div>\n\t\t\t\t\t\t\t<\/div>\n\t\t<\/section>\n\t\t\t\t\t\t\t<\/div>\n\t\t","protected":false},"excerpt":{"rendered":"<p>[ Porcelanicos ] Ascale La piedra porcel\u00e1nica Ascale combina la belleza est\u00e9tica con una durabilidad excepcional. Gracias a su composici\u00f3n \u00fanica y su proceso de fabricaci\u00f3n avanzado, Ascale ofrece una resistencia superior al desgaste, los rayones y las manchas. Su superficie lisa y uniforme es f\u00e1cil de limpiar y mantener, lo que la convierte en [&hellip;]<\/p>\n","protected":false},"author":1,"featured_media":0,"parent":0,"menu_order":0,"comment_status":"closed","ping_status":"closed","template":"","meta":{"footnotes":""},"yoast_head":"<!-- This site is optimized with the Yoast SEO plugin v20.8 - https:\/\/yoast.com\/wordpress\/plugins\/seo\/ -->\n<title>Ascale - Marmoles Carrascoy<\/title>\n<meta name=\"robots\" content=\"index, follow, max-snippet:-1, max-image-preview:large, max-video-preview:-1\" \/>\n<link rel=\"canonical\" href=\"https:\/\/piedracarrascoy.es\/index.php\/ascale\/\" \/>\n<meta property=\"og:locale\" content=\"es_ES\" \/>\n<meta property=\"og:type\" content=\"article\" \/>\n<meta property=\"og:title\" content=\"Ascale - Marmoles Carrascoy\" \/>\n<meta property=\"og:description\" content=\"[ Porcelanicos ] Ascale La piedra porcel\u00e1nica Ascale combina la belleza est\u00e9tica con una durabilidad excepcional. Gracias a su composici\u00f3n \u00fanica y su proceso de fabricaci\u00f3n avanzado, Ascale ofrece una resistencia superior al desgaste, los rayones y las manchas. Su superficie lisa y uniforme es f\u00e1cil de limpiar y mantener, lo que la convierte en [&hellip;]\" \/>\n<meta property=\"og:url\" content=\"https:\/\/piedracarrascoy.es\/index.php\/ascale\/\" \/>\n<meta property=\"og:site_name\" content=\"Marmoles Carrascoy\" \/>\n<meta property=\"article:modified_time\" content=\"2023-05-31T06:37:51+00:00\" \/>\n<meta name=\"twitter:card\" content=\"summary_large_image\" \/>\n<meta name=\"twitter:label1\" content=\"Tiempo de lectura\" \/>\n\t<meta name=\"twitter:data1\" content=\"2 minutos\" \/>\n<script type=\"application\/ld+json\" class=\"yoast-schema-graph\">{\"@context\":\"https:\/\/schema.org\",\"@graph\":[{\"@type\":\"WebPage\",\"@id\":\"https:\/\/piedracarrascoy.es\/index.php\/ascale\/\",\"url\":\"https:\/\/piedracarrascoy.es\/index.php\/ascale\/\",\"name\":\"Ascale - Marmoles Carrascoy\",\"isPartOf\":{\"@id\":\"https:\/\/piedracarrascoy.es\/#website\"},\"datePublished\":\"2023-05-15T14:19:31+00:00\",\"dateModified\":\"2023-05-31T06:37:51+00:00\",\"breadcrumb\":{\"@id\":\"https:\/\/piedracarrascoy.es\/index.php\/ascale\/#breadcrumb\"},\"inLanguage\":\"es\",\"potentialAction\":[{\"@type\":\"ReadAction\",\"target\":[\"https:\/\/piedracarrascoy.es\/index.php\/ascale\/\"]}]},{\"@type\":\"BreadcrumbList\",\"@id\":\"https:\/\/piedracarrascoy.es\/index.php\/ascale\/#breadcrumb\",\"itemListElement\":[{\"@type\":\"ListItem\",\"position\":1,\"name\":\"Portada\",\"item\":\"https:\/\/piedracarrascoy.es\/\"},{\"@type\":\"ListItem\",\"position\":2,\"name\":\"Ascale\"}]},{\"@type\":\"WebSite\",\"@id\":\"https:\/\/piedracarrascoy.es\/#website\",\"url\":\"https:\/\/piedracarrascoy.es\/\",\"name\":\"Marmoles Carrascoy\",\"description\":\"Marmoles\",\"potentialAction\":[{\"@type\":\"SearchAction\",\"target\":{\"@type\":\"EntryPoint\",\"urlTemplate\":\"https:\/\/piedracarrascoy.es\/?s={search_term_string}\"},\"query-input\":\"required name=search_term_string\"}],\"inLanguage\":\"es\"}]}<\/script>\n<!-- \/ Yoast SEO plugin. -->","yoast_head_json":{"title":"Ascale - Marmoles Carrascoy","robots":{"index":"index","follow":"follow","max-snippet":"max-snippet:-1","max-image-preview":"max-image-preview:large","max-video-preview":"max-video-preview:-1"},"canonical":"https:\/\/piedracarrascoy.es\/index.php\/ascale\/","og_locale":"es_ES","og_type":"article","og_title":"Ascale - Marmoles Carrascoy","og_description":"[ Porcelanicos ] Ascale La piedra porcel\u00e1nica Ascale combina la belleza est\u00e9tica con una durabilidad excepcional. Gracias a su composici\u00f3n \u00fanica y su proceso de fabricaci\u00f3n avanzado, Ascale ofrece una resistencia superior al desgaste, los rayones y las manchas. Su superficie lisa y uniforme es f\u00e1cil de limpiar y mantener, lo que la convierte en [&hellip;]","og_url":"https:\/\/piedracarrascoy.es\/index.php\/ascale\/","og_site_name":"Marmoles Carrascoy","article_modified_time":"2023-05-31T06:37:51+00:00","twitter_card":"summary_large_image","twitter_misc":{"Tiempo de lectura":"2 minutos"},"schema":{"@context":"https:\/\/schema.org","@graph":[{"@type":"WebPage","@id":"https:\/\/piedracarrascoy.es\/index.php\/ascale\/","url":"https:\/\/piedracarrascoy.es\/index.php\/ascale\/","name":"Ascale - Marmoles Carrascoy","isPartOf":{"@id":"https:\/\/piedracarrascoy.es\/#website"},"datePublished":"2023-05-15T14:19:31+00:00","dateModified":"2023-05-31T06:37:51+00:00","breadcrumb":{"@id":"https:\/\/piedracarrascoy.es\/index.php\/ascale\/#breadcrumb"},"inLanguage":"es","potentialAction":[{"@type":"ReadAction","target":["https:\/\/piedracarrascoy.es\/index.php\/ascale\/"]}]},{"@type":"BreadcrumbList","@id":"https:\/\/piedracarrascoy.es\/index.php\/ascale\/#breadcrumb","itemListElement":[{"@type":"ListItem","position":1,"name":"Portada","item":"https:\/\/piedracarrascoy.es\/"},{"@type":"ListItem","position":2,"name":"Ascale"}]},{"@type":"WebSite","@id":"https:\/\/piedracarrascoy.es\/#website","url":"https:\/\/piedracarrascoy.es\/","name":"Marmoles Carrascoy","description":"Marmoles","potentialAction":[{"@type":"SearchAction","target":{"@type":"EntryPoint","urlTemplate":"https:\/\/piedracarrascoy.es\/?s={search_term_string}"},"query-input":"required name=search_term_string"}],"inLanguage":"es"}]}},"_links":{"self":[{"href":"https:\/\/piedracarrascoy.es\/index.php\/wp-json\/wp\/v2\/pages\/10142"}],"collection":[{"href":"https:\/\/piedracarrascoy.es\/index.php\/wp-json\/wp\/v2\/pages"}],"about":[{"href":"https:\/\/piedracarrascoy.es\/index.php\/wp-json\/wp\/v2\/types\/page"}],"author":[{"embeddable":true,"href":"https:\/\/piedracarrascoy.es\/index.php\/wp-json\/wp\/v2\/users\/1"}],"replies":[{"embeddable":true,"href":"https:\/\/piedracarrascoy.es\/index.php\/wp-json\/wp\/v2\/comments?post=10142"}],"version-history":[{"count":10,"href":"https:\/\/piedracarrascoy.es\/index.php\/wp-json\/wp\/v2\/pages\/10142\/revisions"}],"predecessor-version":[{"id":11822,"href":"https:\/\/piedracarrascoy.es\/index.php\/wp-json\/wp\/v2\/pages\/10142\/revisions\/11822"}],"wp:attachment":[{"href":"https:\/\/piedracarrascoy.es\/index.php\/wp-json\/wp\/v2\/media?parent=10142"}],"curies":[{"name":"wp","href":"https:\/\/api.w.org\/{rel}","templated":true}]}}