{"id":10143,"date":"2023-05-15T14:19:31","date_gmt":"2023-05-15T14:19:31","guid":{"rendered":"https:\/\/piedracarrascoy.es\/?page_id=10143"},"modified":"2023-05-31T06:39:12","modified_gmt":"2023-05-31T06:39:12","slug":"compac","status":"publish","type":"page","link":"https:\/\/piedracarrascoy.es\/index.php\/compac\/","title":{"rendered":"Compac"},"content":{"rendered":"\t\t<div data-elementor-type=\"wp-page\" data-elementor-id=\"10143\" class=\"elementor elementor-10143\">\n\t\t\t\t\t\t\t\t\t<section class=\"elementor-section elementor-top-section elementor-element elementor-element-46251b6 elementor-section-boxed elementor-section-height-default elementor-section-height-default\" data-id=\"46251b6\" data-element_type=\"section\">\n\t\t\t\t\t\t<div class=\"elementor-container elementor-column-gap-default\">\n\t\t\t\t\t<div class=\"elementor-column elementor-col-100 elementor-top-column elementor-element elementor-element-7143002 ot-flex-column-vertical\" data-id=\"7143002\" data-element_type=\"column\">\n\t\t\t<div class=\"elementor-widget-wrap elementor-element-populated\">\n\t\t\t\t\t\t\t\t<div class=\"elementor-element elementor-element-0ff570b theratio-align-center elementor-widget elementor-widget-iheading\" data-id=\"0ff570b\" data-element_type=\"widget\" data-widget_type=\"iheading.default\">\n\t\t\t\t<div class=\"elementor-widget-container\">\n\t\t\t\t\t<div class=\"ot-heading \">\n\t        \t            <span>[ Cuarzo Compacto ]<\/span>\n\t        \t        <h2 class=\"main-heading\">Compac<\/h2>\n\t        \t    <\/div>\n\t    \t\t<\/div>\n\t\t\t\t<\/div>\n\t\t\t\t<div class=\"elementor-element elementor-element-2677b32 elementor-widget elementor-widget-text-editor\" data-id=\"2677b32\" data-element_type=\"widget\" data-widget_type=\"text-editor.default\">\n\t\t\t\t<div class=\"elementor-widget-container\">\n\t\t\t<style>\/*! elementor - v3.13.3 - 28-05-2023 *\/\n.elementor-widget-text-editor.elementor-drop-cap-view-stacked .elementor-drop-cap{background-color:#69727d;color:#fff}.elementor-widget-text-editor.elementor-drop-cap-view-framed .elementor-drop-cap{color:#69727d;border:3px solid;background-color:transparent}.elementor-widget-text-editor:not(.elementor-drop-cap-view-default) .elementor-drop-cap{margin-top:8px}.elementor-widget-text-editor:not(.elementor-drop-cap-view-default) .elementor-drop-cap-letter{width:1em;height:1em}.elementor-widget-text-editor .elementor-drop-cap{float:left;text-align:center;line-height:1;font-size:50px}.elementor-widget-text-editor .elementor-drop-cap-letter{display:inline-block}<\/style>\t\t\t\t<p>El cuarzo compacto Compac es el resultado de la combinaci\u00f3n perfecta entre la naturaleza y la tecnolog\u00eda. El cuarzo natural se mezcla con resinas de alta calidad y pigmentos para crear una superficie compacta y homog\u00e9nea, que conserva la belleza intr\u00ednseca del cuarzo y ofrece una resistencia superior a las manchas, los rayones y las altas temperaturas.<\/p><p>La amplia gama de colores y texturas disponibles en Compac te permite crear espacios personalizados y adaptados a tus gustos y necesidades. Desde tonos suaves y neutros hasta dise\u00f1os audaces y llamativos, Compac ofrece opciones para todo tipo de estilos y conceptos de dise\u00f1o.<\/p><p>Adem\u00e1s de su apariencia impresionante, el cuarzo compacto Compac es extremadamente funcional. Su superficie no porosa y de baja absorci\u00f3n de l\u00edquidos la convierte en una opci\u00f3n higi\u00e9nica y de f\u00e1cil mantenimiento. Es resistente a las manchas, lo que la hace ideal para \u00e1reas de alto tr\u00e1fico y cocinas donde se requiere una limpieza frecuente.<\/p><p>Compac tambi\u00e9n destaca por su versatilidad en aplicaciones. Puede ser utilizado en encimeras de cocina y ba\u00f1o, mesas, revestimientos de paredes y suelos, y mucho m\u00e1s. Su resistencia a la humedad y a las sustancias qu\u00edmicas la convierte en una opci\u00f3n duradera tanto para interiores como para exteriores.<\/p>\t\t\t\t\t\t<\/div>\n\t\t\t\t<\/div>\n\t\t\t\t\t<\/div>\n\t\t<\/div>\n\t\t\t\t\t\t\t<\/div>\n\t\t<\/section>\n\t\t\t\t<section class=\"elementor-section elementor-top-section elementor-element elementor-element-f205680 elementor-section-boxed elementor-section-height-default elementor-section-height-default\" data-id=\"f205680\" data-element_type=\"section\">\n\t\t\t\t\t\t<div class=\"elementor-container elementor-column-gap-default\">\n\t\t\t\t\t<div class=\"elementor-column elementor-col-100 elementor-top-column elementor-element elementor-element-6574e84 ot-flex-column-vertical\" data-id=\"6574e84\" data-element_type=\"column\">\n\t\t\t<div class=\"elementor-widget-wrap elementor-element-populated\">\n\t\t\t\t\t\t\t\t<div class=\"elementor-element elementor-element-06a27e6 elementor-widget elementor-widget-shortcode\" data-id=\"06a27e6\" data-element_type=\"widget\" data-widget_type=\"shortcode.default\">\n\t\t\t\t<div class=\"elementor-widget-container\">\n\t\t\t\t\t<div class=\"elementor-shortcode\"><div class=\"as-styles-warning\" style=\"width: 450px; background-color: #FFF; color: #F00; border: 1px solid #F00; padding: 10px; font-size: 14px;\">\n\t\t\t<span style=\"font-weight: bold;\">Warning: The stylesheets were not loaded!<\/span> \n\t\t\tYou will need to change the <i>Load stylesheets<\/i> setting from <i>Automatically<\/i> to <i>On homepage<\/i> or <i>On all pages<\/i>. \n\t\t\tYou can set that <a style=\"text-decoration: underline; color: #F00;\" href=\"https:\/\/piedracarrascoy.es\/wp-admin\/admin.php?page=accordion-slider-settings\">here<\/a>.\n\t\t\t<\/div>\r\n<div id=\"accordion-slider-17\" class=\"accordion-slider as-no-js\" style=\"width: 800px; height: 400px;\">\r\n\t<div class=\"as-panels\">\r\n\t\t\r\n\t\t<div class=\"as-panel\">\r\n\t\t\t<img loading=\"lazy\" decoding=\"async\" class=\"as-background\" src=\"https:\/\/piedracarrascoy.es\/wp-content\/uploads\/2023\/05\/compac-300x120.jpg\" width=\"300\" height=\"120\" \/>\r\n\t\t\t\r\n\t\t\t<p class=\"as-layer as-always as-black as-padding as-vertical\" data-position=\"bottomLeft\">Compac<\/p>\r\n\t\t<\/div>\r\n\t<\/div>\r\n<\/div><\/div>\n\t\t\t\t<\/div>\n\t\t\t\t<\/div>\n\t\t\t\t\t<\/div>\n\t\t<\/div>\n\t\t\t\t\t\t\t<\/div>\n\t\t<\/section>\n\t\t\t\t\t\t\t<\/div>\n\t\t","protected":false},"excerpt":{"rendered":"<p>[ Cuarzo Compacto ] Compac El cuarzo compacto Compac es el resultado de la combinaci\u00f3n perfecta entre la naturaleza y la tecnolog\u00eda. El cuarzo natural se mezcla con resinas de alta calidad y pigmentos para crear una superficie compacta y homog\u00e9nea, que conserva la belleza intr\u00ednseca del cuarzo y ofrece una resistencia superior a las [&hellip;]<\/p>\n","protected":false},"author":1,"featured_media":0,"parent":0,"menu_order":0,"comment_status":"closed","ping_status":"closed","template":"","meta":{"footnotes":""},"yoast_head":"<!-- This site is optimized with the Yoast SEO plugin v20.8 - https:\/\/yoast.com\/wordpress\/plugins\/seo\/ -->\n<title>Compac - Marmoles Carrascoy<\/title>\n<meta name=\"robots\" content=\"index, follow, max-snippet:-1, max-image-preview:large, max-video-preview:-1\" \/>\n<link rel=\"canonical\" href=\"https:\/\/piedracarrascoy.es\/index.php\/compac\/\" \/>\n<meta property=\"og:locale\" content=\"es_ES\" \/>\n<meta property=\"og:type\" content=\"article\" \/>\n<meta property=\"og:title\" content=\"Compac - Marmoles Carrascoy\" \/>\n<meta property=\"og:description\" content=\"[ Cuarzo Compacto ] Compac El cuarzo compacto Compac es el resultado de la combinaci\u00f3n perfecta entre la naturaleza y la tecnolog\u00eda. El cuarzo natural se mezcla con resinas de alta calidad y pigmentos para crear una superficie compacta y homog\u00e9nea, que conserva la belleza intr\u00ednseca del cuarzo y ofrece una resistencia superior a las [&hellip;]\" \/>\n<meta property=\"og:url\" content=\"https:\/\/piedracarrascoy.es\/index.php\/compac\/\" \/>\n<meta property=\"og:site_name\" content=\"Marmoles Carrascoy\" \/>\n<meta property=\"article:modified_time\" content=\"2023-05-31T06:39:12+00:00\" \/>\n<meta name=\"twitter:card\" content=\"summary_large_image\" \/>\n<meta name=\"twitter:label1\" content=\"Tiempo de lectura\" \/>\n\t<meta name=\"twitter:data1\" content=\"2 minutos\" \/>\n<script type=\"application\/ld+json\" class=\"yoast-schema-graph\">{\"@context\":\"https:\/\/schema.org\",\"@graph\":[{\"@type\":\"WebPage\",\"@id\":\"https:\/\/piedracarrascoy.es\/index.php\/compac\/\",\"url\":\"https:\/\/piedracarrascoy.es\/index.php\/compac\/\",\"name\":\"Compac - Marmoles Carrascoy\",\"isPartOf\":{\"@id\":\"https:\/\/piedracarrascoy.es\/#website\"},\"datePublished\":\"2023-05-15T14:19:31+00:00\",\"dateModified\":\"2023-05-31T06:39:12+00:00\",\"breadcrumb\":{\"@id\":\"https:\/\/piedracarrascoy.es\/index.php\/compac\/#breadcrumb\"},\"inLanguage\":\"es\",\"potentialAction\":[{\"@type\":\"ReadAction\",\"target\":[\"https:\/\/piedracarrascoy.es\/index.php\/compac\/\"]}]},{\"@type\":\"BreadcrumbList\",\"@id\":\"https:\/\/piedracarrascoy.es\/index.php\/compac\/#breadcrumb\",\"itemListElement\":[{\"@type\":\"ListItem\",\"position\":1,\"name\":\"Portada\",\"item\":\"https:\/\/piedracarrascoy.es\/\"},{\"@type\":\"ListItem\",\"position\":2,\"name\":\"Compac\"}]},{\"@type\":\"WebSite\",\"@id\":\"https:\/\/piedracarrascoy.es\/#website\",\"url\":\"https:\/\/piedracarrascoy.es\/\",\"name\":\"Marmoles Carrascoy\",\"description\":\"Marmoles\",\"potentialAction\":[{\"@type\":\"SearchAction\",\"target\":{\"@type\":\"EntryPoint\",\"urlTemplate\":\"https:\/\/piedracarrascoy.es\/?s={search_term_string}\"},\"query-input\":\"required name=search_term_string\"}],\"inLanguage\":\"es\"}]}<\/script>\n<!-- \/ Yoast SEO plugin. -->","yoast_head_json":{"title":"Compac - Marmoles Carrascoy","robots":{"index":"index","follow":"follow","max-snippet":"max-snippet:-1","max-image-preview":"max-image-preview:large","max-video-preview":"max-video-preview:-1"},"canonical":"https:\/\/piedracarrascoy.es\/index.php\/compac\/","og_locale":"es_ES","og_type":"article","og_title":"Compac - Marmoles Carrascoy","og_description":"[ Cuarzo Compacto ] Compac El cuarzo compacto Compac es el resultado de la combinaci\u00f3n perfecta entre la naturaleza y la tecnolog\u00eda. El cuarzo natural se mezcla con resinas de alta calidad y pigmentos para crear una superficie compacta y homog\u00e9nea, que conserva la belleza intr\u00ednseca del cuarzo y ofrece una resistencia superior a las [&hellip;]","og_url":"https:\/\/piedracarrascoy.es\/index.php\/compac\/","og_site_name":"Marmoles Carrascoy","article_modified_time":"2023-05-31T06:39:12+00:00","twitter_card":"summary_large_image","twitter_misc":{"Tiempo de lectura":"2 minutos"},"schema":{"@context":"https:\/\/schema.org","@graph":[{"@type":"WebPage","@id":"https:\/\/piedracarrascoy.es\/index.php\/compac\/","url":"https:\/\/piedracarrascoy.es\/index.php\/compac\/","name":"Compac - Marmoles Carrascoy","isPartOf":{"@id":"https:\/\/piedracarrascoy.es\/#website"},"datePublished":"2023-05-15T14:19:31+00:00","dateModified":"2023-05-31T06:39:12+00:00","breadcrumb":{"@id":"https:\/\/piedracarrascoy.es\/index.php\/compac\/#breadcrumb"},"inLanguage":"es","potentialAction":[{"@type":"ReadAction","target":["https:\/\/piedracarrascoy.es\/index.php\/compac\/"]}]},{"@type":"BreadcrumbList","@id":"https:\/\/piedracarrascoy.es\/index.php\/compac\/#breadcrumb","itemListElement":[{"@type":"ListItem","position":1,"name":"Portada","item":"https:\/\/piedracarrascoy.es\/"},{"@type":"ListItem","position":2,"name":"Compac"}]},{"@type":"WebSite","@id":"https:\/\/piedracarrascoy.es\/#website","url":"https:\/\/piedracarrascoy.es\/","name":"Marmoles Carrascoy","description":"Marmoles","potentialAction":[{"@type":"SearchAction","target":{"@type":"EntryPoint","urlTemplate":"https:\/\/piedracarrascoy.es\/?s={search_term_string}"},"query-input":"required name=search_term_string"}],"inLanguage":"es"}]}},"_links":{"self":[{"href":"https:\/\/piedracarrascoy.es\/index.php\/wp-json\/wp\/v2\/pages\/10143"}],"collection":[{"href":"https:\/\/piedracarrascoy.es\/index.php\/wp-json\/wp\/v2\/pages"}],"about":[{"href":"https:\/\/piedracarrascoy.es\/index.php\/wp-json\/wp\/v2\/types\/page"}],"author":[{"embeddable":true,"href":"https:\/\/piedracarrascoy.es\/index.php\/wp-json\/wp\/v2\/users\/1"}],"replies":[{"embeddable":true,"href":"https:\/\/piedracarrascoy.es\/index.php\/wp-json\/wp\/v2\/comments?post=10143"}],"version-history":[{"count":10,"href":"https:\/\/piedracarrascoy.es\/index.php\/wp-json\/wp\/v2\/pages\/10143\/revisions"}],"predecessor-version":[{"id":11828,"href":"https:\/\/piedracarrascoy.es\/index.php\/wp-json\/wp\/v2\/pages\/10143\/revisions\/11828"}],"wp:attachment":[{"href":"https:\/\/piedracarrascoy.es\/index.php\/wp-json\/wp\/v2\/media?parent=10143"}],"curies":[{"name":"wp","href":"https:\/\/api.w.org\/{rel}","templated":true}]}}