{"id":10243,"date":"2023-05-19T06:19:38","date_gmt":"2023-05-19T06:19:38","guid":{"rendered":"https:\/\/piedracarrascoy.es\/?page_id=10243"},"modified":"2023-06-23T12:09:13","modified_gmt":"2023-06-23T12:09:13","slug":"gris-claro","status":"publish","type":"page","link":"https:\/\/piedracarrascoy.es\/index.php\/gris-claro\/","title":{"rendered":"Gris Claro"},"content":{"rendered":"\t\t<div data-elementor-type=\"wp-page\" data-elementor-id=\"10243\" class=\"elementor elementor-10243\">\n\t\t\t\t\t\t\t\t\t<section class=\"elementor-section elementor-top-section elementor-element elementor-element-201d2a8 elementor-section-boxed elementor-section-height-default elementor-section-height-default\" data-id=\"201d2a8\" data-element_type=\"section\">\n\t\t\t\t\t\t<div class=\"elementor-container elementor-column-gap-default\">\n\t\t\t\t\t<div class=\"elementor-column elementor-col-100 elementor-top-column elementor-element elementor-element-bb888ee ot-flex-column-vertical\" data-id=\"bb888ee\" data-element_type=\"column\">\n\t\t\t<div class=\"elementor-widget-wrap elementor-element-populated\">\n\t\t\t\t\t\t\t\t<div class=\"elementor-element elementor-element-84013ff theratio-align-center elementor-widget elementor-widget-iheading\" data-id=\"84013ff\" data-element_type=\"widget\" data-widget_type=\"iheading.default\">\n\t\t\t\t<div class=\"elementor-widget-container\">\n\t\t\t\t\t<div class=\"ot-heading \">\n\t        \t            <span>[ Piedra natural ]<\/span>\n\t        \t        <h2 class=\"main-heading\">Gris Claro<\/h2>\n\t        \t    <\/div>\n\t    \t\t<\/div>\n\t\t\t\t<\/div>\n\t\t\t\t<div class=\"elementor-element elementor-element-25e33e3 elementor-widget elementor-widget-text-editor\" data-id=\"25e33e3\" data-element_type=\"widget\" data-widget_type=\"text-editor.default\">\n\t\t\t\t<div class=\"elementor-widget-container\">\n\t\t\t<style>\/*! elementor - v3.13.3 - 28-05-2023 *\/\n.elementor-widget-text-editor.elementor-drop-cap-view-stacked .elementor-drop-cap{background-color:#69727d;color:#fff}.elementor-widget-text-editor.elementor-drop-cap-view-framed .elementor-drop-cap{color:#69727d;border:3px solid;background-color:transparent}.elementor-widget-text-editor:not(.elementor-drop-cap-view-default) .elementor-drop-cap{margin-top:8px}.elementor-widget-text-editor:not(.elementor-drop-cap-view-default) .elementor-drop-cap-letter{width:1em;height:1em}.elementor-widget-text-editor .elementor-drop-cap{float:left;text-align:center;line-height:1;font-size:50px}.elementor-widget-text-editor .elementor-drop-cap-letter{display:inline-block}<\/style>\t\t\t\t<p>La piedra gris claro natural se distingue por su tonalidad suave y delicada, que aporta una sensaci\u00f3n de amplitud y luminosidad a cualquier espacio. Cada pieza de esta piedra \u00fanica exhibe una gama de grises suaves y c\u00e1lidos, creando una est\u00e9tica serena y contempor\u00e1nea.<\/p><p>La versatilidad de la piedra gris claro natural la convierte en una opci\u00f3n ideal para una variedad de aplicaciones. Puedes utilizarla en revestimientos de paredes, suelos, encimeras e incluso en elementos decorativos, como chimeneas y fuentes. Su suave tonalidad combina a la perfecci\u00f3n con una amplia gama de estilos de dise\u00f1o, desde contempor\u00e1neo y minimalista hasta cl\u00e1sico y elegante.<\/p>\t\t\t\t\t\t<\/div>\n\t\t\t\t<\/div>\n\t\t\t\t\t<\/div>\n\t\t<\/div>\n\t\t\t\t\t\t\t<\/div>\n\t\t<\/section>\n\t\t\t\t<section class=\"elementor-section elementor-top-section elementor-element elementor-element-4187c49 elementor-section-boxed elementor-section-height-default elementor-section-height-default\" data-id=\"4187c49\" data-element_type=\"section\">\n\t\t\t\t\t\t<div class=\"elementor-container elementor-column-gap-default\">\n\t\t\t\t\t<div class=\"elementor-column elementor-col-100 elementor-top-column elementor-element elementor-element-0be7afb ot-flex-column-vertical\" data-id=\"0be7afb\" data-element_type=\"column\">\n\t\t\t<div class=\"elementor-widget-wrap elementor-element-populated\">\n\t\t\t\t\t\t\t\t<div class=\"elementor-element elementor-element-554c217 elementor-widget elementor-widget-shortcode\" data-id=\"554c217\" data-element_type=\"widget\" data-widget_type=\"shortcode.default\">\n\t\t\t\t<div class=\"elementor-widget-container\">\n\t\t\t\t\t<div class=\"elementor-shortcode\"><div class=\"as-styles-warning\" style=\"width: 450px; background-color: #FFF; color: #F00; border: 1px solid #F00; padding: 10px; font-size: 14px;\">\n\t\t\t<span style=\"font-weight: bold;\">Warning: The stylesheets were not loaded!<\/span> \n\t\t\tYou will need to change the <i>Load stylesheets<\/i> setting from <i>Automatically<\/i> to <i>On homepage<\/i> or <i>On all pages<\/i>. \n\t\t\tYou can set that <a style=\"text-decoration: underline; color: #F00;\" href=\"https:\/\/piedracarrascoy.es\/wp-admin\/admin.php?page=accordion-slider-settings\">here<\/a>.\n\t\t\t<\/div>\r\n<div id=\"accordion-slider-11\" class=\"accordion-slider as-no-js\" style=\"width: 800px; height: 400px;\">\r\n\t<div class=\"as-panels\">\r\n\t\t\r\n\t\t<div class=\"as-panel\">\r\n\t\t\t<img loading=\"lazy\" decoding=\"async\" class=\"as-background\" src=\"https:\/\/piedracarrascoy.es\/wp-content\/uploads\/2023\/05\/muro-gris-carrascoy-ajustado-tresbolillo-multicolor-1-300x134.jpg\" width=\"300\" height=\"134\" \/>\r\n\t\t\t\r\n\t\t\t<p class=\"as-layer as-always as-black as-padding as-vertical\" data-position=\"bottomLeft\">Gris claro<\/p>\r\n\t\t<\/div>\r\n\t<\/div>\r\n<\/div><\/div>\n\t\t\t\t<\/div>\n\t\t\t\t<\/div>\n\t\t\t\t\t<\/div>\n\t\t<\/div>\n\t\t\t\t\t\t\t<\/div>\n\t\t<\/section>\n\t\t\t\t\t\t\t<\/div>\n\t\t","protected":false},"excerpt":{"rendered":"<p>[ Piedra natural ] Gris Claro La piedra gris claro natural se distingue por su tonalidad suave y delicada, que aporta una sensaci\u00f3n de amplitud y luminosidad a cualquier espacio. Cada pieza de esta piedra \u00fanica exhibe una gama de grises suaves y c\u00e1lidos, creando una est\u00e9tica serena y contempor\u00e1nea. La versatilidad de la piedra [&hellip;]<\/p>\n","protected":false},"author":1,"featured_media":0,"parent":0,"menu_order":0,"comment_status":"closed","ping_status":"closed","template":"","meta":{"footnotes":""},"yoast_head":"<!-- This site is optimized with the Yoast SEO plugin v20.8 - https:\/\/yoast.com\/wordpress\/plugins\/seo\/ -->\n<title>Gris Claro - Marmoles Carrascoy<\/title>\n<meta name=\"robots\" content=\"index, follow, max-snippet:-1, max-image-preview:large, max-video-preview:-1\" \/>\n<link rel=\"canonical\" href=\"https:\/\/piedracarrascoy.es\/index.php\/gris-claro\/\" \/>\n<meta property=\"og:locale\" content=\"es_ES\" \/>\n<meta property=\"og:type\" content=\"article\" \/>\n<meta property=\"og:title\" content=\"Gris Claro - Marmoles Carrascoy\" \/>\n<meta property=\"og:description\" content=\"[ Piedra natural ] Gris Claro La piedra gris claro natural se distingue por su tonalidad suave y delicada, que aporta una sensaci\u00f3n de amplitud y luminosidad a cualquier espacio. Cada pieza de esta piedra \u00fanica exhibe una gama de grises suaves y c\u00e1lidos, creando una est\u00e9tica serena y contempor\u00e1nea. La versatilidad de la piedra [&hellip;]\" \/>\n<meta property=\"og:url\" content=\"https:\/\/piedracarrascoy.es\/index.php\/gris-claro\/\" \/>\n<meta property=\"og:site_name\" content=\"Marmoles Carrascoy\" \/>\n<meta property=\"article:modified_time\" content=\"2023-06-23T12:09:13+00:00\" \/>\n<meta name=\"twitter:card\" content=\"summary_large_image\" \/>\n<meta name=\"twitter:label1\" content=\"Tiempo de lectura\" \/>\n\t<meta name=\"twitter:data1\" content=\"1 minuto\" \/>\n<script type=\"application\/ld+json\" class=\"yoast-schema-graph\">{\"@context\":\"https:\/\/schema.org\",\"@graph\":[{\"@type\":\"WebPage\",\"@id\":\"https:\/\/piedracarrascoy.es\/index.php\/gris-claro\/\",\"url\":\"https:\/\/piedracarrascoy.es\/index.php\/gris-claro\/\",\"name\":\"Gris Claro - Marmoles Carrascoy\",\"isPartOf\":{\"@id\":\"https:\/\/piedracarrascoy.es\/#website\"},\"datePublished\":\"2023-05-19T06:19:38+00:00\",\"dateModified\":\"2023-06-23T12:09:13+00:00\",\"breadcrumb\":{\"@id\":\"https:\/\/piedracarrascoy.es\/index.php\/gris-claro\/#breadcrumb\"},\"inLanguage\":\"es\",\"potentialAction\":[{\"@type\":\"ReadAction\",\"target\":[\"https:\/\/piedracarrascoy.es\/index.php\/gris-claro\/\"]}]},{\"@type\":\"BreadcrumbList\",\"@id\":\"https:\/\/piedracarrascoy.es\/index.php\/gris-claro\/#breadcrumb\",\"itemListElement\":[{\"@type\":\"ListItem\",\"position\":1,\"name\":\"Portada\",\"item\":\"https:\/\/piedracarrascoy.es\/\"},{\"@type\":\"ListItem\",\"position\":2,\"name\":\"Gris Claro\"}]},{\"@type\":\"WebSite\",\"@id\":\"https:\/\/piedracarrascoy.es\/#website\",\"url\":\"https:\/\/piedracarrascoy.es\/\",\"name\":\"Marmoles Carrascoy\",\"description\":\"Marmoles\",\"potentialAction\":[{\"@type\":\"SearchAction\",\"target\":{\"@type\":\"EntryPoint\",\"urlTemplate\":\"https:\/\/piedracarrascoy.es\/?s={search_term_string}\"},\"query-input\":\"required name=search_term_string\"}],\"inLanguage\":\"es\"}]}<\/script>\n<!-- \/ Yoast SEO plugin. -->","yoast_head_json":{"title":"Gris Claro - Marmoles Carrascoy","robots":{"index":"index","follow":"follow","max-snippet":"max-snippet:-1","max-image-preview":"max-image-preview:large","max-video-preview":"max-video-preview:-1"},"canonical":"https:\/\/piedracarrascoy.es\/index.php\/gris-claro\/","og_locale":"es_ES","og_type":"article","og_title":"Gris Claro - Marmoles Carrascoy","og_description":"[ Piedra natural ] Gris Claro La piedra gris claro natural se distingue por su tonalidad suave y delicada, que aporta una sensaci\u00f3n de amplitud y luminosidad a cualquier espacio. Cada pieza de esta piedra \u00fanica exhibe una gama de grises suaves y c\u00e1lidos, creando una est\u00e9tica serena y contempor\u00e1nea. La versatilidad de la piedra [&hellip;]","og_url":"https:\/\/piedracarrascoy.es\/index.php\/gris-claro\/","og_site_name":"Marmoles Carrascoy","article_modified_time":"2023-06-23T12:09:13+00:00","twitter_card":"summary_large_image","twitter_misc":{"Tiempo de lectura":"1 minuto"},"schema":{"@context":"https:\/\/schema.org","@graph":[{"@type":"WebPage","@id":"https:\/\/piedracarrascoy.es\/index.php\/gris-claro\/","url":"https:\/\/piedracarrascoy.es\/index.php\/gris-claro\/","name":"Gris Claro - Marmoles Carrascoy","isPartOf":{"@id":"https:\/\/piedracarrascoy.es\/#website"},"datePublished":"2023-05-19T06:19:38+00:00","dateModified":"2023-06-23T12:09:13+00:00","breadcrumb":{"@id":"https:\/\/piedracarrascoy.es\/index.php\/gris-claro\/#breadcrumb"},"inLanguage":"es","potentialAction":[{"@type":"ReadAction","target":["https:\/\/piedracarrascoy.es\/index.php\/gris-claro\/"]}]},{"@type":"BreadcrumbList","@id":"https:\/\/piedracarrascoy.es\/index.php\/gris-claro\/#breadcrumb","itemListElement":[{"@type":"ListItem","position":1,"name":"Portada","item":"https:\/\/piedracarrascoy.es\/"},{"@type":"ListItem","position":2,"name":"Gris Claro"}]},{"@type":"WebSite","@id":"https:\/\/piedracarrascoy.es\/#website","url":"https:\/\/piedracarrascoy.es\/","name":"Marmoles Carrascoy","description":"Marmoles","potentialAction":[{"@type":"SearchAction","target":{"@type":"EntryPoint","urlTemplate":"https:\/\/piedracarrascoy.es\/?s={search_term_string}"},"query-input":"required name=search_term_string"}],"inLanguage":"es"}]}},"_links":{"self":[{"href":"https:\/\/piedracarrascoy.es\/index.php\/wp-json\/wp\/v2\/pages\/10243"}],"collection":[{"href":"https:\/\/piedracarrascoy.es\/index.php\/wp-json\/wp\/v2\/pages"}],"about":[{"href":"https:\/\/piedracarrascoy.es\/index.php\/wp-json\/wp\/v2\/types\/page"}],"author":[{"embeddable":true,"href":"https:\/\/piedracarrascoy.es\/index.php\/wp-json\/wp\/v2\/users\/1"}],"replies":[{"embeddable":true,"href":"https:\/\/piedracarrascoy.es\/index.php\/wp-json\/wp\/v2\/comments?post=10243"}],"version-history":[{"count":13,"href":"https:\/\/piedracarrascoy.es\/index.php\/wp-json\/wp\/v2\/pages\/10243\/revisions"}],"predecessor-version":[{"id":11792,"href":"https:\/\/piedracarrascoy.es\/index.php\/wp-json\/wp\/v2\/pages\/10243\/revisions\/11792"}],"wp:attachment":[{"href":"https:\/\/piedracarrascoy.es\/index.php\/wp-json\/wp\/v2\/media?parent=10243"}],"curies":[{"name":"wp","href":"https:\/\/api.w.org\/{rel}","templated":true}]}}