{"id":10470,"date":"2023-05-23T10:15:00","date_gmt":"2023-05-23T10:15:00","guid":{"rendered":"https:\/\/piedracarrascoy.es\/?page_id=10470"},"modified":"2023-06-30T10:02:39","modified_gmt":"2023-06-30T10:02:39","slug":"arte-funerario","status":"publish","type":"page","link":"https:\/\/piedracarrascoy.es\/index.php\/arte-funerario\/","title":{"rendered":"Arte funerario"},"content":{"rendered":"\t\t<div data-elementor-type=\"wp-page\" data-elementor-id=\"10470\" class=\"elementor elementor-10470\">\n\t\t\t\t\t\t\t\t\t<section class=\"elementor-section elementor-top-section elementor-element elementor-element-97004a7 elementor-section-boxed elementor-section-height-default elementor-section-height-default\" data-id=\"97004a7\" data-element_type=\"section\">\n\t\t\t\t\t\t<div class=\"elementor-container elementor-column-gap-default\">\n\t\t\t\t\t<div class=\"elementor-column elementor-col-100 elementor-top-column elementor-element elementor-element-e428b60 ot-flex-column-vertical\" data-id=\"e428b60\" data-element_type=\"column\">\n\t\t\t<div class=\"elementor-widget-wrap elementor-element-populated\">\n\t\t\t\t\t\t\t\t<div class=\"elementor-element elementor-element-7d5c842 theratio-align-center elementor-widget elementor-widget-iheading\" data-id=\"7d5c842\" data-element_type=\"widget\" data-widget_type=\"iheading.default\">\n\t\t\t\t<div class=\"elementor-widget-container\">\n\t\t\t\t\t<div class=\"ot-heading \">\n\t        \t        <h2 class=\"main-heading\">Arte funerario<\/h2>\n\t        \t    <\/div>\n\t    \t\t<\/div>\n\t\t\t\t<\/div>\n\t\t\t\t\t<\/div>\n\t\t<\/div>\n\t\t\t\t\t\t\t<\/div>\n\t\t<\/section>\n\t\t\t\t<section class=\"elementor-section elementor-top-section elementor-element elementor-element-0015606 elementor-section-boxed elementor-section-height-default elementor-section-height-default\" data-id=\"0015606\" data-element_type=\"section\">\n\t\t\t\t\t\t<div class=\"elementor-container elementor-column-gap-default\">\n\t\t\t\t\t<div class=\"elementor-column elementor-col-100 elementor-top-column elementor-element elementor-element-858909c ot-flex-column-vertical\" data-id=\"858909c\" data-element_type=\"column\">\n\t\t\t<div class=\"elementor-widget-wrap elementor-element-populated\">\n\t\t\t\t\t\t\t\t<div class=\"elementor-element elementor-element-f6177d6 elementor-widget elementor-widget-ipfilter\" data-id=\"f6177d6\" data-element_type=\"widget\" data-widget_type=\"ipfilter.default\">\n\t\t\t\t<div class=\"elementor-widget-container\">\n\t\t\t\n\t\t<div class=\"project-filter-wrapper\">\n\t\t\t\t        \t<div class=\"container\">\n\t        \t\t<ul class=\"project_filters\">\n\t        \t\t\t\t        \t\t\t \t<li><a href=\"#\" data-filter=\"*\" class=\"selected btn-details\">Todos<span class=\"filter-count\"><\/span><\/a><\/li>\n\t        \t\t\t\t\t                \t\t                \t<li>\n\t\t\t\t\t\t\t\t<a class=\"btn-details\" href='#' data-filter='.category-44'>Cruces e im\u00e1genes bajo relieve (Grupo 1)<span class=\"filter-count\"><\/span><\/a>\n\t\t\t\t\t\t\t<\/li>\t                   \n\t\t                \t\t                \t<li>\n\t\t\t\t\t\t\t\t<a class=\"btn-details\" href='#' data-filter='.category-45'>Cruces e im\u00e1genes bajo relieve (Grupo 2)<span class=\"filter-count\"><\/span><\/a>\n\t\t\t\t\t\t\t<\/li>\t                   \n\t\t                \t\t                \t<li>\n\t\t\t\t\t\t\t\t<a class=\"btn-details\" href='#' data-filter='.category-46'>Cruces e im\u00e1genes bajo relieve (Grupo 3)<span class=\"filter-count\"><\/span><\/a>\n\t\t\t\t\t\t\t<\/li>\t                   \n\t\t                \t\t                \t<li>\n\t\t\t\t\t\t\t\t<a class=\"btn-details\" href='#' data-filter='.category-47'>Cruces e im\u00e1genes en maquinaria de arena<span class=\"filter-count\"><\/span><\/a>\n\t\t\t\t\t\t\t<\/li>\t                   \n\t\t                \t\t                \t<li>\n\t\t\t\t\t\t\t\t<a class=\"btn-details\" href='#' data-filter='.category-48'>Laser y micropunto<span class=\"filter-count\"><\/span><\/a>\n\t\t\t\t\t\t\t<\/li>\t                   \n\t\t                \t\t                \t<li>\n\t\t\t\t\t\t\t\t<a class=\"btn-details\" href='#' data-filter='.category-49'>Laser gran formato<span class=\"filter-count\"><\/span><\/a>\n\t\t\t\t\t\t\t<\/li>\t                   \n\t\t                \t\t                \t<li>\n\t\t\t\t\t\t\t\t<a class=\"btn-details\" href='#' data-filter='.category-50'>Laser y cer\u00e1mica incrustada<span class=\"filter-count\"><\/span><\/a>\n\t\t\t\t\t\t\t<\/li>\t                   \n\t\t                \t\t                \t<li>\n\t\t\t\t\t\t\t\t<a class=\"btn-details\" href='#' data-filter='.category-51'>Cer\u00e1mica incrustada<span class=\"filter-count\"><\/span><\/a>\n\t\t\t\t\t\t\t<\/li>\t                   \n\t\t                \t\t                \t<li>\n\t\t\t\t\t\t\t\t<a class=\"btn-details\" href='#' data-filter='.category-53'>Fotocer\u00e1micas<span class=\"filter-count\"><\/span><\/a>\n\t\t\t\t\t\t\t<\/li>\t                   \n\t\t                \t\t\t\t\t<\/ul>\n\t\t\t\t<\/div>\n\t        \t\t\t\t        <div class=\"projects-grid pf_3_cols style-4 img-popup w-auto no-cat\" data-load=\"10\" data-count=\"80\">\n\t\t\t<div class=\"grid-sizer\"><\/div>\n\t            \n<div class=\"project-item category-53 \">\n\t<div class=\"projects-box\">\n\t\t<div class=\"projects-thumbnail\" data-src=\"https:\/\/piedracarrascoy.es\/wp-content\/uploads\/2023\/05\/fotoceramica_6-removebg-previewbueno-1.png\" data-sub-html=\"fotoceramica 6\">\n\t\t\t<a href=\"https:\/\/piedracarrascoy.es\/index.php\/portfolio\/fotoceramica-6\/\">\n\t\t\t\t<img loading=\"lazy\" decoding=\"async\" width=\"561\" height=\"372\" src=\"https:\/\/piedracarrascoy.es\/wp-content\/uploads\/2023\/05\/fotoceramica_6-removebg-previewbueno-1.png\" class=\"attachment-theratio-portfolio-thumbnail-grid size-theratio-portfolio-thumbnail-grid wp-post-image\" alt=\"\" srcset=\"https:\/\/piedracarrascoy.es\/wp-content\/uploads\/2023\/05\/fotoceramica_6-removebg-previewbueno-1.png 561w, https:\/\/piedracarrascoy.es\/wp-content\/uploads\/2023\/05\/fotoceramica_6-removebg-previewbueno-1-300x199.png 300w\" sizes=\"(max-width: 561px) 100vw, 561px\" \/>\t\t\t<\/a>\n\t\t\t\n\t\t\t<span class=\"overlay\">\n\t\t\t\t<h5>fotoceramica 6<\/h5>\n\t\t\t\t<i class=\"ot-flaticon-add\"><\/i>\n\t\t\t<\/span>\n\t\t<\/div>\n\t\t<div class=\"portfolio-info\">\n\t\t\t<div class=\"portfolio-info-inner\">\n\t\t\t\t<h5><a class=\"title-link\" href=\"https:\/\/piedracarrascoy.es\/index.php\/portfolio\/fotoceramica-6\/\" data-src=\"https:\/\/piedracarrascoy.es\/wp-content\/uploads\/2023\/05\/fotoceramica_6-removebg-previewbueno-1.png\" data-sub-html=\"fotoceramica 6\">fotoceramica 6<\/a><\/h5>\n\t\t\t\t<p class=\"portfolio-cates\"><a href=\"https:\/\/piedracarrascoy.es\/index.php\/portfolio-category\/fotoceramicas\/\">Fotocer\u00e1micas<\/a><\/p> \n\t\t\t<\/div>\n\t\t\t<a class=\"overlay\" href=\"https:\/\/piedracarrascoy.es\/index.php\/portfolio\/fotoceramica-6\/\"><\/a>\n\t\t<\/div>\n\t<\/div>\n<\/div>\n<div class=\"project-item category-53 \">\n\t<div class=\"projects-box\">\n\t\t<div class=\"projects-thumbnail\" data-src=\"https:\/\/piedracarrascoy.es\/wp-content\/uploads\/2023\/05\/fotoceramica_5-removebg-previewbueno.png\" data-sub-html=\"fotoceramica 5\">\n\t\t\t<a href=\"https:\/\/piedracarrascoy.es\/index.php\/portfolio\/fotoceramica-5\/\">\n\t\t\t\t<img loading=\"lazy\" decoding=\"async\" width=\"561\" height=\"372\" src=\"https:\/\/piedracarrascoy.es\/wp-content\/uploads\/2023\/05\/fotoceramica_5-removebg-previewbueno.png\" class=\"attachment-theratio-portfolio-thumbnail-grid size-theratio-portfolio-thumbnail-grid wp-post-image\" alt=\"\" srcset=\"https:\/\/piedracarrascoy.es\/wp-content\/uploads\/2023\/05\/fotoceramica_5-removebg-previewbueno.png 561w, https:\/\/piedracarrascoy.es\/wp-content\/uploads\/2023\/05\/fotoceramica_5-removebg-previewbueno-300x199.png 300w\" sizes=\"(max-width: 561px) 100vw, 561px\" \/>\t\t\t<\/a>\n\t\t\t\n\t\t\t<span class=\"overlay\">\n\t\t\t\t<h5>fotoceramica 5<\/h5>\n\t\t\t\t<i class=\"ot-flaticon-add\"><\/i>\n\t\t\t<\/span>\n\t\t<\/div>\n\t\t<div class=\"portfolio-info\">\n\t\t\t<div class=\"portfolio-info-inner\">\n\t\t\t\t<h5><a class=\"title-link\" href=\"https:\/\/piedracarrascoy.es\/index.php\/portfolio\/fotoceramica-5\/\" data-src=\"https:\/\/piedracarrascoy.es\/wp-content\/uploads\/2023\/05\/fotoceramica_5-removebg-previewbueno.png\" data-sub-html=\"fotoceramica 5\">fotoceramica 5<\/a><\/h5>\n\t\t\t\t<p class=\"portfolio-cates\"><a href=\"https:\/\/piedracarrascoy.es\/index.php\/portfolio-category\/fotoceramicas\/\">Fotocer\u00e1micas<\/a><\/p> \n\t\t\t<\/div>\n\t\t\t<a class=\"overlay\" href=\"https:\/\/piedracarrascoy.es\/index.php\/portfolio\/fotoceramica-5\/\"><\/a>\n\t\t<\/div>\n\t<\/div>\n<\/div>\n<div class=\"project-item category-46 \">\n\t<div class=\"projects-box\">\n\t\t<div class=\"projects-thumbnail\" data-src=\"https:\/\/piedracarrascoy.es\/wp-content\/uploads\/2023\/05\/virgen-del-carmen.jpg\" data-sub-html=\"virgen del carmen\">\n\t\t\t<a href=\"https:\/\/piedracarrascoy.es\/index.php\/portfolio\/virgen-del-carmen\/\">\n\t\t\t\t<img loading=\"lazy\" decoding=\"async\" width=\"561\" height=\"372\" src=\"https:\/\/piedracarrascoy.es\/wp-content\/uploads\/2023\/05\/virgen-del-carmen.jpg\" class=\"attachment-theratio-portfolio-thumbnail-grid size-theratio-portfolio-thumbnail-grid wp-post-image\" alt=\"\" srcset=\"https:\/\/piedracarrascoy.es\/wp-content\/uploads\/2023\/05\/virgen-del-carmen.jpg 561w, https:\/\/piedracarrascoy.es\/wp-content\/uploads\/2023\/05\/virgen-del-carmen-300x199.jpg 300w\" sizes=\"(max-width: 561px) 100vw, 561px\" \/>\t\t\t<\/a>\n\t\t\t\n\t\t\t<span class=\"overlay\">\n\t\t\t\t<h5>virgen del carmen<\/h5>\n\t\t\t\t<i class=\"ot-flaticon-add\"><\/i>\n\t\t\t<\/span>\n\t\t<\/div>\n\t\t<div class=\"portfolio-info\">\n\t\t\t<div class=\"portfolio-info-inner\">\n\t\t\t\t<h5><a class=\"title-link\" href=\"https:\/\/piedracarrascoy.es\/index.php\/portfolio\/virgen-del-carmen\/\" data-src=\"https:\/\/piedracarrascoy.es\/wp-content\/uploads\/2023\/05\/virgen-del-carmen.jpg\" data-sub-html=\"virgen del carmen\">virgen del carmen<\/a><\/h5>\n\t\t\t\t<p class=\"portfolio-cates\"><a href=\"https:\/\/piedracarrascoy.es\/index.php\/portfolio-category\/cruces-e-imagenes-bajo-relieve-grupo-3\/\">Cruces e im\u00e1genes bajo relieve (Grupo 3)<\/a><\/p> \n\t\t\t<\/div>\n\t\t\t<a class=\"overlay\" href=\"https:\/\/piedracarrascoy.es\/index.php\/portfolio\/virgen-del-carmen\/\"><\/a>\n\t\t<\/div>\n\t<\/div>\n<\/div>\n<div class=\"project-item category-46 \">\n\t<div class=\"projects-box\">\n\t\t<div class=\"projects-thumbnail\" data-src=\"https:\/\/piedracarrascoy.es\/wp-content\/uploads\/2023\/05\/san-antonio.jpg\" data-sub-html=\"san antonio\">\n\t\t\t<a href=\"https:\/\/piedracarrascoy.es\/index.php\/portfolio\/san-antonio\/\">\n\t\t\t\t<img loading=\"lazy\" decoding=\"async\" width=\"561\" height=\"372\" src=\"https:\/\/piedracarrascoy.es\/wp-content\/uploads\/2023\/05\/san-antonio.jpg\" class=\"attachment-theratio-portfolio-thumbnail-grid size-theratio-portfolio-thumbnail-grid wp-post-image\" alt=\"\" srcset=\"https:\/\/piedracarrascoy.es\/wp-content\/uploads\/2023\/05\/san-antonio.jpg 561w, https:\/\/piedracarrascoy.es\/wp-content\/uploads\/2023\/05\/san-antonio-300x199.jpg 300w\" sizes=\"(max-width: 561px) 100vw, 561px\" \/>\t\t\t<\/a>\n\t\t\t\n\t\t\t<span class=\"overlay\">\n\t\t\t\t<h5>san antonio<\/h5>\n\t\t\t\t<i class=\"ot-flaticon-add\"><\/i>\n\t\t\t<\/span>\n\t\t<\/div>\n\t\t<div class=\"portfolio-info\">\n\t\t\t<div class=\"portfolio-info-inner\">\n\t\t\t\t<h5><a class=\"title-link\" href=\"https:\/\/piedracarrascoy.es\/index.php\/portfolio\/san-antonio\/\" data-src=\"https:\/\/piedracarrascoy.es\/wp-content\/uploads\/2023\/05\/san-antonio.jpg\" data-sub-html=\"san antonio\">san antonio<\/a><\/h5>\n\t\t\t\t<p class=\"portfolio-cates\"><a href=\"https:\/\/piedracarrascoy.es\/index.php\/portfolio-category\/cruces-e-imagenes-bajo-relieve-grupo-3\/\">Cruces e im\u00e1genes bajo relieve (Grupo 3)<\/a><\/p> \n\t\t\t<\/div>\n\t\t\t<a class=\"overlay\" href=\"https:\/\/piedracarrascoy.es\/index.php\/portfolio\/san-antonio\/\"><\/a>\n\t\t<\/div>\n\t<\/div>\n<\/div>\n<div class=\"project-item category-46 \">\n\t<div class=\"projects-box\">\n\t\t<div class=\"projects-thumbnail\" data-src=\"https:\/\/piedracarrascoy.es\/wp-content\/uploads\/2023\/05\/piedad.jpg\" data-sub-html=\"piedad\">\n\t\t\t<a href=\"https:\/\/piedracarrascoy.es\/index.php\/portfolio\/piedad\/\">\n\t\t\t\t<img loading=\"lazy\" decoding=\"async\" width=\"561\" height=\"372\" src=\"https:\/\/piedracarrascoy.es\/wp-content\/uploads\/2023\/05\/piedad.jpg\" class=\"attachment-theratio-portfolio-thumbnail-grid size-theratio-portfolio-thumbnail-grid wp-post-image\" alt=\"\" srcset=\"https:\/\/piedracarrascoy.es\/wp-content\/uploads\/2023\/05\/piedad.jpg 561w, https:\/\/piedracarrascoy.es\/wp-content\/uploads\/2023\/05\/piedad-300x199.jpg 300w\" sizes=\"(max-width: 561px) 100vw, 561px\" \/>\t\t\t<\/a>\n\t\t\t\n\t\t\t<span class=\"overlay\">\n\t\t\t\t<h5>piedad<\/h5>\n\t\t\t\t<i class=\"ot-flaticon-add\"><\/i>\n\t\t\t<\/span>\n\t\t<\/div>\n\t\t<div class=\"portfolio-info\">\n\t\t\t<div class=\"portfolio-info-inner\">\n\t\t\t\t<h5><a class=\"title-link\" href=\"https:\/\/piedracarrascoy.es\/index.php\/portfolio\/piedad\/\" data-src=\"https:\/\/piedracarrascoy.es\/wp-content\/uploads\/2023\/05\/piedad.jpg\" data-sub-html=\"piedad\">piedad<\/a><\/h5>\n\t\t\t\t<p class=\"portfolio-cates\"><a href=\"https:\/\/piedracarrascoy.es\/index.php\/portfolio-category\/cruces-e-imagenes-bajo-relieve-grupo-3\/\">Cruces e im\u00e1genes bajo relieve (Grupo 3)<\/a><\/p> \n\t\t\t<\/div>\n\t\t\t<a class=\"overlay\" href=\"https:\/\/piedracarrascoy.es\/index.php\/portfolio\/piedad\/\"><\/a>\n\t\t<\/div>\n\t<\/div>\n<\/div>\n<div class=\"project-item category-46 \">\n\t<div class=\"projects-box\">\n\t\t<div class=\"projects-thumbnail\" data-src=\"https:\/\/piedracarrascoy.es\/wp-content\/uploads\/2023\/05\/paloma-paisaje.jpg\" data-sub-html=\"paloma paisaje\">\n\t\t\t<a href=\"https:\/\/piedracarrascoy.es\/index.php\/portfolio\/paloma-paisaje\/\">\n\t\t\t\t<img loading=\"lazy\" decoding=\"async\" width=\"561\" height=\"372\" src=\"https:\/\/piedracarrascoy.es\/wp-content\/uploads\/2023\/05\/paloma-paisaje.jpg\" class=\"attachment-theratio-portfolio-thumbnail-grid size-theratio-portfolio-thumbnail-grid wp-post-image\" alt=\"\" srcset=\"https:\/\/piedracarrascoy.es\/wp-content\/uploads\/2023\/05\/paloma-paisaje.jpg 561w, https:\/\/piedracarrascoy.es\/wp-content\/uploads\/2023\/05\/paloma-paisaje-300x199.jpg 300w\" sizes=\"(max-width: 561px) 100vw, 561px\" \/>\t\t\t<\/a>\n\t\t\t\n\t\t\t<span class=\"overlay\">\n\t\t\t\t<h5>paloma paisaje<\/h5>\n\t\t\t\t<i class=\"ot-flaticon-add\"><\/i>\n\t\t\t<\/span>\n\t\t<\/div>\n\t\t<div class=\"portfolio-info\">\n\t\t\t<div class=\"portfolio-info-inner\">\n\t\t\t\t<h5><a class=\"title-link\" href=\"https:\/\/piedracarrascoy.es\/index.php\/portfolio\/paloma-paisaje\/\" data-src=\"https:\/\/piedracarrascoy.es\/wp-content\/uploads\/2023\/05\/paloma-paisaje.jpg\" data-sub-html=\"paloma paisaje\">paloma paisaje<\/a><\/h5>\n\t\t\t\t<p class=\"portfolio-cates\"><a href=\"https:\/\/piedracarrascoy.es\/index.php\/portfolio-category\/cruces-e-imagenes-bajo-relieve-grupo-3\/\">Cruces e im\u00e1genes bajo relieve (Grupo 3)<\/a><\/p> \n\t\t\t<\/div>\n\t\t\t<a class=\"overlay\" href=\"https:\/\/piedracarrascoy.es\/index.php\/portfolio\/paloma-paisaje\/\"><\/a>\n\t\t<\/div>\n\t<\/div>\n<\/div>\t\t\t<\/div>\n\n\t\t\t\t    <\/div>\n\t\t\t\t\t\t\t\t\t\t\n\t    \t\t<\/div>\n\t\t\t\t<\/div>\n\t\t\t\t\t<\/div>\n\t\t<\/div>\n\t\t\t\t\t\t\t<\/div>\n\t\t<\/section>\n\t\t\t\t<section class=\"elementor-section elementor-top-section elementor-element elementor-element-c268bc3 elementor-section-boxed elementor-section-height-default elementor-section-height-default\" data-id=\"c268bc3\" data-element_type=\"section\">\n\t\t\t\t\t\t<div class=\"elementor-container elementor-column-gap-default\">\n\t\t\t\t\t<div class=\"elementor-column elementor-col-100 elementor-top-column elementor-element elementor-element-3baf7e3 ot-flex-column-vertical\" data-id=\"3baf7e3\" data-element_type=\"column\">\n\t\t\t<div class=\"elementor-widget-wrap elementor-element-populated\">\n\t\t\t\t\t\t\t\t<div class=\"elementor-element elementor-element-148b1af elementor-widget elementor-widget-html\" data-id=\"148b1af\" data-element_type=\"widget\" data-widget_type=\"html.default\">\n\t\t\t\t<div class=\"elementor-widget-container\">\n\t\t\t<script>\ninite=0;\nclickCat = setInterval(function(){\n     if (document.readyState == \"complete\" && inite == 0 )  {\n     document.querySelector(\"li a[data-filter='.category-51']\").click();\n      clearInterval(clickCat);\n      inite++;\n    }\n }, 500);\n\n<\/script>\t\t<\/div>\n\t\t\t\t<\/div>\n\t\t\t\t\t<\/div>\n\t\t<\/div>\n\t\t\t\t\t\t\t<\/div>\n\t\t<\/section>\n\t\t\t\t\t\t\t<\/div>\n\t\t","protected":false},"excerpt":{"rendered":"<p>Arte funerario Todos Cruces e im\u00e1genes bajo relieve (Grupo 1) Cruces e im\u00e1genes bajo relieve (Grupo 2) Cruces e im\u00e1genes bajo relieve (Grupo 3) Cruces e im\u00e1genes en maquinaria de arena Laser y micropunto Laser gran formato Laser y cer\u00e1mica incrustada Cer\u00e1mica incrustada Fotocer\u00e1micas fotoceramica 6 fotoceramica 6 Fotocer\u00e1micas fotoceramica 5 fotoceramica 5 Fotocer\u00e1micas virgen [&hellip;]<\/p>\n","protected":false},"author":1,"featured_media":0,"parent":0,"menu_order":0,"comment_status":"closed","ping_status":"closed","template":"","meta":{"footnotes":""},"yoast_head":"<!-- This site is optimized with the Yoast SEO plugin v20.8 - https:\/\/yoast.com\/wordpress\/plugins\/seo\/ -->\n<title>Arte funerario - Marmoles Carrascoy<\/title>\n<meta name=\"robots\" content=\"index, follow, max-snippet:-1, max-image-preview:large, max-video-preview:-1\" \/>\n<link rel=\"canonical\" href=\"https:\/\/piedracarrascoy.es\/index.php\/arte-funerario\/\" \/>\n<meta property=\"og:locale\" content=\"es_ES\" \/>\n<meta property=\"og:type\" content=\"article\" \/>\n<meta property=\"og:title\" content=\"Arte funerario - Marmoles Carrascoy\" \/>\n<meta property=\"og:description\" content=\"Arte funerario Todos Cruces e im\u00e1genes bajo relieve (Grupo 1) Cruces e im\u00e1genes bajo relieve (Grupo 2) Cruces e im\u00e1genes bajo relieve (Grupo 3) Cruces e im\u00e1genes en maquinaria de arena Laser y micropunto Laser gran formato Laser y cer\u00e1mica incrustada Cer\u00e1mica incrustada Fotocer\u00e1micas fotoceramica 6 fotoceramica 6 Fotocer\u00e1micas fotoceramica 5 fotoceramica 5 Fotocer\u00e1micas virgen [&hellip;]\" \/>\n<meta property=\"og:url\" content=\"https:\/\/piedracarrascoy.es\/index.php\/arte-funerario\/\" \/>\n<meta property=\"og:site_name\" content=\"Marmoles Carrascoy\" \/>\n<meta property=\"article:modified_time\" content=\"2023-06-30T10:02:39+00:00\" \/>\n<meta property=\"og:image\" content=\"https:\/\/piedracarrascoy.es\/wp-content\/uploads\/2023\/05\/fotoceramica_6-removebg-previewbueno-1.png\" \/>\n<meta name=\"twitter:card\" content=\"summary_large_image\" \/>\n<meta name=\"twitter:label1\" content=\"Tiempo de lectura\" \/>\n\t<meta name=\"twitter:data1\" content=\"20 minutos\" \/>\n<script type=\"application\/ld+json\" class=\"yoast-schema-graph\">{\"@context\":\"https:\/\/schema.org\",\"@graph\":[{\"@type\":\"WebPage\",\"@id\":\"https:\/\/piedracarrascoy.es\/index.php\/arte-funerario\/\",\"url\":\"https:\/\/piedracarrascoy.es\/index.php\/arte-funerario\/\",\"name\":\"Arte funerario - Marmoles Carrascoy\",\"isPartOf\":{\"@id\":\"https:\/\/piedracarrascoy.es\/#website\"},\"datePublished\":\"2023-05-23T10:15:00+00:00\",\"dateModified\":\"2023-06-30T10:02:39+00:00\",\"breadcrumb\":{\"@id\":\"https:\/\/piedracarrascoy.es\/index.php\/arte-funerario\/#breadcrumb\"},\"inLanguage\":\"es\",\"potentialAction\":[{\"@type\":\"ReadAction\",\"target\":[\"https:\/\/piedracarrascoy.es\/index.php\/arte-funerario\/\"]}]},{\"@type\":\"BreadcrumbList\",\"@id\":\"https:\/\/piedracarrascoy.es\/index.php\/arte-funerario\/#breadcrumb\",\"itemListElement\":[{\"@type\":\"ListItem\",\"position\":1,\"name\":\"Portada\",\"item\":\"https:\/\/piedracarrascoy.es\/\"},{\"@type\":\"ListItem\",\"position\":2,\"name\":\"Arte funerario\"}]},{\"@type\":\"WebSite\",\"@id\":\"https:\/\/piedracarrascoy.es\/#website\",\"url\":\"https:\/\/piedracarrascoy.es\/\",\"name\":\"Marmoles Carrascoy\",\"description\":\"Marmoles\",\"potentialAction\":[{\"@type\":\"SearchAction\",\"target\":{\"@type\":\"EntryPoint\",\"urlTemplate\":\"https:\/\/piedracarrascoy.es\/?s={search_term_string}\"},\"query-input\":\"required name=search_term_string\"}],\"inLanguage\":\"es\"}]}<\/script>\n<!-- \/ Yoast SEO plugin. -->","yoast_head_json":{"title":"Arte funerario - Marmoles Carrascoy","robots":{"index":"index","follow":"follow","max-snippet":"max-snippet:-1","max-image-preview":"max-image-preview:large","max-video-preview":"max-video-preview:-1"},"canonical":"https:\/\/piedracarrascoy.es\/index.php\/arte-funerario\/","og_locale":"es_ES","og_type":"article","og_title":"Arte funerario - Marmoles Carrascoy","og_description":"Arte funerario Todos Cruces e im\u00e1genes bajo relieve (Grupo 1) Cruces e im\u00e1genes bajo relieve (Grupo 2) Cruces e im\u00e1genes bajo relieve (Grupo 3) Cruces e im\u00e1genes en maquinaria de arena Laser y micropunto Laser gran formato Laser y cer\u00e1mica incrustada Cer\u00e1mica incrustada Fotocer\u00e1micas fotoceramica 6 fotoceramica 6 Fotocer\u00e1micas fotoceramica 5 fotoceramica 5 Fotocer\u00e1micas virgen [&hellip;]","og_url":"https:\/\/piedracarrascoy.es\/index.php\/arte-funerario\/","og_site_name":"Marmoles Carrascoy","article_modified_time":"2023-06-30T10:02:39+00:00","og_image":[{"url":"https:\/\/piedracarrascoy.es\/wp-content\/uploads\/2023\/05\/fotoceramica_6-removebg-previewbueno-1.png"}],"twitter_card":"summary_large_image","twitter_misc":{"Tiempo de lectura":"20 minutos"},"schema":{"@context":"https:\/\/schema.org","@graph":[{"@type":"WebPage","@id":"https:\/\/piedracarrascoy.es\/index.php\/arte-funerario\/","url":"https:\/\/piedracarrascoy.es\/index.php\/arte-funerario\/","name":"Arte funerario - Marmoles Carrascoy","isPartOf":{"@id":"https:\/\/piedracarrascoy.es\/#website"},"datePublished":"2023-05-23T10:15:00+00:00","dateModified":"2023-06-30T10:02:39+00:00","breadcrumb":{"@id":"https:\/\/piedracarrascoy.es\/index.php\/arte-funerario\/#breadcrumb"},"inLanguage":"es","potentialAction":[{"@type":"ReadAction","target":["https:\/\/piedracarrascoy.es\/index.php\/arte-funerario\/"]}]},{"@type":"BreadcrumbList","@id":"https:\/\/piedracarrascoy.es\/index.php\/arte-funerario\/#breadcrumb","itemListElement":[{"@type":"ListItem","position":1,"name":"Portada","item":"https:\/\/piedracarrascoy.es\/"},{"@type":"ListItem","position":2,"name":"Arte funerario"}]},{"@type":"WebSite","@id":"https:\/\/piedracarrascoy.es\/#website","url":"https:\/\/piedracarrascoy.es\/","name":"Marmoles Carrascoy","description":"Marmoles","potentialAction":[{"@type":"SearchAction","target":{"@type":"EntryPoint","urlTemplate":"https:\/\/piedracarrascoy.es\/?s={search_term_string}"},"query-input":"required name=search_term_string"}],"inLanguage":"es"}]}},"_links":{"self":[{"href":"https:\/\/piedracarrascoy.es\/index.php\/wp-json\/wp\/v2\/pages\/10470"}],"collection":[{"href":"https:\/\/piedracarrascoy.es\/index.php\/wp-json\/wp\/v2\/pages"}],"about":[{"href":"https:\/\/piedracarrascoy.es\/index.php\/wp-json\/wp\/v2\/types\/page"}],"author":[{"embeddable":true,"href":"https:\/\/piedracarrascoy.es\/index.php\/wp-json\/wp\/v2\/users\/1"}],"replies":[{"embeddable":true,"href":"https:\/\/piedracarrascoy.es\/index.php\/wp-json\/wp\/v2\/comments?post=10470"}],"version-history":[{"count":109,"href":"https:\/\/piedracarrascoy.es\/index.php\/wp-json\/wp\/v2\/pages\/10470\/revisions"}],"predecessor-version":[{"id":12217,"href":"https:\/\/piedracarrascoy.es\/index.php\/wp-json\/wp\/v2\/pages\/10470\/revisions\/12217"}],"wp:attachment":[{"href":"https:\/\/piedracarrascoy.es\/index.php\/wp-json\/wp\/v2\/media?parent=10470"}],"curies":[{"name":"wp","href":"https:\/\/api.w.org\/{rel}","templated":true}]}}