{"id":12159,"date":"2023-06-30T06:56:52","date_gmt":"2023-06-30T06:56:52","guid":{"rendered":"https:\/\/piedracarrascoy.es\/?page_id=12159"},"modified":"2023-06-30T06:58:22","modified_gmt":"2023-06-30T06:58:22","slug":"laja-carrascoy","status":"publish","type":"page","link":"https:\/\/piedracarrascoy.es\/index.php\/laja-carrascoy\/","title":{"rendered":"Laja Carrascoy"},"content":{"rendered":"\t\t<div data-elementor-type=\"wp-page\" data-elementor-id=\"12159\" class=\"elementor elementor-12159\">\n\t\t\t\t\t\t\t\t\t<section class=\"elementor-section elementor-top-section elementor-element elementor-element-3e2b6ec6 elementor-section-boxed elementor-section-height-default elementor-section-height-default\" data-id=\"3e2b6ec6\" data-element_type=\"section\">\n\t\t\t\t\t\t<div class=\"elementor-container elementor-column-gap-default\">\n\t\t\t\t\t<div class=\"elementor-column elementor-col-100 elementor-top-column elementor-element elementor-element-14367fe ot-flex-column-vertical\" data-id=\"14367fe\" data-element_type=\"column\">\n\t\t\t<div class=\"elementor-widget-wrap elementor-element-populated\">\n\t\t\t\t\t\t\t\t<div class=\"elementor-element elementor-element-42e1ff05 theratio-align-center elementor-widget elementor-widget-iheading\" data-id=\"42e1ff05\" data-element_type=\"widget\" data-widget_type=\"iheading.default\">\n\t\t\t\t<div class=\"elementor-widget-container\">\n\t\t\t\t\t<div class=\"ot-heading \">\n\t        \t            <span>[ Nuestras Piedras ]<\/span>\n\t        \t        <h2 class=\"main-heading\">Laja Carrascoy<\/h2>\n\t        \t    <\/div>\n\t    \t\t<\/div>\n\t\t\t\t<\/div>\n\t\t\t\t<div class=\"elementor-element elementor-element-56779703 elementor-widget elementor-widget-text-editor\" data-id=\"56779703\" data-element_type=\"widget\" data-widget_type=\"text-editor.default\">\n\t\t\t\t<div class=\"elementor-widget-container\">\n\t\t\t<style>\/*! elementor - v3.13.3 - 28-05-2023 *\/\n.elementor-widget-text-editor.elementor-drop-cap-view-stacked .elementor-drop-cap{background-color:#69727d;color:#fff}.elementor-widget-text-editor.elementor-drop-cap-view-framed .elementor-drop-cap{color:#69727d;border:3px solid;background-color:transparent}.elementor-widget-text-editor:not(.elementor-drop-cap-view-default) .elementor-drop-cap{margin-top:8px}.elementor-widget-text-editor:not(.elementor-drop-cap-view-default) .elementor-drop-cap-letter{width:1em;height:1em}.elementor-widget-text-editor .elementor-drop-cap{float:left;text-align:center;line-height:1;font-size:50px}.elementor-widget-text-editor .elementor-drop-cap-letter{display:inline-block}<\/style>\t\t\t\t<p>En nuestra cantera, nos enorgullece contar con una gran diversidad de piedras naturales extra\u00eddas cuidadosamente de nuestras fuentes exclusivas. Cada una de nuestras piedras, ya sea el fascinante \u00c1mbar, el elegante Gris Oscuro o el sereno Gris Claro, tiene una personalidad \u00fanica que aporta encanto y distinci\u00f3n a cualquier espacio.<\/p><p>En nuestra cantera, nos esforzamos por preservar la autenticidad y la belleza inherente de cada una de nuestras piedras naturales. Nuestro equipo de expertos trabaja con dedicaci\u00f3n y pasi\u00f3n para garantizar que cada piedra extra\u00edda de nuestras fuentes exclusivas conserve su car\u00e1cter \u00fanico y su esencia original. Cada pieza exhibe las maravillas de la naturaleza, con sus sutiles variaciones de tonalidad, texturas intrincadas y formaciones geol\u00f3gicas fascinantes. Estas piedras no solo aportan encanto y distinci\u00f3n a cualquier espacio, sino que tambi\u00e9n cuentan historias milenarias talladas en su superficie, conect\u00e1ndonos con la vasta historia geol\u00f3gica de nuestro planeta.<\/p>\t\t\t\t\t\t<\/div>\n\t\t\t\t<\/div>\n\t\t\t\t\t<\/div>\n\t\t<\/div>\n\t\t\t\t\t\t\t<\/div>\n\t\t<\/section>\n\t\t\t\t<section class=\"elementor-section elementor-top-section elementor-element elementor-element-1220eda0 elementor-section-boxed elementor-section-height-default elementor-section-height-default\" data-id=\"1220eda0\" data-element_type=\"section\">\n\t\t\t\t\t\t<div class=\"elementor-container elementor-column-gap-default\">\n\t\t\t\t\t<div class=\"elementor-column elementor-col-100 elementor-top-column elementor-element elementor-element-4588e71d ot-flex-column-vertical\" data-id=\"4588e71d\" data-element_type=\"column\">\n\t\t\t<div class=\"elementor-widget-wrap elementor-element-populated\">\n\t\t\t\t\t\t\t\t<div class=\"elementor-element elementor-element-5905a70c elementor-widget elementor-widget-shortcode\" data-id=\"5905a70c\" data-element_type=\"widget\" data-widget_type=\"shortcode.default\">\n\t\t\t\t<div class=\"elementor-widget-container\">\n\t\t\t\t\t<div class=\"elementor-shortcode\"><div class=\"as-styles-warning\" style=\"width: 450px; background-color: #FFF; color: #F00; border: 1px solid #F00; padding: 10px; font-size: 14px;\">\n\t\t\t<span style=\"font-weight: bold;\">Warning: The stylesheets were not loaded!<\/span> \n\t\t\tYou will need to change the <i>Load stylesheets<\/i> setting from <i>Automatically<\/i> to <i>On homepage<\/i> or <i>On all pages<\/i>. \n\t\t\tYou can set that <a style=\"text-decoration: underline; color: #F00;\" href=\"https:\/\/piedracarrascoy.es\/wp-admin\/admin.php?page=accordion-slider-settings\">here<\/a>.\n\t\t\t<\/div>\r\n<div id=\"accordion-slider-10\" class=\"accordion-slider as-no-js\" style=\"width: 800px; height: 400px;\">\r\n\t<div class=\"as-panels\">\r\n\t\t\r\n\t\t<div class=\"as-panel\">\r\n\t\t\t<img loading=\"lazy\" decoding=\"async\" class=\"as-background\" src=\"https:\/\/piedracarrascoy.es\/wp-content\/uploads\/2023\/05\/muro-ambar-carrascoy-a-mano-levantada-junta-tapada-tresbolillo-300x134.jpg\" width=\"300\" height=\"134\" \/>\r\n\t\t\t\r\n\t\t\t<p class=\"as-layer as-always as-black as-padding as-vertical\" data-position=\"bottomLeft\">Ambar<\/p>\r\n\t\t<\/div>\r\n\t<\/div>\r\n<\/div><\/div>\n\t\t\t\t<\/div>\n\t\t\t\t<\/div>\n\t\t\t\t\t<\/div>\n\t\t<\/div>\n\t\t\t\t\t\t\t<\/div>\n\t\t<\/section>\n\t\t\t\t\t\t\t<\/div>\n\t\t","protected":false},"excerpt":{"rendered":"<p>[ Nuestras Piedras ] Laja Carrascoy En nuestra cantera, nos enorgullece contar con una gran diversidad de piedras naturales extra\u00eddas cuidadosamente de nuestras fuentes exclusivas. Cada una de nuestras piedras, ya sea el fascinante \u00c1mbar, el elegante Gris Oscuro o el sereno Gris Claro, tiene una personalidad \u00fanica que aporta encanto y distinci\u00f3n a cualquier [&hellip;]<\/p>\n","protected":false},"author":1,"featured_media":0,"parent":0,"menu_order":0,"comment_status":"closed","ping_status":"closed","template":"","meta":{"footnotes":""},"yoast_head":"<!-- This site is optimized with the Yoast SEO plugin v20.8 - https:\/\/yoast.com\/wordpress\/plugins\/seo\/ -->\n<title>Laja Carrascoy - Marmoles Carrascoy<\/title>\n<meta name=\"robots\" content=\"index, follow, max-snippet:-1, max-image-preview:large, max-video-preview:-1\" \/>\n<link rel=\"canonical\" href=\"https:\/\/piedracarrascoy.es\/index.php\/laja-carrascoy\/\" \/>\n<meta property=\"og:locale\" content=\"es_ES\" \/>\n<meta property=\"og:type\" content=\"article\" \/>\n<meta property=\"og:title\" content=\"Laja Carrascoy - Marmoles Carrascoy\" \/>\n<meta property=\"og:description\" content=\"[ Nuestras Piedras ] Laja Carrascoy En nuestra cantera, nos enorgullece contar con una gran diversidad de piedras naturales extra\u00eddas cuidadosamente de nuestras fuentes exclusivas. Cada una de nuestras piedras, ya sea el fascinante \u00c1mbar, el elegante Gris Oscuro o el sereno Gris Claro, tiene una personalidad \u00fanica que aporta encanto y distinci\u00f3n a cualquier [&hellip;]\" \/>\n<meta property=\"og:url\" content=\"https:\/\/piedracarrascoy.es\/index.php\/laja-carrascoy\/\" \/>\n<meta property=\"og:site_name\" content=\"Marmoles Carrascoy\" \/>\n<meta property=\"article:modified_time\" content=\"2023-06-30T06:58:22+00:00\" \/>\n<meta name=\"twitter:card\" content=\"summary_large_image\" \/>\n<meta name=\"twitter:label1\" content=\"Tiempo de lectura\" \/>\n\t<meta name=\"twitter:data1\" content=\"1 minuto\" \/>\n<script type=\"application\/ld+json\" class=\"yoast-schema-graph\">{\"@context\":\"https:\/\/schema.org\",\"@graph\":[{\"@type\":\"WebPage\",\"@id\":\"https:\/\/piedracarrascoy.es\/index.php\/laja-carrascoy\/\",\"url\":\"https:\/\/piedracarrascoy.es\/index.php\/laja-carrascoy\/\",\"name\":\"Laja Carrascoy - Marmoles Carrascoy\",\"isPartOf\":{\"@id\":\"https:\/\/piedracarrascoy.es\/#website\"},\"datePublished\":\"2023-06-30T06:56:52+00:00\",\"dateModified\":\"2023-06-30T06:58:22+00:00\",\"breadcrumb\":{\"@id\":\"https:\/\/piedracarrascoy.es\/index.php\/laja-carrascoy\/#breadcrumb\"},\"inLanguage\":\"es\",\"potentialAction\":[{\"@type\":\"ReadAction\",\"target\":[\"https:\/\/piedracarrascoy.es\/index.php\/laja-carrascoy\/\"]}]},{\"@type\":\"BreadcrumbList\",\"@id\":\"https:\/\/piedracarrascoy.es\/index.php\/laja-carrascoy\/#breadcrumb\",\"itemListElement\":[{\"@type\":\"ListItem\",\"position\":1,\"name\":\"Portada\",\"item\":\"https:\/\/piedracarrascoy.es\/\"},{\"@type\":\"ListItem\",\"position\":2,\"name\":\"Laja Carrascoy\"}]},{\"@type\":\"WebSite\",\"@id\":\"https:\/\/piedracarrascoy.es\/#website\",\"url\":\"https:\/\/piedracarrascoy.es\/\",\"name\":\"Marmoles Carrascoy\",\"description\":\"Marmoles\",\"potentialAction\":[{\"@type\":\"SearchAction\",\"target\":{\"@type\":\"EntryPoint\",\"urlTemplate\":\"https:\/\/piedracarrascoy.es\/?s={search_term_string}\"},\"query-input\":\"required name=search_term_string\"}],\"inLanguage\":\"es\"}]}<\/script>\n<!-- \/ Yoast SEO plugin. -->","yoast_head_json":{"title":"Laja Carrascoy - Marmoles Carrascoy","robots":{"index":"index","follow":"follow","max-snippet":"max-snippet:-1","max-image-preview":"max-image-preview:large","max-video-preview":"max-video-preview:-1"},"canonical":"https:\/\/piedracarrascoy.es\/index.php\/laja-carrascoy\/","og_locale":"es_ES","og_type":"article","og_title":"Laja Carrascoy - Marmoles Carrascoy","og_description":"[ Nuestras Piedras ] Laja Carrascoy En nuestra cantera, nos enorgullece contar con una gran diversidad de piedras naturales extra\u00eddas cuidadosamente de nuestras fuentes exclusivas. Cada una de nuestras piedras, ya sea el fascinante \u00c1mbar, el elegante Gris Oscuro o el sereno Gris Claro, tiene una personalidad \u00fanica que aporta encanto y distinci\u00f3n a cualquier [&hellip;]","og_url":"https:\/\/piedracarrascoy.es\/index.php\/laja-carrascoy\/","og_site_name":"Marmoles Carrascoy","article_modified_time":"2023-06-30T06:58:22+00:00","twitter_card":"summary_large_image","twitter_misc":{"Tiempo de lectura":"1 minuto"},"schema":{"@context":"https:\/\/schema.org","@graph":[{"@type":"WebPage","@id":"https:\/\/piedracarrascoy.es\/index.php\/laja-carrascoy\/","url":"https:\/\/piedracarrascoy.es\/index.php\/laja-carrascoy\/","name":"Laja Carrascoy - Marmoles Carrascoy","isPartOf":{"@id":"https:\/\/piedracarrascoy.es\/#website"},"datePublished":"2023-06-30T06:56:52+00:00","dateModified":"2023-06-30T06:58:22+00:00","breadcrumb":{"@id":"https:\/\/piedracarrascoy.es\/index.php\/laja-carrascoy\/#breadcrumb"},"inLanguage":"es","potentialAction":[{"@type":"ReadAction","target":["https:\/\/piedracarrascoy.es\/index.php\/laja-carrascoy\/"]}]},{"@type":"BreadcrumbList","@id":"https:\/\/piedracarrascoy.es\/index.php\/laja-carrascoy\/#breadcrumb","itemListElement":[{"@type":"ListItem","position":1,"name":"Portada","item":"https:\/\/piedracarrascoy.es\/"},{"@type":"ListItem","position":2,"name":"Laja Carrascoy"}]},{"@type":"WebSite","@id":"https:\/\/piedracarrascoy.es\/#website","url":"https:\/\/piedracarrascoy.es\/","name":"Marmoles Carrascoy","description":"Marmoles","potentialAction":[{"@type":"SearchAction","target":{"@type":"EntryPoint","urlTemplate":"https:\/\/piedracarrascoy.es\/?s={search_term_string}"},"query-input":"required name=search_term_string"}],"inLanguage":"es"}]}},"_links":{"self":[{"href":"https:\/\/piedracarrascoy.es\/index.php\/wp-json\/wp\/v2\/pages\/12159"}],"collection":[{"href":"https:\/\/piedracarrascoy.es\/index.php\/wp-json\/wp\/v2\/pages"}],"about":[{"href":"https:\/\/piedracarrascoy.es\/index.php\/wp-json\/wp\/v2\/types\/page"}],"author":[{"embeddable":true,"href":"https:\/\/piedracarrascoy.es\/index.php\/wp-json\/wp\/v2\/users\/1"}],"replies":[{"embeddable":true,"href":"https:\/\/piedracarrascoy.es\/index.php\/wp-json\/wp\/v2\/comments?post=12159"}],"version-history":[{"count":6,"href":"https:\/\/piedracarrascoy.es\/index.php\/wp-json\/wp\/v2\/pages\/12159\/revisions"}],"predecessor-version":[{"id":12165,"href":"https:\/\/piedracarrascoy.es\/index.php\/wp-json\/wp\/v2\/pages\/12159\/revisions\/12165"}],"wp:attachment":[{"href":"https:\/\/piedracarrascoy.es\/index.php\/wp-json\/wp\/v2\/media?parent=12159"}],"curies":[{"name":"wp","href":"https:\/\/api.w.org\/{rel}","templated":true}]}}