{"id":2549,"date":"2020-05-15T11:08:03","date_gmt":"2020-05-15T11:08:03","guid":{"rendered":"http:\/\/localhost\/theratio\/?page_id=2549"},"modified":"2023-06-01T07:38:10","modified_gmt":"2023-06-01T07:38:10","slug":"diseno-interior","status":"publish","type":"page","link":"https:\/\/piedracarrascoy.es\/index.php\/nuestros-servicios-piedra\/diseno-interior\/","title":{"rendered":"Dise\u00f1o Interior"},"content":{"rendered":"\t\t<div data-elementor-type=\"wp-page\" data-elementor-id=\"2549\" class=\"elementor elementor-2549\">\n\t\t\t\t\t\t\t\t\t<section class=\"elementor-section elementor-top-section elementor-element elementor-element-f1ba31b elementor-section-height-min-height elementor-section-boxed elementor-section-height-default elementor-section-items-middle\" data-id=\"f1ba31b\" data-element_type=\"section\" data-settings=\"{&quot;background_background&quot;:&quot;classic&quot;}\">\n\t\t\t\t\t\t<div class=\"elementor-container elementor-column-gap-default\">\n\t\t\t\t\t<div class=\"elementor-column elementor-col-100 elementor-top-column elementor-element elementor-element-9d9a96f ot-flex-column-vertical\" data-id=\"9d9a96f\" data-element_type=\"column\">\n\t\t\t<div class=\"elementor-widget-wrap elementor-element-populated\">\n\t\t\t\t\t\t\t\t<div class=\"elementor-element elementor-element-5391f22 theratio-align-center elementor-widget elementor-widget-iheading\" data-id=\"5391f22\" data-element_type=\"widget\" data-widget_type=\"iheading.default\">\n\t\t\t\t<div class=\"elementor-widget-container\">\n\t\t\t\t\t<div class=\"ot-heading \">\n\t        \t        <h2 class=\"main-heading\">DISE\u00d1O INTERIOR<\/h2>\n\t        \t    <\/div>\n\t    \t\t<\/div>\n\t\t\t\t<\/div>\n\t\t\t\t\t<\/div>\n\t\t<\/div>\n\t\t\t\t\t\t\t<\/div>\n\t\t<\/section>\n\t\t\t\t<section class=\"elementor-section elementor-top-section elementor-element elementor-element-23f84cc elementor-section-boxed elementor-section-height-default elementor-section-height-default\" data-id=\"23f84cc\" data-element_type=\"section\">\n\t\t\t\t\t\t<div class=\"elementor-container elementor-column-gap-extended\">\n\t\t\t\t\t<div class=\"elementor-column elementor-col-100 elementor-top-column elementor-element elementor-element-e58c18f ot-flex-column-vertical\" data-id=\"e58c18f\" data-element_type=\"column\">\n\t\t\t<div class=\"elementor-widget-wrap elementor-element-populated\">\n\t\t\t\t\t\t\t\t<div class=\"elementor-element elementor-element-deb5a60 theratio-align-center elementor-widget elementor-widget-iheading\" data-id=\"deb5a60\" data-element_type=\"widget\" data-widget_type=\"iheading.default\">\n\t\t\t\t<div class=\"elementor-widget-container\">\n\t\t\t\t\t<div class=\"ot-heading \">\n\t        \t            <span>[ QUE OFRECEMOS ]<\/span>\n\t        \t        <h2 class=\"main-heading\">No utilizamos falsificaciones y solo trabajamos con marcas originales <\/h2>\n\t        \t    <\/div>\n\t    \t\t<\/div>\n\t\t\t\t<\/div>\n\t\t\t\t<div class=\"elementor-element elementor-element-a582f33 elementor-widget elementor-widget-text-editor\" data-id=\"a582f33\" data-element_type=\"widget\" data-widget_type=\"text-editor.default\">\n\t\t\t\t<div class=\"elementor-widget-container\">\n\t\t\t<style>\/*! elementor - v3.13.3 - 28-05-2023 *\/\n.elementor-widget-text-editor.elementor-drop-cap-view-stacked .elementor-drop-cap{background-color:#69727d;color:#fff}.elementor-widget-text-editor.elementor-drop-cap-view-framed .elementor-drop-cap{color:#69727d;border:3px solid;background-color:transparent}.elementor-widget-text-editor:not(.elementor-drop-cap-view-default) .elementor-drop-cap{margin-top:8px}.elementor-widget-text-editor:not(.elementor-drop-cap-view-default) .elementor-drop-cap-letter{width:1em;height:1em}.elementor-widget-text-editor .elementor-drop-cap{float:left;text-align:center;line-height:1;font-size:50px}.elementor-widget-text-editor .elementor-drop-cap-letter{display:inline-block}<\/style>\t\t\t\t<p>En M\u00e1rmoles Carrascoy, entendemos que el dise\u00f1o interior es una expresi\u00f3n art\u00edstica que transforma espacios en ambientes \u00fanicos y acogedores. Por eso, te ofrecemos una exquisita selecci\u00f3n de m\u00e1rmoles de la m\u00e1s alta calidad, ideales para crear un dise\u00f1o interior sofisticado y elegante que refleje tu estilo personal.<\/p><p>Cada uno de nuestros marmoles es seleccionado cuidadosamente para garantizar su belleza y durabilidad a largo plazo. Su elegancia natural y su resistencia hacen que sean una elecci\u00f3n perfecta para proyectos de dise\u00f1o interior, ya sea en hogares, oficinas o espacios comerciales. Adem\u00e1s, su f\u00e1cil mantenimiento y limpieza los convierten en una opci\u00f3n pr\u00e1ctica y conveniente para el d\u00eda a d\u00eda.<\/p>\t\t\t\t\t\t<\/div>\n\t\t\t\t<\/div>\n\t\t\t\t<section class=\"elementor-section elementor-inner-section elementor-element elementor-element-ad107e3 elementor-section-boxed elementor-section-height-default elementor-section-height-default\" data-id=\"ad107e3\" data-element_type=\"section\">\n\t\t\t\t\t\t\t<div class=\"elementor-background-overlay\"><\/div>\n\t\t\t\t\t\t\t<div class=\"elementor-container elementor-column-gap-default\">\n\t\t\t\t\t<div class=\"elementor-column elementor-col-66 elementor-inner-column elementor-element elementor-element-e8d5ead ot-flex-column-vertical\" data-id=\"e8d5ead\" data-element_type=\"column\">\n\t\t\t<div class=\"elementor-widget-wrap elementor-element-populated\">\n\t\t\t\t\t\t\t\t<div class=\"elementor-element elementor-element-84b074d elementor-widget elementor-widget-image\" data-id=\"84b074d\" data-element_type=\"widget\" data-widget_type=\"image.default\">\n\t\t\t\t<div class=\"elementor-widget-container\">\n\t\t\t<style>\/*! elementor - v3.13.3 - 28-05-2023 *\/\n.elementor-widget-image{text-align:center}.elementor-widget-image a{display:inline-block}.elementor-widget-image a img[src$=\".svg\"]{width:48px}.elementor-widget-image img{vertical-align:middle;display:inline-block}<\/style>\t\t\t\t\t\t\t\t\t\t\t\t<img loading=\"lazy\" decoding=\"async\" width=\"736\" height=\"735\" src=\"https:\/\/piedracarrascoy.es\/wp-content\/uploads\/2023\/05\/galeria-inicial-2.jpg\" class=\"attachment-large size-large wp-image-11297\" alt=\"\" srcset=\"https:\/\/piedracarrascoy.es\/wp-content\/uploads\/2023\/05\/galeria-inicial-2.jpg 736w, https:\/\/piedracarrascoy.es\/wp-content\/uploads\/2023\/05\/galeria-inicial-2-300x300.jpg 300w, https:\/\/piedracarrascoy.es\/wp-content\/uploads\/2023\/05\/galeria-inicial-2-150x150.jpg 150w, https:\/\/piedracarrascoy.es\/wp-content\/uploads\/2023\/05\/galeria-inicial-2-720x720.jpg 720w\" sizes=\"(max-width: 736px) 100vw, 736px\" \/>\t\t\t\t\t\t\t\t\t\t\t\t\t\t\t<\/div>\n\t\t\t\t<\/div>\n\t\t\t\t\t<\/div>\n\t\t<\/div>\n\t\t\t\t<div class=\"elementor-column elementor-col-66 elementor-inner-column elementor-element elementor-element-bef5ebf ot-flex-column-vertical\" data-id=\"bef5ebf\" data-element_type=\"column\">\n\t\t\t<div class=\"elementor-widget-wrap elementor-element-populated\">\n\t\t\t\t\t\t\t\t<div class=\"elementor-element elementor-element-a7b7842 elementor-widget elementor-widget-image\" data-id=\"a7b7842\" data-element_type=\"widget\" data-widget_type=\"image.default\">\n\t\t\t\t<div class=\"elementor-widget-container\">\n\t\t\t\t\t\t\t\t\t\t\t\t\t\t\t<img loading=\"lazy\" decoding=\"async\" width=\"736\" height=\"735\" src=\"https:\/\/piedracarrascoy.es\/wp-content\/uploads\/2023\/05\/galeria-inicial-4.jpg\" class=\"attachment-large size-large wp-image-11299\" alt=\"\" srcset=\"https:\/\/piedracarrascoy.es\/wp-content\/uploads\/2023\/05\/galeria-inicial-4.jpg 736w, https:\/\/piedracarrascoy.es\/wp-content\/uploads\/2023\/05\/galeria-inicial-4-300x300.jpg 300w, https:\/\/piedracarrascoy.es\/wp-content\/uploads\/2023\/05\/galeria-inicial-4-150x150.jpg 150w, https:\/\/piedracarrascoy.es\/wp-content\/uploads\/2023\/05\/galeria-inicial-4-720x720.jpg 720w\" sizes=\"(max-width: 736px) 100vw, 736px\" \/>\t\t\t\t\t\t\t\t\t\t\t\t\t\t\t<\/div>\n\t\t\t\t<\/div>\n\t\t\t\t\t<\/div>\n\t\t<\/div>\n\t\t\t\t\t\t\t<\/div>\n\t\t<\/section>\n\t\t\t\t<div class=\"elementor-element elementor-element-19b3a60 elementor-widget elementor-widget-text-editor\" data-id=\"19b3a60\" data-element_type=\"widget\" data-widget_type=\"text-editor.default\">\n\t\t\t\t<div class=\"elementor-widget-container\">\n\t\t\t\t\t\t\t<p>Nuestro equipo de expertos en dise\u00f1o interior est\u00e1 aqu\u00ed para ayudarte en cada paso del proceso. Te asesoraremos en la elecci\u00f3n de los marmoles m\u00e1s adecuados para tus necesidades y te brindaremos soluciones personalizadas para lograr el ambiente perfecto que deseas. Con nuestra experiencia y conocimiento, transformaremos tus ideas en realidad y crearemos espacios interiores que te dejar\u00e1n sin aliento.<\/p><p>En M\u00e1rmoles Carrascoy, nos enorgullece ofrecer productos de alta calidad y un servicio excepcional. Nuestro compromiso es superar tus expectativas y brindarte la satisfacci\u00f3n total en cada proyecto de dise\u00f1o interior. Trabajamos en estrecha colaboraci\u00f3n contigo para garantizar que cada detalle sea perfecto y que tu visi\u00f3n se convierta en una realidad impresionante.<\/p>\t\t\t\t\t\t<\/div>\n\t\t\t\t<\/div>\n\t\t\t\t\t<\/div>\n\t\t<\/div>\n\t\t\t\t\t\t\t<\/div>\n\t\t<\/section>\n\t\t\t\t<section class=\"elementor-section elementor-top-section elementor-element elementor-element-8df4964 elementor-section-boxed elementor-section-height-default elementor-section-height-default\" data-id=\"8df4964\" data-element_type=\"section\" data-settings=\"{&quot;background_background&quot;:&quot;classic&quot;}\">\n\t\t\t\t\t\t<div class=\"elementor-container elementor-column-gap-default\">\n\t\t\t\t\t<div class=\"elementor-column elementor-col-33 elementor-top-column elementor-element elementor-element-a45edf0 ot-flex-column-vertical\" data-id=\"a45edf0\" data-element_type=\"column\">\n\t\t\t<div class=\"elementor-widget-wrap elementor-element-populated\">\n\t\t\t\t\t\t\t\t<div class=\"elementor-element elementor-element-b568e1d elementor-widget elementor-widget-iprogress\" data-id=\"b568e1d\" data-element_type=\"widget\" data-widget_type=\"iprogress.default\">\n\t\t\t\t<div class=\"elementor-widget-container\">\n\t\t\t\n\t\t\t\t<div class=\"circle-progress tbottom\" data-color=\"#FFFFFF\" data-height=\"2\" data-size=\"165\">\n\t\t\t<div class=\"inner-bar\" data-percent=\"97\">\n\t\t\t\t<span>\n\t\t\t\t\t<span class=\"percent\">97<\/span>\t\t\t\t<\/span>\n\t\t\t<\/div>\n\t\t\t<h4>analisis de necesidades<\/h4>\t\t<\/div>\n\t\t\n\t    \t\t<\/div>\n\t\t\t\t<\/div>\n\t\t\t\t<div class=\"elementor-element elementor-element-76b479b elementor-widget elementor-widget-text-editor\" data-id=\"76b479b\" data-element_type=\"widget\" data-widget_type=\"text-editor.default\">\n\t\t\t\t<div class=\"elementor-widget-container\">\n\t\t\t\t\t\t\t<p>Identificamos tus necesidades y objetivos.<\/p>\t\t\t\t\t\t<\/div>\n\t\t\t\t<\/div>\n\t\t\t\t\t<\/div>\n\t\t<\/div>\n\t\t\t\t<div class=\"elementor-column elementor-col-33 elementor-top-column elementor-element elementor-element-c7f0cf5 ot-flex-column-vertical\" data-id=\"c7f0cf5\" data-element_type=\"column\">\n\t\t\t<div class=\"elementor-widget-wrap elementor-element-populated\">\n\t\t\t\t\t\t\t\t<div class=\"elementor-element elementor-element-a71c4fd elementor-widget elementor-widget-iprogress\" data-id=\"a71c4fd\" data-element_type=\"widget\" data-widget_type=\"iprogress.default\">\n\t\t\t\t<div class=\"elementor-widget-container\">\n\t\t\t\n\t\t\t\t<div class=\"circle-progress tbottom\" data-color=\"#FFFFFF\" data-height=\"2\" data-size=\"165\">\n\t\t\t<div class=\"inner-bar\" data-percent=\"91\">\n\t\t\t\t<span>\n\t\t\t\t\t<span class=\"percent\">91<\/span>\t\t\t\t<\/span>\n\t\t\t<\/div>\n\t\t\t<h4>desarrollo de concepto<\/h4>\t\t<\/div>\n\t\t\n\t    \t\t<\/div>\n\t\t\t\t<\/div>\n\t\t\t\t<div class=\"elementor-element elementor-element-8cebc14 elementor-widget elementor-widget-text-editor\" data-id=\"8cebc14\" data-element_type=\"widget\" data-widget_type=\"text-editor.default\">\n\t\t\t\t<div class=\"elementor-widget-container\">\n\t\t\t\t\t\t\t<p>Creamos un concepto personalizado para ti.<\/p>\t\t\t\t\t\t<\/div>\n\t\t\t\t<\/div>\n\t\t\t\t\t<\/div>\n\t\t<\/div>\n\t\t\t\t<div class=\"elementor-column elementor-col-33 elementor-top-column elementor-element elementor-element-d6e3cba ot-flex-column-vertical\" data-id=\"d6e3cba\" data-element_type=\"column\">\n\t\t\t<div class=\"elementor-widget-wrap elementor-element-populated\">\n\t\t\t\t\t\t\t\t<div class=\"elementor-element elementor-element-eba34ef elementor-widget elementor-widget-iprogress\" data-id=\"eba34ef\" data-element_type=\"widget\" data-widget_type=\"iprogress.default\">\n\t\t\t\t<div class=\"elementor-widget-container\">\n\t\t\t\n\t\t\t\t<div class=\"circle-progress tbottom\" data-color=\"#FFFFFF\" data-height=\"2\" data-size=\"165\">\n\t\t\t<div class=\"inner-bar\" data-percent=\"97\">\n\t\t\t\t<span>\n\t\t\t\t\t<span class=\"percent\">97<\/span>\t\t\t\t<\/span>\n\t\t\t<\/div>\n\t\t\t<h4>presentacion de propuestas<\/h4>\t\t<\/div>\n\t\t\n\t    \t\t<\/div>\n\t\t\t\t<\/div>\n\t\t\t\t<div class=\"elementor-element elementor-element-cbc871d elementor-widget elementor-widget-text-editor\" data-id=\"cbc871d\" data-element_type=\"widget\" data-widget_type=\"text-editor.default\">\n\t\t\t\t<div class=\"elementor-widget-container\">\n\t\t\t\t\t\t\t<p>Te presentamos opciones de dise\u00f1o para elegir.<\/p>\t\t\t\t\t\t<\/div>\n\t\t\t\t<\/div>\n\t\t\t\t\t<\/div>\n\t\t<\/div>\n\t\t\t\t\t\t\t<\/div>\n\t\t<\/section>\n\t\t\t\t\t\t\t<\/div>\n\t\t","protected":false},"excerpt":{"rendered":"<p>DISE\u00d1O INTERIOR [ QUE OFRECEMOS ] No utilizamos falsificaciones y solo trabajamos con marcas originales En M\u00e1rmoles Carrascoy, entendemos que el dise\u00f1o interior es una expresi\u00f3n art\u00edstica que transforma espacios en ambientes \u00fanicos y acogedores. Por eso, te ofrecemos una exquisita selecci\u00f3n de m\u00e1rmoles de la m\u00e1s alta calidad, ideales para crear un dise\u00f1o interior [&hellip;]<\/p>\n","protected":false},"author":1,"featured_media":0,"parent":2405,"menu_order":0,"comment_status":"closed","ping_status":"closed","template":"","meta":{"footnotes":""},"yoast_head":"<!-- This site is optimized with the Yoast SEO plugin v20.8 - https:\/\/yoast.com\/wordpress\/plugins\/seo\/ -->\n<title>Dise\u00f1o Interior - Marmoles Carrascoy<\/title>\n<meta name=\"robots\" content=\"index, follow, max-snippet:-1, max-image-preview:large, max-video-preview:-1\" \/>\n<link rel=\"canonical\" href=\"https:\/\/piedracarrascoy.es\/index.php\/nuestros-servicios-piedra\/diseno-interior\/\" \/>\n<meta property=\"og:locale\" content=\"es_ES\" \/>\n<meta property=\"og:type\" content=\"article\" \/>\n<meta property=\"og:title\" content=\"Dise\u00f1o Interior - Marmoles Carrascoy\" \/>\n<meta property=\"og:description\" content=\"DISE\u00d1O INTERIOR [ QUE OFRECEMOS ] No utilizamos falsificaciones y solo trabajamos con marcas originales En M\u00e1rmoles Carrascoy, entendemos que el dise\u00f1o interior es una expresi\u00f3n art\u00edstica que transforma espacios en ambientes \u00fanicos y acogedores. Por eso, te ofrecemos una exquisita selecci\u00f3n de m\u00e1rmoles de la m\u00e1s alta calidad, ideales para crear un dise\u00f1o interior [&hellip;]\" \/>\n<meta property=\"og:url\" content=\"https:\/\/piedracarrascoy.es\/index.php\/nuestros-servicios-piedra\/diseno-interior\/\" \/>\n<meta property=\"og:site_name\" content=\"Marmoles Carrascoy\" \/>\n<meta property=\"article:modified_time\" content=\"2023-06-01T07:38:10+00:00\" \/>\n<meta property=\"og:image\" content=\"https:\/\/piedracarrascoy.es\/wp-content\/uploads\/2023\/05\/galeria-inicial-2.jpg\" \/>\n<meta name=\"twitter:card\" content=\"summary_large_image\" \/>\n<meta name=\"twitter:label1\" content=\"Tiempo de lectura\" \/>\n\t<meta name=\"twitter:data1\" content=\"2 minutos\" \/>\n<script type=\"application\/ld+json\" class=\"yoast-schema-graph\">{\"@context\":\"https:\/\/schema.org\",\"@graph\":[{\"@type\":\"WebPage\",\"@id\":\"https:\/\/piedracarrascoy.es\/index.php\/nuestros-servicios-piedra\/diseno-interior\/\",\"url\":\"https:\/\/piedracarrascoy.es\/index.php\/nuestros-servicios-piedra\/diseno-interior\/\",\"name\":\"Dise\u00f1o Interior - Marmoles Carrascoy\",\"isPartOf\":{\"@id\":\"https:\/\/piedracarrascoy.es\/#website\"},\"datePublished\":\"2020-05-15T11:08:03+00:00\",\"dateModified\":\"2023-06-01T07:38:10+00:00\",\"breadcrumb\":{\"@id\":\"https:\/\/piedracarrascoy.es\/index.php\/nuestros-servicios-piedra\/diseno-interior\/#breadcrumb\"},\"inLanguage\":\"es\",\"potentialAction\":[{\"@type\":\"ReadAction\",\"target\":[\"https:\/\/piedracarrascoy.es\/index.php\/nuestros-servicios-piedra\/diseno-interior\/\"]}]},{\"@type\":\"BreadcrumbList\",\"@id\":\"https:\/\/piedracarrascoy.es\/index.php\/nuestros-servicios-piedra\/diseno-interior\/#breadcrumb\",\"itemListElement\":[{\"@type\":\"ListItem\",\"position\":1,\"name\":\"Portada\",\"item\":\"https:\/\/piedracarrascoy.es\/\"},{\"@type\":\"ListItem\",\"position\":2,\"name\":\"Nuestros Servicios\",\"item\":\"https:\/\/piedracarrascoy.es\/index.php\/nuestros-servicios-piedra\/\"},{\"@type\":\"ListItem\",\"position\":3,\"name\":\"Dise\u00f1o Interior\"}]},{\"@type\":\"WebSite\",\"@id\":\"https:\/\/piedracarrascoy.es\/#website\",\"url\":\"https:\/\/piedracarrascoy.es\/\",\"name\":\"Marmoles Carrascoy\",\"description\":\"Marmoles\",\"potentialAction\":[{\"@type\":\"SearchAction\",\"target\":{\"@type\":\"EntryPoint\",\"urlTemplate\":\"https:\/\/piedracarrascoy.es\/?s={search_term_string}\"},\"query-input\":\"required name=search_term_string\"}],\"inLanguage\":\"es\"}]}<\/script>\n<!-- \/ Yoast SEO plugin. -->","yoast_head_json":{"title":"Dise\u00f1o Interior - Marmoles Carrascoy","robots":{"index":"index","follow":"follow","max-snippet":"max-snippet:-1","max-image-preview":"max-image-preview:large","max-video-preview":"max-video-preview:-1"},"canonical":"https:\/\/piedracarrascoy.es\/index.php\/nuestros-servicios-piedra\/diseno-interior\/","og_locale":"es_ES","og_type":"article","og_title":"Dise\u00f1o Interior - Marmoles Carrascoy","og_description":"DISE\u00d1O INTERIOR [ QUE OFRECEMOS ] No utilizamos falsificaciones y solo trabajamos con marcas originales En M\u00e1rmoles Carrascoy, entendemos que el dise\u00f1o interior es una expresi\u00f3n art\u00edstica que transforma espacios en ambientes \u00fanicos y acogedores. Por eso, te ofrecemos una exquisita selecci\u00f3n de m\u00e1rmoles de la m\u00e1s alta calidad, ideales para crear un dise\u00f1o interior [&hellip;]","og_url":"https:\/\/piedracarrascoy.es\/index.php\/nuestros-servicios-piedra\/diseno-interior\/","og_site_name":"Marmoles Carrascoy","article_modified_time":"2023-06-01T07:38:10+00:00","og_image":[{"url":"https:\/\/piedracarrascoy.es\/wp-content\/uploads\/2023\/05\/galeria-inicial-2.jpg"}],"twitter_card":"summary_large_image","twitter_misc":{"Tiempo de lectura":"2 minutos"},"schema":{"@context":"https:\/\/schema.org","@graph":[{"@type":"WebPage","@id":"https:\/\/piedracarrascoy.es\/index.php\/nuestros-servicios-piedra\/diseno-interior\/","url":"https:\/\/piedracarrascoy.es\/index.php\/nuestros-servicios-piedra\/diseno-interior\/","name":"Dise\u00f1o Interior - Marmoles Carrascoy","isPartOf":{"@id":"https:\/\/piedracarrascoy.es\/#website"},"datePublished":"2020-05-15T11:08:03+00:00","dateModified":"2023-06-01T07:38:10+00:00","breadcrumb":{"@id":"https:\/\/piedracarrascoy.es\/index.php\/nuestros-servicios-piedra\/diseno-interior\/#breadcrumb"},"inLanguage":"es","potentialAction":[{"@type":"ReadAction","target":["https:\/\/piedracarrascoy.es\/index.php\/nuestros-servicios-piedra\/diseno-interior\/"]}]},{"@type":"BreadcrumbList","@id":"https:\/\/piedracarrascoy.es\/index.php\/nuestros-servicios-piedra\/diseno-interior\/#breadcrumb","itemListElement":[{"@type":"ListItem","position":1,"name":"Portada","item":"https:\/\/piedracarrascoy.es\/"},{"@type":"ListItem","position":2,"name":"Nuestros Servicios","item":"https:\/\/piedracarrascoy.es\/index.php\/nuestros-servicios-piedra\/"},{"@type":"ListItem","position":3,"name":"Dise\u00f1o Interior"}]},{"@type":"WebSite","@id":"https:\/\/piedracarrascoy.es\/#website","url":"https:\/\/piedracarrascoy.es\/","name":"Marmoles Carrascoy","description":"Marmoles","potentialAction":[{"@type":"SearchAction","target":{"@type":"EntryPoint","urlTemplate":"https:\/\/piedracarrascoy.es\/?s={search_term_string}"},"query-input":"required name=search_term_string"}],"inLanguage":"es"}]}},"_links":{"self":[{"href":"https:\/\/piedracarrascoy.es\/index.php\/wp-json\/wp\/v2\/pages\/2549"}],"collection":[{"href":"https:\/\/piedracarrascoy.es\/index.php\/wp-json\/wp\/v2\/pages"}],"about":[{"href":"https:\/\/piedracarrascoy.es\/index.php\/wp-json\/wp\/v2\/types\/page"}],"author":[{"embeddable":true,"href":"https:\/\/piedracarrascoy.es\/index.php\/wp-json\/wp\/v2\/users\/1"}],"replies":[{"embeddable":true,"href":"https:\/\/piedracarrascoy.es\/index.php\/wp-json\/wp\/v2\/comments?post=2549"}],"version-history":[{"count":16,"href":"https:\/\/piedracarrascoy.es\/index.php\/wp-json\/wp\/v2\/pages\/2549\/revisions"}],"predecessor-version":[{"id":11887,"href":"https:\/\/piedracarrascoy.es\/index.php\/wp-json\/wp\/v2\/pages\/2549\/revisions\/11887"}],"up":[{"embeddable":true,"href":"https:\/\/piedracarrascoy.es\/index.php\/wp-json\/wp\/v2\/pages\/2405"}],"wp:attachment":[{"href":"https:\/\/piedracarrascoy.es\/index.php\/wp-json\/wp\/v2\/media?parent=2549"}],"curies":[{"name":"wp","href":"https:\/\/api.w.org\/{rel}","templated":true}]}}