{"id":2582,"date":"2020-05-18T04:43:59","date_gmt":"2020-05-18T04:43:59","guid":{"rendered":"http:\/\/localhost\/theratio\/?page_id=2582"},"modified":"2023-06-20T10:18:03","modified_gmt":"2023-06-20T10:18:03","slug":"galeria","status":"publish","type":"page","link":"https:\/\/piedracarrascoy.es\/index.php\/galeria\/","title":{"rendered":"Galeria"},"content":{"rendered":"\t\t<div data-elementor-type=\"wp-page\" data-elementor-id=\"2582\" class=\"elementor elementor-2582\">\n\t\t\t\t\t\t\t\t\t<section class=\"elementor-section elementor-top-section elementor-element elementor-element-b29e3dd elementor-section-boxed elementor-section-height-default elementor-section-height-default\" data-id=\"b29e3dd\" data-element_type=\"section\">\n\t\t\t\t\t\t<div class=\"elementor-container elementor-column-gap-default\">\n\t\t\t\t\t<div class=\"elementor-column elementor-col-100 elementor-top-column elementor-element elementor-element-d6303c8 ot-flex-column-vertical\" data-id=\"d6303c8\" data-element_type=\"column\">\n\t\t\t<div class=\"elementor-widget-wrap elementor-element-populated\">\n\t\t\t\t\t\t\t\t<div class=\"elementor-element elementor-element-e09abd0 theratio-align-center elementor-widget elementor-widget-iheading\" data-id=\"e09abd0\" data-element_type=\"widget\" data-widget_type=\"iheading.default\">\n\t\t\t\t<div class=\"elementor-widget-container\">\n\t\t\t\t\t<div class=\"ot-heading \">\n\t        \t        <h2 class=\"main-heading\">Galeria de algunas de nuestras apliaciones<\/h2>\n\t        \t    <\/div>\n\t    \t\t<\/div>\n\t\t\t\t<\/div>\n\t\t\t\t<div class=\"elementor-element elementor-element-1089088 elementor-widget elementor-widget-ipfilter\" data-id=\"1089088\" data-element_type=\"widget\" data-widget_type=\"ipfilter.default\">\n\t\t\t\t<div class=\"elementor-widget-container\">\n\t\t\t\n\t\t<div class=\"project-filter-wrapper\">\n\t\t\t\t        \t<div class=\"container\">\n\t        \t\t<ul class=\"project_filters\">\n\t        \t\t\t\t        \t\t\t \t<li><a href=\"#\" data-filter=\"*\" class=\"selected btn-details\">TODO<span class=\"filter-count\"><\/span><\/a><\/li>\n\t        \t\t\t\t\t                \t\t                \t<li>\n\t\t\t\t\t\t\t\t<a class=\"btn-details\" href='#' data-filter='.category-55'>Cocinas<span class=\"filter-count\"><\/span><\/a>\n\t\t\t\t\t\t\t<\/li>\t                   \n\t\t                \t\t                \t<li>\n\t\t\t\t\t\t\t\t<a class=\"btn-details\" href='#' data-filter='.category-56'>Decoraci\u00f3n Exterior<span class=\"filter-count\"><\/span><\/a>\n\t\t\t\t\t\t\t<\/li>\t                   \n\t\t                \t\t                \t<li>\n\t\t\t\t\t\t\t\t<a class=\"btn-details\" href='#' data-filter='.category-58'>Ba\u00f1os<span class=\"filter-count\"><\/span><\/a>\n\t\t\t\t\t\t\t<\/li>\t                   \n\t\t                \t\t\t\t\t<\/ul>\n\t\t\t\t<\/div>\n\t        \t\t\t\t        <div class=\"projects-grid pf_3_cols style-4 img-popup img-scale w-auto no-cat\" data-load=\"\" data-count=\"6\">\n\t\t\t<div class=\"grid-sizer\"><\/div>\n\t            \n<div class=\"project-item category-56 \">\n\t<div class=\"projects-box\">\n\t\t<div class=\"projects-thumbnail\" data-src=\"https:\/\/piedracarrascoy.es\/wp-content\/uploads\/2023\/06\/DETALLE-N-1-scaled.jpg\" data-sub-html=\"Exterior 8\">\n\t\t\t<a href=\"https:\/\/piedracarrascoy.es\/index.php\/portfolio\/exterior-8\/\">\n\t\t\t\t<img loading=\"lazy\" decoding=\"async\" width=\"720\" height=\"720\" src=\"https:\/\/piedracarrascoy.es\/wp-content\/uploads\/2023\/06\/DETALLE-N-1-720x720.jpg\" class=\"attachment-theratio-portfolio-thumbnail-grid size-theratio-portfolio-thumbnail-grid wp-post-image\" alt=\"\" srcset=\"https:\/\/piedracarrascoy.es\/wp-content\/uploads\/2023\/06\/DETALLE-N-1-720x720.jpg 720w, https:\/\/piedracarrascoy.es\/wp-content\/uploads\/2023\/06\/DETALLE-N-1-150x150.jpg 150w\" sizes=\"(max-width: 720px) 100vw, 720px\" \/>\t\t\t<\/a>\n\t\t\t\n\t\t\t<span class=\"overlay\">\n\t\t\t\t<h5>Exterior 8<\/h5>\n\t\t\t\t<i class=\"ot-flaticon-add\"><\/i>\n\t\t\t<\/span>\n\t\t<\/div>\n\t\t<div class=\"portfolio-info\">\n\t\t\t<div class=\"portfolio-info-inner\">\n\t\t\t\t<h5><a class=\"title-link\" href=\"https:\/\/piedracarrascoy.es\/index.php\/portfolio\/exterior-8\/\" data-src=\"https:\/\/piedracarrascoy.es\/wp-content\/uploads\/2023\/06\/DETALLE-N-1-scaled.jpg\" data-sub-html=\"Exterior 8\">Exterior 8<\/a><\/h5>\n\t\t\t\t<p class=\"portfolio-cates\"><a href=\"https:\/\/piedracarrascoy.es\/index.php\/portfolio-category\/decoracion-exterior\/\">Decoraci\u00f3n Exterior<\/a><\/p> \n\t\t\t<\/div>\n\t\t\t<a class=\"overlay\" href=\"https:\/\/piedracarrascoy.es\/index.php\/portfolio\/exterior-8\/\"><\/a>\n\t\t<\/div>\n\t<\/div>\n<\/div>\n<div class=\"project-item category-56 \">\n\t<div class=\"projects-box\">\n\t\t<div class=\"projects-thumbnail\" data-src=\"https:\/\/piedracarrascoy.es\/wp-content\/uploads\/2023\/06\/ESCALERA-N-1-scaled.jpg\" data-sub-html=\"Exterior 7\">\n\t\t\t<a href=\"https:\/\/piedracarrascoy.es\/index.php\/portfolio\/exterior-7\/\">\n\t\t\t\t<img loading=\"lazy\" decoding=\"async\" width=\"720\" height=\"720\" src=\"https:\/\/piedracarrascoy.es\/wp-content\/uploads\/2023\/06\/ESCALERA-N-1-720x720.jpg\" class=\"attachment-theratio-portfolio-thumbnail-grid size-theratio-portfolio-thumbnail-grid wp-post-image\" alt=\"\" srcset=\"https:\/\/piedracarrascoy.es\/wp-content\/uploads\/2023\/06\/ESCALERA-N-1-720x720.jpg 720w, https:\/\/piedracarrascoy.es\/wp-content\/uploads\/2023\/06\/ESCALERA-N-1-150x150.jpg 150w\" sizes=\"(max-width: 720px) 100vw, 720px\" \/>\t\t\t<\/a>\n\t\t\t\n\t\t\t<span class=\"overlay\">\n\t\t\t\t<h5>Exterior 7<\/h5>\n\t\t\t\t<i class=\"ot-flaticon-add\"><\/i>\n\t\t\t<\/span>\n\t\t<\/div>\n\t\t<div class=\"portfolio-info\">\n\t\t\t<div class=\"portfolio-info-inner\">\n\t\t\t\t<h5><a class=\"title-link\" href=\"https:\/\/piedracarrascoy.es\/index.php\/portfolio\/exterior-7\/\" data-src=\"https:\/\/piedracarrascoy.es\/wp-content\/uploads\/2023\/06\/ESCALERA-N-1-scaled.jpg\" data-sub-html=\"Exterior 7\">Exterior 7<\/a><\/h5>\n\t\t\t\t<p class=\"portfolio-cates\"><a href=\"https:\/\/piedracarrascoy.es\/index.php\/portfolio-category\/decoracion-exterior\/\">Decoraci\u00f3n Exterior<\/a><\/p> \n\t\t\t<\/div>\n\t\t\t<a class=\"overlay\" href=\"https:\/\/piedracarrascoy.es\/index.php\/portfolio\/exterior-7\/\"><\/a>\n\t\t<\/div>\n\t<\/div>\n<\/div>\n<div class=\"project-item category-58 \">\n\t<div class=\"projects-box\">\n\t\t<div class=\"projects-thumbnail\" data-src=\"https:\/\/piedracarrascoy.es\/wp-content\/uploads\/2023\/06\/BANO-N-4.jpg\" data-sub-html=\"Ba\u00f1os 2\">\n\t\t\t<a href=\"https:\/\/piedracarrascoy.es\/index.php\/portfolio\/lavabo-2\/\">\n\t\t\t\t<img loading=\"lazy\" decoding=\"async\" width=\"720\" height=\"720\" src=\"https:\/\/piedracarrascoy.es\/wp-content\/uploads\/2023\/06\/BANO-N-4-720x720.jpg\" class=\"attachment-theratio-portfolio-thumbnail-grid size-theratio-portfolio-thumbnail-grid wp-post-image\" alt=\"\" srcset=\"https:\/\/piedracarrascoy.es\/wp-content\/uploads\/2023\/06\/BANO-N-4-720x720.jpg 720w, https:\/\/piedracarrascoy.es\/wp-content\/uploads\/2023\/06\/BANO-N-4-150x150.jpg 150w\" sizes=\"(max-width: 720px) 100vw, 720px\" \/>\t\t\t<\/a>\n\t\t\t\n\t\t\t<span class=\"overlay\">\n\t\t\t\t<h5>Ba\u00f1os 2<\/h5>\n\t\t\t\t<i class=\"ot-flaticon-add\"><\/i>\n\t\t\t<\/span>\n\t\t<\/div>\n\t\t<div class=\"portfolio-info\">\n\t\t\t<div class=\"portfolio-info-inner\">\n\t\t\t\t<h5><a class=\"title-link\" href=\"https:\/\/piedracarrascoy.es\/index.php\/portfolio\/lavabo-2\/\" data-src=\"https:\/\/piedracarrascoy.es\/wp-content\/uploads\/2023\/06\/BANO-N-4.jpg\" data-sub-html=\"Ba\u00f1os 2\">Ba\u00f1os 2<\/a><\/h5>\n\t\t\t\t<p class=\"portfolio-cates\"><a href=\"https:\/\/piedracarrascoy.es\/index.php\/portfolio-category\/lavabo\/\">Ba\u00f1os<\/a><\/p> \n\t\t\t<\/div>\n\t\t\t<a class=\"overlay\" href=\"https:\/\/piedracarrascoy.es\/index.php\/portfolio\/lavabo-2\/\"><\/a>\n\t\t<\/div>\n\t<\/div>\n<\/div>\n<div class=\"project-item category-58 \">\n\t<div class=\"projects-box\">\n\t\t<div class=\"projects-thumbnail\" data-src=\"https:\/\/piedracarrascoy.es\/wp-content\/uploads\/2023\/06\/BANO-N-1.jpg\" data-sub-html=\"Ba\u00f1o 1\">\n\t\t\t<a href=\"https:\/\/piedracarrascoy.es\/index.php\/portfolio\/lavabo-1\/\">\n\t\t\t\t<img loading=\"lazy\" decoding=\"async\" width=\"720\" height=\"720\" src=\"https:\/\/piedracarrascoy.es\/wp-content\/uploads\/2023\/06\/BANO-N-1-720x720.jpg\" class=\"attachment-theratio-portfolio-thumbnail-grid size-theratio-portfolio-thumbnail-grid wp-post-image\" alt=\"\" srcset=\"https:\/\/piedracarrascoy.es\/wp-content\/uploads\/2023\/06\/BANO-N-1-720x720.jpg 720w, https:\/\/piedracarrascoy.es\/wp-content\/uploads\/2023\/06\/BANO-N-1-150x150.jpg 150w\" sizes=\"(max-width: 720px) 100vw, 720px\" \/>\t\t\t<\/a>\n\t\t\t\n\t\t\t<span class=\"overlay\">\n\t\t\t\t<h5>Ba\u00f1o 1<\/h5>\n\t\t\t\t<i class=\"ot-flaticon-add\"><\/i>\n\t\t\t<\/span>\n\t\t<\/div>\n\t\t<div class=\"portfolio-info\">\n\t\t\t<div class=\"portfolio-info-inner\">\n\t\t\t\t<h5><a class=\"title-link\" href=\"https:\/\/piedracarrascoy.es\/index.php\/portfolio\/lavabo-1\/\" data-src=\"https:\/\/piedracarrascoy.es\/wp-content\/uploads\/2023\/06\/BANO-N-1.jpg\" data-sub-html=\"Ba\u00f1o 1\">Ba\u00f1o 1<\/a><\/h5>\n\t\t\t\t<p class=\"portfolio-cates\"><a href=\"https:\/\/piedracarrascoy.es\/index.php\/portfolio-category\/lavabo\/\">Ba\u00f1os<\/a><\/p> \n\t\t\t<\/div>\n\t\t\t<a class=\"overlay\" href=\"https:\/\/piedracarrascoy.es\/index.php\/portfolio\/lavabo-1\/\"><\/a>\n\t\t<\/div>\n\t<\/div>\n<\/div>\n<div class=\"project-item category-56 \">\n\t<div class=\"projects-box\">\n\t\t<div class=\"projects-thumbnail\" data-src=\"https:\/\/piedracarrascoy.es\/wp-content\/uploads\/2023\/05\/foto6.jpg\" data-sub-html=\"Exterior 3\">\n\t\t\t<a href=\"https:\/\/piedracarrascoy.es\/index.php\/portfolio\/exterior-3\/\">\n\t\t\t\t<img loading=\"lazy\" decoding=\"async\" width=\"720\" height=\"720\" src=\"https:\/\/piedracarrascoy.es\/wp-content\/uploads\/2023\/05\/foto6-720x720.jpg\" class=\"attachment-theratio-portfolio-thumbnail-grid size-theratio-portfolio-thumbnail-grid wp-post-image\" alt=\"\" srcset=\"https:\/\/piedracarrascoy.es\/wp-content\/uploads\/2023\/05\/foto6-720x720.jpg 720w, https:\/\/piedracarrascoy.es\/wp-content\/uploads\/2023\/05\/foto6-150x150.jpg 150w\" sizes=\"(max-width: 720px) 100vw, 720px\" \/>\t\t\t<\/a>\n\t\t\t\n\t\t\t<span class=\"overlay\">\n\t\t\t\t<h5>Exterior 3<\/h5>\n\t\t\t\t<i class=\"ot-flaticon-add\"><\/i>\n\t\t\t<\/span>\n\t\t<\/div>\n\t\t<div class=\"portfolio-info\">\n\t\t\t<div class=\"portfolio-info-inner\">\n\t\t\t\t<h5><a class=\"title-link\" href=\"https:\/\/piedracarrascoy.es\/index.php\/portfolio\/exterior-3\/\" data-src=\"https:\/\/piedracarrascoy.es\/wp-content\/uploads\/2023\/05\/foto6.jpg\" data-sub-html=\"Exterior 3\">Exterior 3<\/a><\/h5>\n\t\t\t\t<p class=\"portfolio-cates\"><a href=\"https:\/\/piedracarrascoy.es\/index.php\/portfolio-category\/decoracion-exterior\/\">Decoraci\u00f3n Exterior<\/a><\/p> \n\t\t\t<\/div>\n\t\t\t<a class=\"overlay\" href=\"https:\/\/piedracarrascoy.es\/index.php\/portfolio\/exterior-3\/\"><\/a>\n\t\t<\/div>\n\t<\/div>\n<\/div>\n<div class=\"project-item category-55 \">\n\t<div class=\"projects-box\">\n\t\t<div class=\"projects-thumbnail\" data-src=\"https:\/\/piedracarrascoy.es\/wp-content\/uploads\/2023\/05\/inspiracion_encimeradegranitogris_destacada-1.jpg\" data-sub-html=\"Cocina 6\">\n\t\t\t<a href=\"https:\/\/piedracarrascoy.es\/index.php\/portfolio\/cocina-6\/\">\n\t\t\t\t<img loading=\"lazy\" decoding=\"async\" width=\"720\" height=\"720\" src=\"https:\/\/piedracarrascoy.es\/wp-content\/uploads\/2023\/05\/inspiracion_encimeradegranitogris_destacada-1-720x720.jpg\" class=\"attachment-theratio-portfolio-thumbnail-grid size-theratio-portfolio-thumbnail-grid wp-post-image\" alt=\"\" srcset=\"https:\/\/piedracarrascoy.es\/wp-content\/uploads\/2023\/05\/inspiracion_encimeradegranitogris_destacada-1-720x720.jpg 720w, https:\/\/piedracarrascoy.es\/wp-content\/uploads\/2023\/05\/inspiracion_encimeradegranitogris_destacada-1-150x150.jpg 150w\" sizes=\"(max-width: 720px) 100vw, 720px\" \/>\t\t\t<\/a>\n\t\t\t\n\t\t\t<span class=\"overlay\">\n\t\t\t\t<h5>Cocina 6<\/h5>\n\t\t\t\t<i class=\"ot-flaticon-add\"><\/i>\n\t\t\t<\/span>\n\t\t<\/div>\n\t\t<div class=\"portfolio-info\">\n\t\t\t<div class=\"portfolio-info-inner\">\n\t\t\t\t<h5><a class=\"title-link\" href=\"https:\/\/piedracarrascoy.es\/index.php\/portfolio\/cocina-6\/\" data-src=\"https:\/\/piedracarrascoy.es\/wp-content\/uploads\/2023\/05\/inspiracion_encimeradegranitogris_destacada-1.jpg\" data-sub-html=\"Cocina 6\">Cocina 6<\/a><\/h5>\n\t\t\t\t<p class=\"portfolio-cates\"><a href=\"https:\/\/piedracarrascoy.es\/index.php\/portfolio-category\/cocinas\/\">Cocinas<\/a><\/p> \n\t\t\t<\/div>\n\t\t\t<a class=\"overlay\" href=\"https:\/\/piedracarrascoy.es\/index.php\/portfolio\/cocina-6\/\"><\/a>\n\t\t<\/div>\n\t<\/div>\n<\/div>\t\t\t<\/div>\n\n\t\t\t\t    <\/div>\n\t\t\t\t\t\t\t\t\t\t\n\t    \t\t<\/div>\n\t\t\t\t<\/div>\n\t\t\t\t\t<\/div>\n\t\t<\/div>\n\t\t\t\t\t\t\t<\/div>\n\t\t<\/section>\n\t\t\t\t\t\t\t<\/div>\n\t\t","protected":false},"excerpt":{"rendered":"<p>Galeria de algunas de nuestras apliaciones TODO Cocinas Decoraci\u00f3n Exterior Ba\u00f1os Exterior 8 Exterior 8 Decoraci\u00f3n Exterior Exterior 7 Exterior 7 Decoraci\u00f3n Exterior Ba\u00f1os 2 Ba\u00f1os 2 Ba\u00f1os Ba\u00f1o 1 Ba\u00f1o 1 Ba\u00f1os Exterior 3 Exterior 3 Decoraci\u00f3n Exterior Cocina 6 Cocina 6 Cocinas<\/p>\n","protected":false},"author":1,"featured_media":0,"parent":0,"menu_order":0,"comment_status":"closed","ping_status":"closed","template":"","meta":{"footnotes":""},"yoast_head":"<!-- This site is optimized with the Yoast SEO plugin v20.8 - https:\/\/yoast.com\/wordpress\/plugins\/seo\/ -->\n<title>Galeria - Marmoles Carrascoy<\/title>\n<meta name=\"robots\" content=\"index, follow, max-snippet:-1, max-image-preview:large, max-video-preview:-1\" \/>\n<link rel=\"canonical\" href=\"https:\/\/piedracarrascoy.es\/index.php\/galeria\/\" \/>\n<meta property=\"og:locale\" content=\"es_ES\" \/>\n<meta property=\"og:type\" content=\"article\" \/>\n<meta property=\"og:title\" content=\"Galeria - Marmoles Carrascoy\" \/>\n<meta property=\"og:description\" content=\"Galeria de algunas de nuestras apliaciones TODO Cocinas Decoraci\u00f3n Exterior Ba\u00f1os Exterior 8 Exterior 8 Decoraci\u00f3n Exterior Exterior 7 Exterior 7 Decoraci\u00f3n Exterior Ba\u00f1os 2 Ba\u00f1os 2 Ba\u00f1os Ba\u00f1o 1 Ba\u00f1o 1 Ba\u00f1os Exterior 3 Exterior 3 Decoraci\u00f3n Exterior Cocina 6 Cocina 6 Cocinas\" \/>\n<meta property=\"og:url\" content=\"https:\/\/piedracarrascoy.es\/index.php\/galeria\/\" \/>\n<meta property=\"og:site_name\" content=\"Marmoles Carrascoy\" \/>\n<meta property=\"article:modified_time\" content=\"2023-06-20T10:18:03+00:00\" \/>\n<meta property=\"og:image\" content=\"https:\/\/piedracarrascoy.es\/wp-content\/uploads\/2023\/06\/DETALLE-N-1-720x720.jpg\" \/>\n<meta name=\"twitter:card\" content=\"summary_large_image\" \/>\n<meta name=\"twitter:label1\" content=\"Tiempo de lectura\" \/>\n\t<meta name=\"twitter:data1\" content=\"1 minuto\" \/>\n<script type=\"application\/ld+json\" class=\"yoast-schema-graph\">{\"@context\":\"https:\/\/schema.org\",\"@graph\":[{\"@type\":\"WebPage\",\"@id\":\"https:\/\/piedracarrascoy.es\/index.php\/galeria\/\",\"url\":\"https:\/\/piedracarrascoy.es\/index.php\/galeria\/\",\"name\":\"Galeria - Marmoles Carrascoy\",\"isPartOf\":{\"@id\":\"https:\/\/piedracarrascoy.es\/#website\"},\"datePublished\":\"2020-05-18T04:43:59+00:00\",\"dateModified\":\"2023-06-20T10:18:03+00:00\",\"breadcrumb\":{\"@id\":\"https:\/\/piedracarrascoy.es\/index.php\/galeria\/#breadcrumb\"},\"inLanguage\":\"es\",\"potentialAction\":[{\"@type\":\"ReadAction\",\"target\":[\"https:\/\/piedracarrascoy.es\/index.php\/galeria\/\"]}]},{\"@type\":\"BreadcrumbList\",\"@id\":\"https:\/\/piedracarrascoy.es\/index.php\/galeria\/#breadcrumb\",\"itemListElement\":[{\"@type\":\"ListItem\",\"position\":1,\"name\":\"Portada\",\"item\":\"https:\/\/piedracarrascoy.es\/\"},{\"@type\":\"ListItem\",\"position\":2,\"name\":\"Galeria\"}]},{\"@type\":\"WebSite\",\"@id\":\"https:\/\/piedracarrascoy.es\/#website\",\"url\":\"https:\/\/piedracarrascoy.es\/\",\"name\":\"Marmoles Carrascoy\",\"description\":\"Marmoles\",\"potentialAction\":[{\"@type\":\"SearchAction\",\"target\":{\"@type\":\"EntryPoint\",\"urlTemplate\":\"https:\/\/piedracarrascoy.es\/?s={search_term_string}\"},\"query-input\":\"required name=search_term_string\"}],\"inLanguage\":\"es\"}]}<\/script>\n<!-- \/ Yoast SEO plugin. -->","yoast_head_json":{"title":"Galeria - Marmoles Carrascoy","robots":{"index":"index","follow":"follow","max-snippet":"max-snippet:-1","max-image-preview":"max-image-preview:large","max-video-preview":"max-video-preview:-1"},"canonical":"https:\/\/piedracarrascoy.es\/index.php\/galeria\/","og_locale":"es_ES","og_type":"article","og_title":"Galeria - Marmoles Carrascoy","og_description":"Galeria de algunas de nuestras apliaciones TODO Cocinas Decoraci\u00f3n Exterior Ba\u00f1os Exterior 8 Exterior 8 Decoraci\u00f3n Exterior Exterior 7 Exterior 7 Decoraci\u00f3n Exterior Ba\u00f1os 2 Ba\u00f1os 2 Ba\u00f1os Ba\u00f1o 1 Ba\u00f1o 1 Ba\u00f1os Exterior 3 Exterior 3 Decoraci\u00f3n Exterior Cocina 6 Cocina 6 Cocinas","og_url":"https:\/\/piedracarrascoy.es\/index.php\/galeria\/","og_site_name":"Marmoles Carrascoy","article_modified_time":"2023-06-20T10:18:03+00:00","og_image":[{"url":"https:\/\/piedracarrascoy.es\/wp-content\/uploads\/2023\/06\/DETALLE-N-1-720x720.jpg"}],"twitter_card":"summary_large_image","twitter_misc":{"Tiempo de lectura":"1 minuto"},"schema":{"@context":"https:\/\/schema.org","@graph":[{"@type":"WebPage","@id":"https:\/\/piedracarrascoy.es\/index.php\/galeria\/","url":"https:\/\/piedracarrascoy.es\/index.php\/galeria\/","name":"Galeria - Marmoles Carrascoy","isPartOf":{"@id":"https:\/\/piedracarrascoy.es\/#website"},"datePublished":"2020-05-18T04:43:59+00:00","dateModified":"2023-06-20T10:18:03+00:00","breadcrumb":{"@id":"https:\/\/piedracarrascoy.es\/index.php\/galeria\/#breadcrumb"},"inLanguage":"es","potentialAction":[{"@type":"ReadAction","target":["https:\/\/piedracarrascoy.es\/index.php\/galeria\/"]}]},{"@type":"BreadcrumbList","@id":"https:\/\/piedracarrascoy.es\/index.php\/galeria\/#breadcrumb","itemListElement":[{"@type":"ListItem","position":1,"name":"Portada","item":"https:\/\/piedracarrascoy.es\/"},{"@type":"ListItem","position":2,"name":"Galeria"}]},{"@type":"WebSite","@id":"https:\/\/piedracarrascoy.es\/#website","url":"https:\/\/piedracarrascoy.es\/","name":"Marmoles Carrascoy","description":"Marmoles","potentialAction":[{"@type":"SearchAction","target":{"@type":"EntryPoint","urlTemplate":"https:\/\/piedracarrascoy.es\/?s={search_term_string}"},"query-input":"required name=search_term_string"}],"inLanguage":"es"}]}},"_links":{"self":[{"href":"https:\/\/piedracarrascoy.es\/index.php\/wp-json\/wp\/v2\/pages\/2582"}],"collection":[{"href":"https:\/\/piedracarrascoy.es\/index.php\/wp-json\/wp\/v2\/pages"}],"about":[{"href":"https:\/\/piedracarrascoy.es\/index.php\/wp-json\/wp\/v2\/types\/page"}],"author":[{"embeddable":true,"href":"https:\/\/piedracarrascoy.es\/index.php\/wp-json\/wp\/v2\/users\/1"}],"replies":[{"embeddable":true,"href":"https:\/\/piedracarrascoy.es\/index.php\/wp-json\/wp\/v2\/comments?post=2582"}],"version-history":[{"count":12,"href":"https:\/\/piedracarrascoy.es\/index.php\/wp-json\/wp\/v2\/pages\/2582\/revisions"}],"predecessor-version":[{"id":12089,"href":"https:\/\/piedracarrascoy.es\/index.php\/wp-json\/wp\/v2\/pages\/2582\/revisions\/12089"}],"wp:attachment":[{"href":"https:\/\/piedracarrascoy.es\/index.php\/wp-json\/wp\/v2\/media?parent=2582"}],"curies":[{"name":"wp","href":"https:\/\/api.w.org\/{rel}","templated":true}]}}