{"id":3985,"date":"2020-07-07T04:14:44","date_gmt":"2020-07-07T04:14:44","guid":{"rendered":"http:\/\/wpdemo.archiwp.com\/theratio\/?page_id=3985"},"modified":"2024-09-25T13:24:26","modified_gmt":"2024-09-25T13:24:26","slug":"noticias-marmoles-carracoy","status":"publish","type":"page","link":"https:\/\/piedracarrascoy.es\/index.php\/noticias-marmoles-carracoy\/","title":{"rendered":"Noticias"},"content":{"rendered":"\t\t<div data-elementor-type=\"wp-page\" data-elementor-id=\"3985\" class=\"elementor elementor-3985\">\n\t\t\t\t\t\t\t\t\t<section class=\"elementor-section elementor-top-section elementor-element elementor-element-3d510d1 elementor-section-boxed elementor-section-height-default elementor-section-height-default\" data-id=\"3d510d1\" data-element_type=\"section\" data-settings=\"{&quot;background_background&quot;:&quot;classic&quot;}\">\n\t\t\t\t\t\t<div class=\"elementor-container elementor-column-gap-default\">\n\t\t\t\t\t<div class=\"elementor-column elementor-col-100 elementor-top-column elementor-element elementor-element-a53f8c2 ot-flex-column-vertical\" data-id=\"a53f8c2\" data-element_type=\"column\" data-settings=\"{&quot;background_background&quot;:&quot;classic&quot;}\">\n\t\t\t<div class=\"elementor-widget-wrap elementor-element-populated\">\n\t\t\t\t\t\t\t\t<div class=\"elementor-element elementor-element-357e5e8 elementor-widget elementor-widget-heading\" data-id=\"357e5e8\" data-element_type=\"widget\" data-widget_type=\"heading.default\">\n\t\t\t\t<div class=\"elementor-widget-container\">\n\t\t\t<style>\/*! elementor - v3.13.3 - 28-05-2023 *\/\n.elementor-heading-title{padding:0;margin:0;line-height:1}.elementor-widget-heading .elementor-heading-title[class*=elementor-size-]>a{color:inherit;font-size:inherit;line-height:inherit}.elementor-widget-heading .elementor-heading-title.elementor-size-small{font-size:15px}.elementor-widget-heading .elementor-heading-title.elementor-size-medium{font-size:19px}.elementor-widget-heading .elementor-heading-title.elementor-size-large{font-size:29px}.elementor-widget-heading .elementor-heading-title.elementor-size-xl{font-size:39px}.elementor-widget-heading .elementor-heading-title.elementor-size-xxl{font-size:59px}<\/style><h5 class=\"elementor-heading-title elementor-size-default\">Descubre las noticias de Marmoles Carrascoy:<\/h5>\t\t<\/div>\n\t\t\t\t<\/div>\n\t\t\t\t\t<\/div>\n\t\t<\/div>\n\t\t\t\t\t\t\t<\/div>\n\t\t<\/section>\n\t\t\t\t<section class=\"elementor-section elementor-top-section elementor-element elementor-element-05b964b elementor-section-boxed elementor-section-height-default elementor-section-height-default\" data-id=\"05b964b\" data-element_type=\"section\">\n\t\t\t\t\t\t<div class=\"elementor-container elementor-column-gap-no\">\n\t\t\t\t\t<div class=\"elementor-column elementor-col-100 elementor-top-column elementor-element elementor-element-e093e53 ot-flex-column-vertical\" data-id=\"e093e53\" data-element_type=\"column\">\n\t\t\t<div class=\"elementor-widget-wrap elementor-element-populated\">\n\t\t\t\t\t\t\t\t<div class=\"elementor-element elementor-element-5ae1b83 elementor-widget elementor-widget-ipost_grid\" data-id=\"5ae1b83\" data-element_type=\"widget\" data-widget_type=\"ipost_grid.default\">\n\t\t\t\t<div class=\"elementor-widget-container\">\n\t\t\t\t\t<div class=\"blog-grid pf_2_cols v-dark\">\n        \t \n<article id=\"post-12261\" class=\"post-box masonry-post-item post-12261 post type-post status-publish format-standard hentry category-noticias\">\n\t<div class=\"post-inner\">\n\t    \t\t\t\n\t\t\t<div class=\"entry-media\">\n\t        \t<div class=\"post-cat\"><div class=\"posted-in\"><a href=\"https:\/\/piedracarrascoy.es\/index.php\/category\/noticias\/\" rel=\"category tag\">Noticias<\/a><\/div><\/div>\t        <\/div>\n\n\t    \n\t    <div class=\"inner-post\">\n\t        <div class=\"entry-header\">\n\n\t            \t            <div class=\"entry-meta\">\n\t            \t\t            <\/div><!-- .entry-meta -->\n\t            \n\t            <h4 class=\"entry-title\"><a class=\"title-link\" href=\"https:\/\/piedracarrascoy.es\/index.php\/2024\/09\/25\/plan-de-inversion-productiva-y-tecnologica-2023-2025-adquisicion-de-un-equipo-de-filtracion-extraccion-y-reciclaje-de-agua\/\" rel=\"bookmark\">Plan de Inversi\u00f3n Productiva y Tecnol\u00f3gica 2023-2025. Adquisici\u00f3n de un equipo de filtraci\u00f3n, extracci\u00f3n y reciclaje de agua.<\/a><\/h4>\n\t        <\/div><!-- .entry-header -->\n\n\t        <div class=\"entry-summary the-excerpt\">\n\n\t            <p>PROGRAMA DE APOYO A INVERSIONES PRODUCTIVAS Y TECNOLOGICAS PARA PYMES CON FORMA SOCIETARIA. PROYECTO COFINANCIADO POR EL INSTITUTO DE FOMENTO DE LA REGION DE MURCIA Y EL FONDO EUROPEO DE DESARROLLO REGIONAL (FEDER). NOMBRE DE LA OPERACI\u00d3N:\u00a0Plan de Inversi\u00f3n Productiva y Tecnol\u00f3gica 2023-2025. Adquisici\u00f3n de un equipo de\u00a0filtraci\u00f3n, extracci\u00f3n y reciclaje de agua.OBJETIVO ESPEC\u00cdFICO:\u00a0\u00a0El refuerzo [&hellip;]<\/p>\n\n\t        <\/div><!-- .entry-content -->\n\t        <div class=\"entry-footer\">\n\t        \t<a href=\"https:\/\/piedracarrascoy.es\/index.php\/2024\/09\/25\/plan-de-inversion-productiva-y-tecnologica-2023-2025-adquisicion-de-un-equipo-de-filtracion-extraccion-y-reciclaje-de-agua\/\" class=\"btn-details\"> Leer m\u00e1s<\/a>\t        <\/div>\n\t    <\/div>\n\t<\/div>\n<\/article> \n<article id=\"post-12184\" class=\"post-box masonry-post-item post-12184 post type-post status-publish format-standard has-post-thumbnail hentry category-cantera\">\n\t<div class=\"post-inner\">\n\t    \n\t        <div class=\"entry-media post-cat-abs\">\n\t            <a href=\"https:\/\/piedracarrascoy.es\/index.php\/2023\/06\/30\/adquisicion-de-maquina-lineal-automatica-cnc-programable\/\">\n\t                <img loading=\"lazy\" decoding=\"async\" width=\"687\" height=\"344\" src=\"https:\/\/piedracarrascoy.es\/wp-content\/uploads\/2023\/06\/Marmoles1.jpeg\" class=\"attachment-post-thumbnail size-post-thumbnail wp-post-image\" alt=\"\" srcset=\"https:\/\/piedracarrascoy.es\/wp-content\/uploads\/2023\/06\/Marmoles1.jpeg 687w, https:\/\/piedracarrascoy.es\/wp-content\/uploads\/2023\/06\/Marmoles1-300x150.jpeg 300w\" sizes=\"(max-width: 687px) 100vw, 687px\" \/>\t            <\/a>\n\t            <div class=\"post-cat\"><div class=\"posted-in\"><a href=\"https:\/\/piedracarrascoy.es\/index.php\/category\/cantera\/\" rel=\"category tag\">Cantera<\/a><\/div><\/div>\t        <\/div>\n\t        \n\t    \n\t    <div class=\"inner-post\">\n\t        <div class=\"entry-header\">\n\n\t            \t            <div class=\"entry-meta\">\n\t            \t\t            <\/div><!-- .entry-meta -->\n\t            \n\t            <h4 class=\"entry-title\"><a class=\"title-link\" href=\"https:\/\/piedracarrascoy.es\/index.php\/2023\/06\/30\/adquisicion-de-maquina-lineal-automatica-cnc-programable\/\" rel=\"bookmark\">Adquisici\u00f3n de m\u00e1quina lineal autom\u00e1tica CNC programable<\/a><\/h4>\n\t        <\/div><!-- .entry-header -->\n\n\t        <div class=\"entry-summary the-excerpt\">\n\n\t            <p>Una manera de hacer Europa Fondo Europeo de Desarrollo Regional PROGRAMA DE APOYO A INVERSIONES PRODUCTIVAS Y TECNOLOGICAS 2022. INSTITUTO DE FOMENTO DE LA REGION DE MURCIA. PROYECTO COFINANCIADO POR EL INSTITUTO DE LA REGION DE MURCIA Y EL FONDO EUROPEO DE DESARROLLO REGIONAL (FEDER). NOMBRE DE LA OPERACI\u00d3N:\u00a0Adquisici\u00f3n de m\u00e1quina lineal autom\u00e1tica CNC programable.OBJETIVO [&hellip;]<\/p>\n\n\t        <\/div><!-- .entry-content -->\n\t        <div class=\"entry-footer\">\n\t        \t<a href=\"https:\/\/piedracarrascoy.es\/index.php\/2023\/06\/30\/adquisicion-de-maquina-lineal-automatica-cnc-programable\/\" class=\"btn-details\"> Leer m\u00e1s<\/a>\t        <\/div>\n\t    <\/div>\n\t<\/div>\n<\/article> \n<article id=\"post-82\" class=\"post-box masonry-post-item post-82 post type-post status-publish format-standard has-post-thumbnail hentry category-cantera\">\n\t<div class=\"post-inner\">\n\t    \n\t        <div class=\"entry-media post-cat-abs\">\n\t            <a href=\"https:\/\/piedracarrascoy.es\/index.php\/2020\/03\/19\/piedras-de-nuestra-cantera\/\">\n\t                <img loading=\"lazy\" decoding=\"async\" width=\"1440\" height=\"1440\" src=\"https:\/\/piedracarrascoy.es\/wp-content\/uploads\/2020\/03\/274696337_358268422971419_773979138199918476_n.jpg\" class=\"attachment-post-thumbnail size-post-thumbnail wp-post-image\" alt=\"\" srcset=\"https:\/\/piedracarrascoy.es\/wp-content\/uploads\/2020\/03\/274696337_358268422971419_773979138199918476_n.jpg 1440w, https:\/\/piedracarrascoy.es\/wp-content\/uploads\/2020\/03\/274696337_358268422971419_773979138199918476_n-300x300.jpg 300w, https:\/\/piedracarrascoy.es\/wp-content\/uploads\/2020\/03\/274696337_358268422971419_773979138199918476_n-1024x1024.jpg 1024w, https:\/\/piedracarrascoy.es\/wp-content\/uploads\/2020\/03\/274696337_358268422971419_773979138199918476_n-150x150.jpg 150w, https:\/\/piedracarrascoy.es\/wp-content\/uploads\/2020\/03\/274696337_358268422971419_773979138199918476_n-768x768.jpg 768w, https:\/\/piedracarrascoy.es\/wp-content\/uploads\/2020\/03\/274696337_358268422971419_773979138199918476_n-720x720.jpg 720w\" sizes=\"(max-width: 1440px) 100vw, 1440px\" \/>\t            <\/a>\n\t            <div class=\"post-cat\"><div class=\"posted-in\"><a href=\"https:\/\/piedracarrascoy.es\/index.php\/category\/cantera\/\" rel=\"category tag\">Cantera<\/a><\/div><\/div>\t        <\/div>\n\t        \n\t    \n\t    <div class=\"inner-post\">\n\t        <div class=\"entry-header\">\n\n\t            \t            <div class=\"entry-meta\">\n\t            \t\t            <\/div><!-- .entry-meta -->\n\t            \n\t            <h4 class=\"entry-title\"><a class=\"title-link\" href=\"https:\/\/piedracarrascoy.es\/index.php\/2020\/03\/19\/piedras-de-nuestra-cantera\/\" rel=\"bookmark\">Piedras de nuestra cantera<\/a><\/h4>\n\t        <\/div><!-- .entry-header -->\n\n\t        <div class=\"entry-summary the-excerpt\">\n\n\t            <p>Murcia. 07\/10\/2020\u00a0 En nuestra empresa, estamos orgullosos de extraer las piedras m\u00e1s impresionantes directamente de nuestras canteras. Cada una de ellas es un tesoro \u00fanico, con una historia y una belleza propia que nos maravilla. Nuestras piedras de cantera son aut\u00e9nticas obras de arte de la naturaleza. Desde tonos terrosos y c\u00e1lidos hasta colores vibrantes [&hellip;]<\/p>\n\n\t        <\/div><!-- .entry-content -->\n\t        <div class=\"entry-footer\">\n\t        \t<a href=\"https:\/\/piedracarrascoy.es\/index.php\/2020\/03\/19\/piedras-de-nuestra-cantera\/\" class=\"btn-details\"> Leer m\u00e1s<\/a>\t        <\/div>\n\t    <\/div>\n\t<\/div>\n<\/article>\t    <\/div>\n\t    \t    \n\t\t\t\t<\/div>\n\t\t\t\t<\/div>\n\t\t\t\t\t<\/div>\n\t\t<\/div>\n\t\t\t\t\t\t\t<\/div>\n\t\t<\/section>\n\t\t\t\t\t\t\t<\/div>\n\t\t","protected":false},"excerpt":{"rendered":"<p>Descubre las noticias de Marmoles Carrascoy: Noticias Subvenci\u00f3n Concedida a M\u00e1rmoles y Piedras Carrascoy S.L. para Inversiones Productivas y Tecnol\u00f3gicas Leer m\u00e1s Cantera Adquisici\u00f3n de m\u00e1quina lineal autom\u00e1tica CNC programable Una manera de hacer EuropaFondo Europeo de Desarrollo Regional Documentaci\u00f3n a presentar para la Solicitud de Cobro de Incentivos Regionales PROGRAMA DE APOYO A INVERSIONES [&hellip;]<\/p>\n","protected":false},"author":1,"featured_media":0,"parent":0,"menu_order":0,"comment_status":"closed","ping_status":"closed","template":"","meta":{"footnotes":""},"yoast_head":"<!-- This site is optimized with the Yoast SEO plugin v20.8 - https:\/\/yoast.com\/wordpress\/plugins\/seo\/ -->\n<title>Noticias Marmoles Carrascoy<\/title>\n<meta name=\"description\" content=\"En nuestra p\u00e1gina de noticias de Marmoles Carrascoy, encontrar\u00e1s informaci\u00f3n sobre nuestros proyectos en curso, nuevos productos y mucho m\u00e1s.\" \/>\n<meta name=\"robots\" content=\"index, follow, max-snippet:-1, max-image-preview:large, max-video-preview:-1\" \/>\n<link rel=\"canonical\" href=\"https:\/\/piedracarrascoy.es\/index.php\/noticias-marmoles-carracoy\/\" \/>\n<meta property=\"og:locale\" content=\"es_ES\" \/>\n<meta property=\"og:type\" content=\"article\" \/>\n<meta property=\"og:title\" content=\"Noticias Marmoles Carrascoy\" \/>\n<meta property=\"og:description\" content=\"En nuestra p\u00e1gina de noticias de Marmoles Carrascoy, encontrar\u00e1s informaci\u00f3n sobre nuestros proyectos en curso, nuevos productos y mucho m\u00e1s.\" \/>\n<meta property=\"og:url\" content=\"https:\/\/piedracarrascoy.es\/index.php\/noticias-marmoles-carracoy\/\" \/>\n<meta property=\"og:site_name\" content=\"Marmoles Carrascoy\" \/>\n<meta property=\"article:modified_time\" content=\"2024-09-25T13:24:26+00:00\" \/>\n<meta property=\"og:image\" content=\"https:\/\/piedracarrascoy.es\/wp-content\/uploads\/2024\/09\/MARMOLES_Placa-Publicidad-Ayuda-IPRO_2023.07.IPRO_.176.png\" \/>\n<meta name=\"twitter:card\" content=\"summary_large_image\" \/>\n<meta name=\"twitter:label1\" content=\"Tiempo de lectura\" \/>\n\t<meta name=\"twitter:data1\" content=\"2 minutos\" \/>\n<script type=\"application\/ld+json\" class=\"yoast-schema-graph\">{\"@context\":\"https:\/\/schema.org\",\"@graph\":[{\"@type\":\"WebPage\",\"@id\":\"https:\/\/piedracarrascoy.es\/index.php\/noticias-marmoles-carracoy\/\",\"url\":\"https:\/\/piedracarrascoy.es\/index.php\/noticias-marmoles-carracoy\/\",\"name\":\"Noticias Marmoles Carrascoy\",\"isPartOf\":{\"@id\":\"https:\/\/piedracarrascoy.es\/#website\"},\"datePublished\":\"2020-07-07T04:14:44+00:00\",\"dateModified\":\"2024-09-25T13:24:26+00:00\",\"description\":\"En nuestra p\u00e1gina de noticias de Marmoles Carrascoy, encontrar\u00e1s informaci\u00f3n sobre nuestros proyectos en curso, nuevos productos y mucho m\u00e1s.\",\"breadcrumb\":{\"@id\":\"https:\/\/piedracarrascoy.es\/index.php\/noticias-marmoles-carracoy\/#breadcrumb\"},\"inLanguage\":\"es\",\"potentialAction\":[{\"@type\":\"ReadAction\",\"target\":[\"https:\/\/piedracarrascoy.es\/index.php\/noticias-marmoles-carracoy\/\"]}]},{\"@type\":\"BreadcrumbList\",\"@id\":\"https:\/\/piedracarrascoy.es\/index.php\/noticias-marmoles-carracoy\/#breadcrumb\",\"itemListElement\":[{\"@type\":\"ListItem\",\"position\":1,\"name\":\"Portada\",\"item\":\"https:\/\/piedracarrascoy.es\/\"},{\"@type\":\"ListItem\",\"position\":2,\"name\":\"Noticias\"}]},{\"@type\":\"WebSite\",\"@id\":\"https:\/\/piedracarrascoy.es\/#website\",\"url\":\"https:\/\/piedracarrascoy.es\/\",\"name\":\"Marmoles Carrascoy\",\"description\":\"Marmoles\",\"potentialAction\":[{\"@type\":\"SearchAction\",\"target\":{\"@type\":\"EntryPoint\",\"urlTemplate\":\"https:\/\/piedracarrascoy.es\/?s={search_term_string}\"},\"query-input\":\"required name=search_term_string\"}],\"inLanguage\":\"es\"}]}<\/script>\n<!-- \/ Yoast SEO plugin. -->","yoast_head_json":{"title":"Noticias Marmoles Carrascoy","description":"En nuestra p\u00e1gina de noticias de Marmoles Carrascoy, encontrar\u00e1s informaci\u00f3n sobre nuestros proyectos en curso, nuevos productos y mucho m\u00e1s.","robots":{"index":"index","follow":"follow","max-snippet":"max-snippet:-1","max-image-preview":"max-image-preview:large","max-video-preview":"max-video-preview:-1"},"canonical":"https:\/\/piedracarrascoy.es\/index.php\/noticias-marmoles-carracoy\/","og_locale":"es_ES","og_type":"article","og_title":"Noticias Marmoles Carrascoy","og_description":"En nuestra p\u00e1gina de noticias de Marmoles Carrascoy, encontrar\u00e1s informaci\u00f3n sobre nuestros proyectos en curso, nuevos productos y mucho m\u00e1s.","og_url":"https:\/\/piedracarrascoy.es\/index.php\/noticias-marmoles-carracoy\/","og_site_name":"Marmoles Carrascoy","article_modified_time":"2024-09-25T13:24:26+00:00","og_image":[{"url":"https:\/\/piedracarrascoy.es\/wp-content\/uploads\/2024\/09\/MARMOLES_Placa-Publicidad-Ayuda-IPRO_2023.07.IPRO_.176.png"}],"twitter_card":"summary_large_image","twitter_misc":{"Tiempo de lectura":"2 minutos"},"schema":{"@context":"https:\/\/schema.org","@graph":[{"@type":"WebPage","@id":"https:\/\/piedracarrascoy.es\/index.php\/noticias-marmoles-carracoy\/","url":"https:\/\/piedracarrascoy.es\/index.php\/noticias-marmoles-carracoy\/","name":"Noticias Marmoles Carrascoy","isPartOf":{"@id":"https:\/\/piedracarrascoy.es\/#website"},"datePublished":"2020-07-07T04:14:44+00:00","dateModified":"2024-09-25T13:24:26+00:00","description":"En nuestra p\u00e1gina de noticias de Marmoles Carrascoy, encontrar\u00e1s informaci\u00f3n sobre nuestros proyectos en curso, nuevos productos y mucho m\u00e1s.","breadcrumb":{"@id":"https:\/\/piedracarrascoy.es\/index.php\/noticias-marmoles-carracoy\/#breadcrumb"},"inLanguage":"es","potentialAction":[{"@type":"ReadAction","target":["https:\/\/piedracarrascoy.es\/index.php\/noticias-marmoles-carracoy\/"]}]},{"@type":"BreadcrumbList","@id":"https:\/\/piedracarrascoy.es\/index.php\/noticias-marmoles-carracoy\/#breadcrumb","itemListElement":[{"@type":"ListItem","position":1,"name":"Portada","item":"https:\/\/piedracarrascoy.es\/"},{"@type":"ListItem","position":2,"name":"Noticias"}]},{"@type":"WebSite","@id":"https:\/\/piedracarrascoy.es\/#website","url":"https:\/\/piedracarrascoy.es\/","name":"Marmoles Carrascoy","description":"Marmoles","potentialAction":[{"@type":"SearchAction","target":{"@type":"EntryPoint","urlTemplate":"https:\/\/piedracarrascoy.es\/?s={search_term_string}"},"query-input":"required name=search_term_string"}],"inLanguage":"es"}]}},"_links":{"self":[{"href":"https:\/\/piedracarrascoy.es\/index.php\/wp-json\/wp\/v2\/pages\/3985"}],"collection":[{"href":"https:\/\/piedracarrascoy.es\/index.php\/wp-json\/wp\/v2\/pages"}],"about":[{"href":"https:\/\/piedracarrascoy.es\/index.php\/wp-json\/wp\/v2\/types\/page"}],"author":[{"embeddable":true,"href":"https:\/\/piedracarrascoy.es\/index.php\/wp-json\/wp\/v2\/users\/1"}],"replies":[{"embeddable":true,"href":"https:\/\/piedracarrascoy.es\/index.php\/wp-json\/wp\/v2\/comments?post=3985"}],"version-history":[{"count":33,"href":"https:\/\/piedracarrascoy.es\/index.php\/wp-json\/wp\/v2\/pages\/3985\/revisions"}],"predecessor-version":[{"id":12268,"href":"https:\/\/piedracarrascoy.es\/index.php\/wp-json\/wp\/v2\/pages\/3985\/revisions\/12268"}],"wp:attachment":[{"href":"https:\/\/piedracarrascoy.es\/index.php\/wp-json\/wp\/v2\/media?parent=3985"}],"curies":[{"name":"wp","href":"https:\/\/api.w.org\/{rel}","templated":true}]}}