{"id":4545,"date":"2020-05-15T11:00:01","date_gmt":"2020-05-15T11:00:01","guid":{"rendered":"http:\/\/localhost\/theratio\/?page_id=2539"},"modified":"2023-06-01T07:46:56","modified_gmt":"2023-06-01T07:46:56","slug":"diseno-exterior","status":"publish","type":"page","link":"https:\/\/piedracarrascoy.es\/index.php\/nuestros-servicios-piedra\/diseno-exterior\/","title":{"rendered":"Dise\u00f1o Exterior"},"content":{"rendered":"\t\t<div data-elementor-type=\"wp-page\" data-elementor-id=\"4545\" class=\"elementor elementor-4545\">\n\t\t\t\t\t\t\t\t\t<section class=\"elementor-section elementor-top-section elementor-element elementor-element-c2960ff elementor-section-height-min-height elementor-section-boxed elementor-section-height-default elementor-section-items-middle\" data-id=\"c2960ff\" data-element_type=\"section\" data-settings=\"{&quot;background_background&quot;:&quot;classic&quot;}\">\n\t\t\t\t\t\t<div class=\"elementor-container elementor-column-gap-default\">\n\t\t\t\t\t<div class=\"elementor-column elementor-col-100 elementor-top-column elementor-element elementor-element-0cacd77 ot-flex-column-vertical\" data-id=\"0cacd77\" data-element_type=\"column\">\n\t\t\t<div class=\"elementor-widget-wrap elementor-element-populated\">\n\t\t\t\t\t\t\t\t<div class=\"elementor-element elementor-element-adef8bb theratio-align-center elementor-widget elementor-widget-iheading\" data-id=\"adef8bb\" data-element_type=\"widget\" data-widget_type=\"iheading.default\">\n\t\t\t\t<div class=\"elementor-widget-container\">\n\t\t\t\t\t<div class=\"ot-heading \">\n\t        \t        <h2 class=\"main-heading\">DISE\u00d1O EXTERIOR<\/h2>\n\t        \t    <\/div>\n\t    \t\t<\/div>\n\t\t\t\t<\/div>\n\t\t\t\t\t<\/div>\n\t\t<\/div>\n\t\t\t\t\t\t\t<\/div>\n\t\t<\/section>\n\t\t\t\t<section class=\"elementor-section elementor-top-section elementor-element elementor-element-4680d83 elementor-section-boxed elementor-section-height-default elementor-section-height-default\" data-id=\"4680d83\" data-element_type=\"section\">\n\t\t\t\t\t\t<div class=\"elementor-container elementor-column-gap-extended\">\n\t\t\t\t\t<div class=\"elementor-column elementor-col-100 elementor-top-column elementor-element elementor-element-ce47c48 ot-flex-column-vertical\" data-id=\"ce47c48\" data-element_type=\"column\">\n\t\t\t<div class=\"elementor-widget-wrap elementor-element-populated\">\n\t\t\t\t\t\t\t\t<div class=\"elementor-element elementor-element-9c19471 theratio-align-center elementor-widget elementor-widget-iheading\" data-id=\"9c19471\" data-element_type=\"widget\" data-widget_type=\"iheading.default\">\n\t\t\t\t<div class=\"elementor-widget-container\">\n\t\t\t\t\t<div class=\"ot-heading \">\n\t        \t            <span>[ QUE OFRECEMOS ]<\/span>\n\t        \t        <h2 class=\"main-heading\">M\u00e1rmoles de Primera Calidad para tu Dise\u00f1o Exterior<\/h2>\n\t        \t    <\/div>\n\t    \t\t<\/div>\n\t\t\t\t<\/div>\n\t\t\t\t<section class=\"elementor-section elementor-inner-section elementor-element elementor-element-c1d4586 elementor-section-content-space-around elementor-section-boxed elementor-section-height-default elementor-section-height-default\" data-id=\"c1d4586\" data-element_type=\"section\">\n\t\t\t\t\t\t<div class=\"elementor-container elementor-column-gap-narrow\">\n\t\t\t\t\t<div class=\"elementor-column elementor-col-50 elementor-inner-column elementor-element elementor-element-68e6619 ot-flex-column-vertical\" data-id=\"68e6619\" data-element_type=\"column\">\n\t\t\t<div class=\"elementor-widget-wrap elementor-element-populated\">\n\t\t\t\t\t\t\t\t<div class=\"elementor-element elementor-element-9326ad9 elementor-widget elementor-widget-icounter\" data-id=\"9326ad9\" data-element_type=\"widget\" data-widget_type=\"icounter.default\">\n\t\t\t\t<div class=\"elementor-widget-container\">\n\t\t\t    \t<div class=\"ot-counter\" data-counter=\"200\">\n        \t<div>\n        \t\t<span>[+<\/span>\n        \t\t<span class=\"num\" data-to=\"200\" data-time= \"4000\"><\/span>\n        \t\t<span>m<sup>2<\/sup>]<\/span>\n        \t<\/div>\n        \t<h6>Pared construida<\/h6>      \t\t\t\t        \n\t    <\/div>\n\t    \t\t<\/div>\n\t\t\t\t<\/div>\n\t\t\t\t\t<\/div>\n\t\t<\/div>\n\t\t\t\t<div class=\"elementor-column elementor-col-50 elementor-inner-column elementor-element elementor-element-b8b9e3e ot-flex-column-vertical\" data-id=\"b8b9e3e\" data-element_type=\"column\">\n\t\t\t<div class=\"elementor-widget-wrap elementor-element-populated\">\n\t\t\t\t\t\t\t\t<div class=\"elementor-element elementor-element-9e6de80 elementor-widget elementor-widget-icounter\" data-id=\"9e6de80\" data-element_type=\"widget\" data-widget_type=\"icounter.default\">\n\t\t\t\t<div class=\"elementor-widget-container\">\n\t\t\t    \t<div class=\"ot-counter\" data-counter=\"1200\">\n        \t<div>\n        \t\t<span>[+<\/span>\n        \t\t<span class=\"num\" data-to=\"1200\" data-time= \"4000\"><\/span>\n        \t\t<span>m<sup>2<\/sup>]<\/span>\n        \t<\/div>\n        \t<h6>Current Clients<\/h6>      \t\t\t\t        \n\t    <\/div>\n\t    \t\t<\/div>\n\t\t\t\t<\/div>\n\t\t\t\t\t<\/div>\n\t\t<\/div>\n\t\t\t\t\t\t\t<\/div>\n\t\t<\/section>\n\t\t\t\t<div class=\"elementor-element elementor-element-6e38ca7 elementor-widget elementor-widget-text-editor\" data-id=\"6e38ca7\" data-element_type=\"widget\" data-widget_type=\"text-editor.default\">\n\t\t\t\t<div class=\"elementor-widget-container\">\n\t\t\t<style>\/*! elementor - v3.13.3 - 28-05-2023 *\/\n.elementor-widget-text-editor.elementor-drop-cap-view-stacked .elementor-drop-cap{background-color:#69727d;color:#fff}.elementor-widget-text-editor.elementor-drop-cap-view-framed .elementor-drop-cap{color:#69727d;border:3px solid;background-color:transparent}.elementor-widget-text-editor:not(.elementor-drop-cap-view-default) .elementor-drop-cap{margin-top:8px}.elementor-widget-text-editor:not(.elementor-drop-cap-view-default) .elementor-drop-cap-letter{width:1em;height:1em}.elementor-widget-text-editor .elementor-drop-cap{float:left;text-align:center;line-height:1;font-size:50px}.elementor-widget-text-editor .elementor-drop-cap-letter{display:inline-block}<\/style>\t\t\t\t<p>En M\u00e1rmoles Carrascoy, sabemos que cada espacio exterior es \u00fanico y merece un toque de distinci\u00f3n que lo haga destacar. Es por eso que te ofrecemos una amplia variedad de m\u00e1rmoles de la m\u00e1s alta calidad para transformar tus \u00e1reas exteriores en verdaderos oasis de elegancia y estilo.<\/p><p>Ya sea que desees revestir una fachada, crear una impresionante \u00e1rea de piscina o embellecer un jard\u00edn, nuestros marmoles ofrecen una durabilidad excepcional y resistencia a los elementos, garantizando su belleza y funcionalidad a lo largo del tiempo. Adem\u00e1s, su bajo mantenimiento los convierte en la elecci\u00f3n perfecta para aquellos que buscan una soluci\u00f3n duradera y de f\u00e1cil cuidado.<\/p>\t\t\t\t\t\t<\/div>\n\t\t\t\t<\/div>\n\t\t\t\t<section class=\"elementor-section elementor-inner-section elementor-element elementor-element-e083177 elementor-section-boxed elementor-section-height-default elementor-section-height-default\" data-id=\"e083177\" data-element_type=\"section\">\n\t\t\t\t\t\t<div class=\"elementor-container elementor-column-gap-default\">\n\t\t\t\t\t<div class=\"elementor-column elementor-col-50 elementor-inner-column elementor-element elementor-element-ac27a08 ot-flex-column-vertical\" data-id=\"ac27a08\" data-element_type=\"column\">\n\t\t\t<div class=\"elementor-widget-wrap elementor-element-populated\">\n\t\t\t\t\t\t\t\t<div class=\"elementor-element elementor-element-6a93a83 elementor-widget elementor-widget-image\" data-id=\"6a93a83\" data-element_type=\"widget\" data-widget_type=\"image.default\">\n\t\t\t\t<div class=\"elementor-widget-container\">\n\t\t\t<style>\/*! elementor - v3.13.3 - 28-05-2023 *\/\n.elementor-widget-image{text-align:center}.elementor-widget-image a{display:inline-block}.elementor-widget-image a img[src$=\".svg\"]{width:48px}.elementor-widget-image img{vertical-align:middle;display:inline-block}<\/style>\t\t\t\t\t\t\t\t\t\t\t\t<img loading=\"lazy\" decoding=\"async\" width=\"736\" height=\"735\" src=\"https:\/\/piedracarrascoy.es\/wp-content\/uploads\/2023\/05\/galeria-inicial-5.jpg\" class=\"attachment-full size-full wp-image-11300\" alt=\"\" srcset=\"https:\/\/piedracarrascoy.es\/wp-content\/uploads\/2023\/05\/galeria-inicial-5.jpg 736w, https:\/\/piedracarrascoy.es\/wp-content\/uploads\/2023\/05\/galeria-inicial-5-300x300.jpg 300w, https:\/\/piedracarrascoy.es\/wp-content\/uploads\/2023\/05\/galeria-inicial-5-150x150.jpg 150w, https:\/\/piedracarrascoy.es\/wp-content\/uploads\/2023\/05\/galeria-inicial-5-720x720.jpg 720w, https:\/\/piedracarrascoy.es\/wp-content\/uploads\/2023\/05\/elementor\/thumbs\/galeria-inicial-5-q6z7uad4fzsr39x3htigttt83ck03j2s8qgad66nwo.jpg 500w\" sizes=\"(max-width: 736px) 100vw, 736px\" \/>\t\t\t\t\t\t\t\t\t\t\t\t\t\t\t<\/div>\n\t\t\t\t<\/div>\n\t\t\t\t\t<\/div>\n\t\t<\/div>\n\t\t\t\t<div class=\"elementor-column elementor-col-50 elementor-inner-column elementor-element elementor-element-88a924b ot-flex-column-vertical\" data-id=\"88a924b\" data-element_type=\"column\">\n\t\t\t<div class=\"elementor-widget-wrap elementor-element-populated\">\n\t\t\t\t\t\t\t\t<div class=\"elementor-element elementor-element-20007b1 elementor-widget elementor-widget-image\" data-id=\"20007b1\" data-element_type=\"widget\" data-widget_type=\"image.default\">\n\t\t\t\t<div class=\"elementor-widget-container\">\n\t\t\t\t\t\t\t\t\t\t\t\t\t\t\t<img loading=\"lazy\" decoding=\"async\" width=\"736\" height=\"735\" src=\"https:\/\/piedracarrascoy.es\/wp-content\/uploads\/2023\/05\/galeria-inicial-5.jpg\" class=\"attachment-full size-full wp-image-11300\" alt=\"\" srcset=\"https:\/\/piedracarrascoy.es\/wp-content\/uploads\/2023\/05\/galeria-inicial-5.jpg 736w, https:\/\/piedracarrascoy.es\/wp-content\/uploads\/2023\/05\/galeria-inicial-5-300x300.jpg 300w, https:\/\/piedracarrascoy.es\/wp-content\/uploads\/2023\/05\/galeria-inicial-5-150x150.jpg 150w, https:\/\/piedracarrascoy.es\/wp-content\/uploads\/2023\/05\/galeria-inicial-5-720x720.jpg 720w, https:\/\/piedracarrascoy.es\/wp-content\/uploads\/2023\/05\/elementor\/thumbs\/galeria-inicial-5-q6z7uad4fzsr39x3htigttt83ck03j2s8qgad66nwo.jpg 500w\" sizes=\"(max-width: 736px) 100vw, 736px\" \/>\t\t\t\t\t\t\t\t\t\t\t\t\t\t\t<\/div>\n\t\t\t\t<\/div>\n\t\t\t\t\t<\/div>\n\t\t<\/div>\n\t\t\t\t\t\t\t<\/div>\n\t\t<\/section>\n\t\t\t\t<div class=\"elementor-element elementor-element-9dba111 elementor-widget elementor-widget-text-editor\" data-id=\"9dba111\" data-element_type=\"widget\" data-widget_type=\"text-editor.default\">\n\t\t\t\t<div class=\"elementor-widget-container\">\n\t\t\t\t\t\t\t<p>En Piedra Carrascoy, no solo ofrecemos una amplia selecci\u00f3n de marmoles de primera calidad, sino que tambi\u00e9n contamos con un equipo de expertos en dise\u00f1o y asesoramiento. Nuestros profesionales altamente capacitados estar\u00e1n encantados de guiarte a trav\u00e9s de todo el proceso, desde la selecci\u00f3n de los m\u00e1rmoles m\u00e1s adecuados hasta la instalaci\u00f3n impecable en tu espacio exterior.<\/p><p>Con nuestros marmoles de dise\u00f1o exterior, podr\u00e1s crear una atm\u00f3sfera \u00fanica y exclusiva que refleje tu estilo personal y resalte la belleza natural de tu entorno. No importa si tu proyecto es grande o peque\u00f1o, en Piedra Carrascoy nos comprometemos a brindarte un servicio excepcional y productos de la m\u00e1s alta calidad para hacer realidad tus sue\u00f1os de dise\u00f1o exterior.<\/p>\t\t\t\t\t\t<\/div>\n\t\t\t\t<\/div>\n\t\t\t\t\t<\/div>\n\t\t<\/div>\n\t\t\t\t\t\t\t<\/div>\n\t\t<\/section>\n\t\t\t\t\t\t\t<\/div>\n\t\t","protected":false},"excerpt":{"rendered":"<p>DISE\u00d1O EXTERIOR [ QUE OFRECEMOS ] M\u00e1rmoles de Primera Calidad para tu Dise\u00f1o Exterior [+ m2] Pared construida [+ m2] Current Clients En M\u00e1rmoles Carrascoy, sabemos que cada espacio exterior es \u00fanico y merece un toque de distinci\u00f3n que lo haga destacar. Es por eso que te ofrecemos una amplia variedad de m\u00e1rmoles de la [&hellip;]<\/p>\n","protected":false},"author":1,"featured_media":0,"parent":2405,"menu_order":0,"comment_status":"closed","ping_status":"closed","template":"","meta":{"footnotes":""},"yoast_head":"<!-- This site is optimized with the Yoast SEO plugin v20.8 - https:\/\/yoast.com\/wordpress\/plugins\/seo\/ -->\n<title>Dise\u00f1o Exterior - Marmoles Carrascoy<\/title>\n<meta name=\"robots\" content=\"index, follow, max-snippet:-1, max-image-preview:large, max-video-preview:-1\" \/>\n<link rel=\"canonical\" href=\"https:\/\/piedracarrascoy.es\/index.php\/nuestros-servicios-piedra\/diseno-exterior\/\" \/>\n<meta property=\"og:locale\" content=\"es_ES\" \/>\n<meta property=\"og:type\" content=\"article\" \/>\n<meta property=\"og:title\" content=\"Dise\u00f1o Exterior - Marmoles Carrascoy\" \/>\n<meta property=\"og:description\" content=\"DISE\u00d1O EXTERIOR [ QUE OFRECEMOS ] M\u00e1rmoles de Primera Calidad para tu Dise\u00f1o Exterior [+ m2] Pared construida [+ m2] Current Clients En M\u00e1rmoles Carrascoy, sabemos que cada espacio exterior es \u00fanico y merece un toque de distinci\u00f3n que lo haga destacar. Es por eso que te ofrecemos una amplia variedad de m\u00e1rmoles de la [&hellip;]\" \/>\n<meta property=\"og:url\" content=\"https:\/\/piedracarrascoy.es\/index.php\/nuestros-servicios-piedra\/diseno-exterior\/\" \/>\n<meta property=\"og:site_name\" content=\"Marmoles Carrascoy\" \/>\n<meta property=\"article:modified_time\" content=\"2023-06-01T07:46:56+00:00\" \/>\n<meta property=\"og:image\" content=\"https:\/\/piedracarrascoy.es\/wp-content\/uploads\/2023\/05\/galeria-inicial-5.jpg\" \/>\n<meta name=\"twitter:card\" content=\"summary_large_image\" \/>\n<meta name=\"twitter:label1\" content=\"Tiempo de lectura\" \/>\n\t<meta name=\"twitter:data1\" content=\"2 minutos\" \/>\n<script type=\"application\/ld+json\" class=\"yoast-schema-graph\">{\"@context\":\"https:\/\/schema.org\",\"@graph\":[{\"@type\":\"WebPage\",\"@id\":\"https:\/\/piedracarrascoy.es\/index.php\/nuestros-servicios-piedra\/diseno-exterior\/\",\"url\":\"https:\/\/piedracarrascoy.es\/index.php\/nuestros-servicios-piedra\/diseno-exterior\/\",\"name\":\"Dise\u00f1o Exterior - Marmoles Carrascoy\",\"isPartOf\":{\"@id\":\"https:\/\/piedracarrascoy.es\/#website\"},\"datePublished\":\"2020-05-15T11:00:01+00:00\",\"dateModified\":\"2023-06-01T07:46:56+00:00\",\"breadcrumb\":{\"@id\":\"https:\/\/piedracarrascoy.es\/index.php\/nuestros-servicios-piedra\/diseno-exterior\/#breadcrumb\"},\"inLanguage\":\"es\",\"potentialAction\":[{\"@type\":\"ReadAction\",\"target\":[\"https:\/\/piedracarrascoy.es\/index.php\/nuestros-servicios-piedra\/diseno-exterior\/\"]}]},{\"@type\":\"BreadcrumbList\",\"@id\":\"https:\/\/piedracarrascoy.es\/index.php\/nuestros-servicios-piedra\/diseno-exterior\/#breadcrumb\",\"itemListElement\":[{\"@type\":\"ListItem\",\"position\":1,\"name\":\"Portada\",\"item\":\"https:\/\/piedracarrascoy.es\/\"},{\"@type\":\"ListItem\",\"position\":2,\"name\":\"Nuestros Servicios\",\"item\":\"https:\/\/piedracarrascoy.es\/index.php\/nuestros-servicios-piedra\/\"},{\"@type\":\"ListItem\",\"position\":3,\"name\":\"Dise\u00f1o Exterior\"}]},{\"@type\":\"WebSite\",\"@id\":\"https:\/\/piedracarrascoy.es\/#website\",\"url\":\"https:\/\/piedracarrascoy.es\/\",\"name\":\"Marmoles Carrascoy\",\"description\":\"Marmoles\",\"potentialAction\":[{\"@type\":\"SearchAction\",\"target\":{\"@type\":\"EntryPoint\",\"urlTemplate\":\"https:\/\/piedracarrascoy.es\/?s={search_term_string}\"},\"query-input\":\"required name=search_term_string\"}],\"inLanguage\":\"es\"}]}<\/script>\n<!-- \/ Yoast SEO plugin. -->","yoast_head_json":{"title":"Dise\u00f1o Exterior - Marmoles Carrascoy","robots":{"index":"index","follow":"follow","max-snippet":"max-snippet:-1","max-image-preview":"max-image-preview:large","max-video-preview":"max-video-preview:-1"},"canonical":"https:\/\/piedracarrascoy.es\/index.php\/nuestros-servicios-piedra\/diseno-exterior\/","og_locale":"es_ES","og_type":"article","og_title":"Dise\u00f1o Exterior - Marmoles Carrascoy","og_description":"DISE\u00d1O EXTERIOR [ QUE OFRECEMOS ] M\u00e1rmoles de Primera Calidad para tu Dise\u00f1o Exterior [+ m2] Pared construida [+ m2] Current Clients En M\u00e1rmoles Carrascoy, sabemos que cada espacio exterior es \u00fanico y merece un toque de distinci\u00f3n que lo haga destacar. Es por eso que te ofrecemos una amplia variedad de m\u00e1rmoles de la [&hellip;]","og_url":"https:\/\/piedracarrascoy.es\/index.php\/nuestros-servicios-piedra\/diseno-exterior\/","og_site_name":"Marmoles Carrascoy","article_modified_time":"2023-06-01T07:46:56+00:00","og_image":[{"url":"https:\/\/piedracarrascoy.es\/wp-content\/uploads\/2023\/05\/galeria-inicial-5.jpg"}],"twitter_card":"summary_large_image","twitter_misc":{"Tiempo de lectura":"2 minutos"},"schema":{"@context":"https:\/\/schema.org","@graph":[{"@type":"WebPage","@id":"https:\/\/piedracarrascoy.es\/index.php\/nuestros-servicios-piedra\/diseno-exterior\/","url":"https:\/\/piedracarrascoy.es\/index.php\/nuestros-servicios-piedra\/diseno-exterior\/","name":"Dise\u00f1o Exterior - Marmoles Carrascoy","isPartOf":{"@id":"https:\/\/piedracarrascoy.es\/#website"},"datePublished":"2020-05-15T11:00:01+00:00","dateModified":"2023-06-01T07:46:56+00:00","breadcrumb":{"@id":"https:\/\/piedracarrascoy.es\/index.php\/nuestros-servicios-piedra\/diseno-exterior\/#breadcrumb"},"inLanguage":"es","potentialAction":[{"@type":"ReadAction","target":["https:\/\/piedracarrascoy.es\/index.php\/nuestros-servicios-piedra\/diseno-exterior\/"]}]},{"@type":"BreadcrumbList","@id":"https:\/\/piedracarrascoy.es\/index.php\/nuestros-servicios-piedra\/diseno-exterior\/#breadcrumb","itemListElement":[{"@type":"ListItem","position":1,"name":"Portada","item":"https:\/\/piedracarrascoy.es\/"},{"@type":"ListItem","position":2,"name":"Nuestros Servicios","item":"https:\/\/piedracarrascoy.es\/index.php\/nuestros-servicios-piedra\/"},{"@type":"ListItem","position":3,"name":"Dise\u00f1o Exterior"}]},{"@type":"WebSite","@id":"https:\/\/piedracarrascoy.es\/#website","url":"https:\/\/piedracarrascoy.es\/","name":"Marmoles Carrascoy","description":"Marmoles","potentialAction":[{"@type":"SearchAction","target":{"@type":"EntryPoint","urlTemplate":"https:\/\/piedracarrascoy.es\/?s={search_term_string}"},"query-input":"required name=search_term_string"}],"inLanguage":"es"}]}},"_links":{"self":[{"href":"https:\/\/piedracarrascoy.es\/index.php\/wp-json\/wp\/v2\/pages\/4545"}],"collection":[{"href":"https:\/\/piedracarrascoy.es\/index.php\/wp-json\/wp\/v2\/pages"}],"about":[{"href":"https:\/\/piedracarrascoy.es\/index.php\/wp-json\/wp\/v2\/types\/page"}],"author":[{"embeddable":true,"href":"https:\/\/piedracarrascoy.es\/index.php\/wp-json\/wp\/v2\/users\/1"}],"replies":[{"embeddable":true,"href":"https:\/\/piedracarrascoy.es\/index.php\/wp-json\/wp\/v2\/comments?post=4545"}],"version-history":[{"count":9,"href":"https:\/\/piedracarrascoy.es\/index.php\/wp-json\/wp\/v2\/pages\/4545\/revisions"}],"predecessor-version":[{"id":11893,"href":"https:\/\/piedracarrascoy.es\/index.php\/wp-json\/wp\/v2\/pages\/4545\/revisions\/11893"}],"up":[{"embeddable":true,"href":"https:\/\/piedracarrascoy.es\/index.php\/wp-json\/wp\/v2\/pages\/2405"}],"wp:attachment":[{"href":"https:\/\/piedracarrascoy.es\/index.php\/wp-json\/wp\/v2\/media?parent=4545"}],"curies":[{"name":"wp","href":"https:\/\/api.w.org\/{rel}","templated":true}]}}